{"id":97,"date":"2017-04-04T16:01:41","date_gmt":"2017-04-04T14:01:41","guid":{"rendered":"http:\/\/your-its.eu\/website\/?page_id=97"},"modified":"2018-08-14T10:56:01","modified_gmt":"2018-08-14T08:56:01","slug":"leistungen","status":"publish","type":"page","link":"https:\/\/www.your-its.de\/website\/leistungen\/","title":{"rendered":"Leistungen"},"content":{"rendered":"<div id=\"pl-97\"  class=\"panel-layout\" ><div id=\"pg-97-0\"  class=\"panel-grid panel-no-style\" ><div id=\"pgc-97-0-0\"  class=\"panel-grid-cell\" ><div id=\"panel-97-0-0-0\" class=\"so-panel widget widget_sow-editor panel-first-child panel-last-child\" data-index=\"0\" ><div\n\t\t\t\n\t\t\tclass=\"so-widget-sow-editor so-widget-sow-editor-base\"\n\t\t\t\n\t\t><h3 class=\"widget-title\">Wir m\u00f6gen IT-Projekte vom Anfang bis zum Ende.<\/h3>\n<div class=\"siteorigin-widget-tinymce textwidget\">\n\t<p>Seit \u00fcber 20 Jahren managen wir IT-Projekte ganzheitlich, das hei\u00dft f\u00fcr uns \"end-to-end\".<br \/>\nSo garantieren wir unseren Kunden Qualit\u00e4t mit System.<\/p>\n<\/div>\n<\/div><\/div><\/div><\/div><div id=\"pg-97-1\"  class=\"panel-grid panel-no-style\" ><div id=\"pgc-97-1-0\"  class=\"panel-grid-cell\" ><div id=\"panel-97-1-0-0\" class=\"so-panel widget widget_sow-features panel-first-child panel-last-child\" data-index=\"1\" ><div\n\t\t\t\n\t\t\tclass=\"so-widget-sow-features so-widget-sow-features-default-11ac3163ad3b-97\"\n\t\t\t\n\t\t><ul\n\tclass=\"sow-features-list\n\tsow-features-responsive\">\n\n\t\t\t<li\n\t\t\tclass=\"sow-features-feature sow-icon-container-position-top\"\n\t\t\tstyle=\"display: flex; flex-direction: column; width: calc(33.333% - 25px);\"\n\t\t>\n\t\t\t\n\t\t\t\t\t\t<a\t\t\t\tclass=\"sow-icon-container sow-container-round\"\n\t\t\t\tstyle=\"color: #ffffff; \"\n\t\t\t\t\n\t\t\t\t\t\t\t\t\thref=\"https:\/\/www.your-its.de\/website\/leistungen\/consulting\/\"\n\t\t\t\t\t\t\t\t>\n\t\t\t\t<span class=\"sow-icon-fontawesome sow-fas\" data-sow-icon=\"&#xf140;\"\n\t\tstyle=\"font-size: 40px; color: #008694\" \n\t\taria-hidden=\"true\"><\/span>\t\t\t<\/a>\n\n\t\t\t<div class=\"textwidget\">\n\t\t\t\t\n\t\t\t\t\t\t\t\t\t<h5 class=\"sow-features-feature-title\">\n\t\t\t\t\t\t\t\t\t\t\t\t\t<a\n\t\t\t\t\t\t\t\thref=\"https:\/\/www.your-its.de\/website\/leistungen\/consulting\/\"\n\t\t\t\t\t\t\t\t\t\t\t\t\t\t\t>\n\t\t\t\t\t\t\tConsulting\t\t\t\t\t\t\t<\/a>\n\t\t\t\t\t\t\t\t\t\t\t\t<\/h5>\n\t\t\t\t\n\t\t\t\t\t\t\t\t\t<div class=\"sow-features-feature-text\">\n\t\t\t\t\t<p style=\"text-align: left\"><strong>Wir analysieren, spezifizieren und beraten.<\/strong><\/p>\n\n<ul>\n \t<li style=\"text-align: left\">Prozessberatung<\/li>\n \t<li style=\"text-align: left\">L\u00f6sungsdesign<\/li>\n \t<li style=\"text-align: left\">Informationsmanagement<\/li>\n \t<li style=\"text-align: left\">Datensicherheit<\/li>\n<\/ul>\t\t\t\t\t<\/div>\n\t\t\t\t\t\t\t\t<\/div>\n\t\t\t\t\t\t\t\t<\/li>\n\n\t\t\t<li\n\t\t\tclass=\"sow-features-feature sow-icon-container-position-top\"\n\t\t\tstyle=\"display: flex; flex-direction: column; width: calc(33.333% - 25px);\"\n\t\t>\n\t\t\t\n\t\t\t\t\t\t<a\t\t\t\tclass=\"sow-icon-container sow-container-round\"\n\t\t\t\tstyle=\"color: #ffffff; \"\n\t\t\t\t\n\t\t\t\t\t\t\t\t\thref=\"https:\/\/www.your-its.de\/website\/leistungen\/de-technologie\/\"\n\t\t\t\t\t\t\t\t>\n\t\t\t\t<span class=\"sow-icon-fontawesome sow-far\" data-sow-icon=\"&#xf0eb;\"\n\t\tstyle=\"font-size: 40px; color: #008694\" \n\t\taria-hidden=\"true\"><\/span>\t\t\t<\/a>\n\n\t\t\t<div class=\"textwidget\">\n\t\t\t\t\n\t\t\t\t\t\t\t\t\t<h5 class=\"sow-features-feature-title\">\n\t\t\t\t\t\t\t\t\t\t\t\t\t<a\n\t\t\t\t\t\t\t\thref=\"https:\/\/www.your-its.de\/website\/leistungen\/de-technologie\/\"\n\t\t\t\t\t\t\t\t\t\t\t\t\t\t\t>\n\t\t\t\t\t\t\tTechnologie\t\t\t\t\t\t\t<\/a>\n\t\t\t\t\t\t\t\t\t\t\t\t<\/h5>\n\t\t\t\t\n\t\t\t\t\t\t\t\t\t<div class=\"sow-features-feature-text\">\n\t\t\t\t\t<p style=\"text-align: left\"><strong>Wir testen und entwickeln.<\/strong><\/p>\n<ul>\n<li style=\"text-align: left\">Qualit\u00e4tsmanagement<\/li>\n<li style=\"text-align: left\">Entwicklung<\/li>\n<li style=\"text-align: left\">Programmierung<\/li>\n<li style=\"text-align: left\">Produkte<\/li>\n<\/ul>\n\t\t\t\t\t<\/div>\n\t\t\t\t\t\t\t\t<\/div>\n\t\t\t\t\t\t\t\t<\/li>\n\n\t\t\t<li\n\t\t\tclass=\"sow-features-feature sow-icon-container-position-top\"\n\t\t\tstyle=\"display: flex; flex-direction: column; width: calc(33.333% - 25px);\"\n\t\t>\n\t\t\t\n\t\t\t\t\t\t<a\t\t\t\tclass=\"sow-icon-container sow-container-round\"\n\t\t\t\tstyle=\"color: #ffffff; \"\n\t\t\t\t\n\t\t\t\t\t\t\t\t\thref=\"https:\/\/www.your-its.de\/website\/leistungen\/de-service\/\"\n\t\t\t\t\t\t\t\t>\n\t\t\t\t<span class=\"sow-icon-fontawesome sow-fas\" data-sow-icon=\"&#xf06e;\"\n\t\tstyle=\"font-size: 40px; color: #008694\" \n\t\taria-hidden=\"true\"><\/span>\t\t\t<\/a>\n\n\t\t\t<div class=\"textwidget\">\n\t\t\t\t\n\t\t\t\t\t\t\t\t\t<h5 class=\"sow-features-feature-title\">\n\t\t\t\t\t\t\t\t\t\t\t\t\t<a\n\t\t\t\t\t\t\t\thref=\"https:\/\/www.your-its.de\/website\/leistungen\/de-service\/\"\n\t\t\t\t\t\t\t\t\t\t\t\t\t\t\t>\n\t\t\t\t\t\t\tService\t\t\t\t\t\t\t<\/a>\n\t\t\t\t\t\t\t\t\t\t\t\t<\/h5>\n\t\t\t\t\n\t\t\t\t\t\t\t\t\t<div class=\"sow-features-feature-text\">\n\t\t\t\t\t<p style=\"text-align: left\"><strong>Wir monitoren, managen und hosten.<\/strong><\/p>\n\n<ul>\n \t<li style=\"text-align: left\">Operating<\/li>\n \t<li style=\"text-align: left\">Support<\/li>\n \t<li style=\"text-align: left\">Rollout &amp; Implementation<\/li>\n \t<li style=\"text-align: left\">Hosting \/ Webhosting<\/li>\n<\/ul>\t\t\t\t\t<\/div>\n\t\t\t\t\t\t\t\t<\/div>\n\t\t\t\t\t\t\t\t<\/li>\n\n\t<\/ul>\n<\/div><\/div><\/div><\/div><\/div>","protected":false},"excerpt":{"rendered":"<p>Seit \u00fcber 20 Jahren managen wir IT-Projekte ganzheitlich, das hei\u00dft f\u00fcr uns &#8222;end-to-end&#8220;. So garantieren wir unseren Kunden Qualit\u00e4t mit System.<\/p>\n","protected":false},"author":1,"featured_media":0,"parent":0,"menu_order":0,"comment_status":"closed","ping_status":"closed","template":"","meta":{"footnotes":""},"class_list":["post-97","page","type-page","status-publish","hentry"],"yoast_head":"<!-- This site is optimized with the Yoast SEO plugin v27.5 - https:\/\/yoast.com\/product\/yoast-seo-wordpress\/ -->\n<title>Leistungen - ITS Consulting GmbH<\/title>\n<meta name=\"robots\" content=\"index, follow, max-snippet:-1, max-image-preview:large, max-video-preview:-1\" \/>\n<link rel=\"canonical\" href=\"https:\/\/www.your-its.de\/website\/leistungen\/\" \/>\n<meta property=\"og:locale\" content=\"de_DE\" \/>\n<meta property=\"og:type\" content=\"article\" \/>\n<meta property=\"og:title\" content=\"Leistungen - ITS Consulting GmbH\" \/>\n<meta property=\"og:description\" content=\"Seit \u00fcber 20 Jahren managen wir IT-Projekte ganzheitlich, das hei\u00dft f\u00fcr uns &quot;end-to-end&quot;. So garantieren wir unseren Kunden Qualit\u00e4t mit System.\" \/>\n<meta property=\"og:url\" content=\"https:\/\/www.your-its.de\/website\/leistungen\/\" \/>\n<meta property=\"og:site_name\" content=\"ITS Consulting GmbH\" \/>\n<meta property=\"article:modified_time\" content=\"2018-08-14T08:56:01+00:00\" \/>\n<meta name=\"twitter:card\" content=\"summary_large_image\" \/>\n<script type=\"application\/ld+json\" class=\"yoast-schema-graph\">{\"@context\":\"https:\\\/\\\/schema.org\",\"@graph\":[{\"@type\":\"WebPage\",\"@id\":\"https:\\\/\\\/www.your-its.de\\\/website\\\/leistungen\\\/\",\"url\":\"https:\\\/\\\/www.your-its.de\\\/website\\\/leistungen\\\/\",\"name\":\"Leistungen - ITS Consulting GmbH\",\"isPartOf\":{\"@id\":\"https:\\\/\\\/www.your-its.de\\\/website\\\/#website\"},\"datePublished\":\"2017-04-04T14:01:41+00:00\",\"dateModified\":\"2018-08-14T08:56:01+00:00\",\"breadcrumb\":{\"@id\":\"https:\\\/\\\/www.your-its.de\\\/website\\\/leistungen\\\/#breadcrumb\"},\"inLanguage\":\"de\",\"potentialAction\":[{\"@type\":\"ReadAction\",\"target\":[\"https:\\\/\\\/www.your-its.de\\\/website\\\/leistungen\\\/\"]}]},{\"@type\":\"BreadcrumbList\",\"@id\":\"https:\\\/\\\/www.your-its.de\\\/website\\\/leistungen\\\/#breadcrumb\",\"itemListElement\":[{\"@type\":\"ListItem\",\"position\":1,\"name\":\"Startseite\",\"item\":\"https:\\\/\\\/www.your-its.de\\\/website\\\/\"},{\"@type\":\"ListItem\",\"position\":2,\"name\":\"Leistungen\"}]},{\"@type\":\"WebSite\",\"@id\":\"https:\\\/\\\/www.your-its.de\\\/website\\\/#website\",\"url\":\"https:\\\/\\\/www.your-its.de\\\/website\\\/\",\"name\":\"ITS Consulting GmbH\",\"description\":\"Qualit\u00e4t mit System\",\"publisher\":{\"@id\":\"https:\\\/\\\/www.your-its.de\\\/website\\\/#organization\"},\"potentialAction\":[{\"@type\":\"SearchAction\",\"target\":{\"@type\":\"EntryPoint\",\"urlTemplate\":\"https:\\\/\\\/www.your-its.de\\\/website\\\/?s={search_term_string}\"},\"query-input\":{\"@type\":\"PropertyValueSpecification\",\"valueRequired\":true,\"valueName\":\"search_term_string\"}}],\"inLanguage\":\"de\"},{\"@type\":\"Organization\",\"@id\":\"https:\\\/\\\/www.your-its.de\\\/website\\\/#organization\",\"name\":\"ITS Consulting GmbH\",\"url\":\"https:\\\/\\\/www.your-its.de\\\/website\\\/\",\"logo\":{\"@type\":\"ImageObject\",\"inLanguage\":\"de\",\"@id\":\"https:\\\/\\\/www.your-its.de\\\/website\\\/#\\\/schema\\\/logo\\\/image\\\/\",\"url\":\"https:\\\/\\\/www.your-its.de\\\/website\\\/wp-content\\\/uploads\\\/2017\\\/12\\\/logo.png\",\"contentUrl\":\"https:\\\/\\\/www.your-its.de\\\/website\\\/wp-content\\\/uploads\\\/2017\\\/12\\\/logo.png\",\"width\":350,\"height\":240,\"caption\":\"ITS Consulting GmbH\"},\"image\":{\"@id\":\"https:\\\/\\\/www.your-its.de\\\/website\\\/#\\\/schema\\\/logo\\\/image\\\/\"}}]}<\/script>\n<!-- \/ Yoast SEO plugin. -->","yoast_head_json":{"title":"Leistungen - ITS Consulting GmbH","robots":{"index":"index","follow":"follow","max-snippet":"max-snippet:-1","max-image-preview":"max-image-preview:large","max-video-preview":"max-video-preview:-1"},"canonical":"https:\/\/www.your-its.de\/website\/leistungen\/","og_locale":"de_DE","og_type":"article","og_title":"Leistungen - ITS Consulting GmbH","og_description":"Seit \u00fcber 20 Jahren managen wir IT-Projekte ganzheitlich, das hei\u00dft f\u00fcr uns \"end-to-end\". So garantieren wir unseren Kunden Qualit\u00e4t mit System.","og_url":"https:\/\/www.your-its.de\/website\/leistungen\/","og_site_name":"ITS Consulting GmbH","article_modified_time":"2018-08-14T08:56:01+00:00","twitter_card":"summary_large_image","schema":{"@context":"https:\/\/schema.org","@graph":[{"@type":"WebPage","@id":"https:\/\/www.your-its.de\/website\/leistungen\/","url":"https:\/\/www.your-its.de\/website\/leistungen\/","name":"Leistungen - ITS Consulting GmbH","isPartOf":{"@id":"https:\/\/www.your-its.de\/website\/#website"},"datePublished":"2017-04-04T14:01:41+00:00","dateModified":"2018-08-14T08:56:01+00:00","breadcrumb":{"@id":"https:\/\/www.your-its.de\/website\/leistungen\/#breadcrumb"},"inLanguage":"de","potentialAction":[{"@type":"ReadAction","target":["https:\/\/www.your-its.de\/website\/leistungen\/"]}]},{"@type":"BreadcrumbList","@id":"https:\/\/www.your-its.de\/website\/leistungen\/#breadcrumb","itemListElement":[{"@type":"ListItem","position":1,"name":"Startseite","item":"https:\/\/www.your-its.de\/website\/"},{"@type":"ListItem","position":2,"name":"Leistungen"}]},{"@type":"WebSite","@id":"https:\/\/www.your-its.de\/website\/#website","url":"https:\/\/www.your-its.de\/website\/","name":"ITS Consulting GmbH","description":"Qualit\u00e4t mit System","publisher":{"@id":"https:\/\/www.your-its.de\/website\/#organization"},"potentialAction":[{"@type":"SearchAction","target":{"@type":"EntryPoint","urlTemplate":"https:\/\/www.your-its.de\/website\/?s={search_term_string}"},"query-input":{"@type":"PropertyValueSpecification","valueRequired":true,"valueName":"search_term_string"}}],"inLanguage":"de"},{"@type":"Organization","@id":"https:\/\/www.your-its.de\/website\/#organization","name":"ITS Consulting GmbH","url":"https:\/\/www.your-its.de\/website\/","logo":{"@type":"ImageObject","inLanguage":"de","@id":"https:\/\/www.your-its.de\/website\/#\/schema\/logo\/image\/","url":"https:\/\/www.your-its.de\/website\/wp-content\/uploads\/2017\/12\/logo.png","contentUrl":"https:\/\/www.your-its.de\/website\/wp-content\/uploads\/2017\/12\/logo.png","width":350,"height":240,"caption":"ITS Consulting GmbH"},"image":{"@id":"https:\/\/www.your-its.de\/website\/#\/schema\/logo\/image\/"}}]}},"_links":{"self":[{"href":"https:\/\/www.your-its.de\/website\/wp-json\/wp\/v2\/pages\/97","targetHints":{"allow":["GET"]}}],"collection":[{"href":"https:\/\/www.your-its.de\/website\/wp-json\/wp\/v2\/pages"}],"about":[{"href":"https:\/\/www.your-its.de\/website\/wp-json\/wp\/v2\/types\/page"}],"author":[{"embeddable":true,"href":"https:\/\/www.your-its.de\/website\/wp-json\/wp\/v2\/users\/1"}],"replies":[{"embeddable":true,"href":"https:\/\/www.your-its.de\/website\/wp-json\/wp\/v2\/comments?post=97"}],"version-history":[{"count":110,"href":"https:\/\/www.your-its.de\/website\/wp-json\/wp\/v2\/pages\/97\/revisions"}],"predecessor-version":[{"id":1933,"href":"https:\/\/www.your-its.de\/website\/wp-json\/wp\/v2\/pages\/97\/revisions\/1933"}],"wp:attachment":[{"href":"https:\/\/www.your-its.de\/website\/wp-json\/wp\/v2\/media?parent=97"}],"curies":[{"name":"wp","href":"https:\/\/api.w.org\/{rel}","templated":true}]}}