{"id":963,"date":"2018-03-09T14:14:39","date_gmt":"2018-03-09T13:14:39","guid":{"rendered":"http:\/\/your-its.eu\/website\/?page_id=963"},"modified":"2022-11-21T09:53:33","modified_gmt":"2022-11-21T08:53:33","slug":"de-ueber-uns","status":"publish","type":"page","link":"https:\/\/www.your-its.de\/website\/de-ueber-uns\/","title":{"rendered":"\u00dcber uns"},"content":{"rendered":"<h6 class=\"widget-title\"><strong>ITS = Informations Technologie Service und Consulting GmbH<\/strong><\/h6>\n<div class=\"siteorigin-widget-tinymce textwidget\">\n<p>Schon mit Gr\u00fcndung und Namensfindung hat ITS sich auf die Beratung von IT-basierten L\u00f6sungen und Services fokussiert. Seit \u00fcber 20 Jahren managen wir IT-Projekte ganzheitlich, das hei\u00dft f\u00fcr uns &#8222;end-to-end&#8220; &#8211; von <a href=\"https:\/\/www.your-its.de\/website\/leistungen\/de-consulting\/\"><strong>CONSULTING<\/strong> <\/a>\u00fcber <a href=\"https:\/\/www.your-its.de\/website\/leistungen\/de-technologie\/\"><strong>TECHNOLOGIE<\/strong> <\/a>bis <a href=\"https:\/\/www.your-its.de\/website\/leistungen\/de-service\/\"><strong>SERVICE<\/strong><\/a><strong>.\u00a0<\/strong>Das verstehen wir unter Qualit\u00e4t mit System.<\/p>\n<p>Unser Qualit\u00e4tsverst\u00e4ndnis zeichnet sich zudem durch eine hohe Kundenn\u00e4he aus, durch schnelles Reagieren und flexibles Handeln, durch pragmatische L\u00f6sungen wie auch durch eine hohe Zuverl\u00e4ssigkeit und gegenseitiges Vertrauen. Und als herstellerunabh\u00e4ngige Beratung stehen wir unseren Kunden als neutraler und kompetenter Partner zur Seite.<\/p>\n<\/div>\n<h3>Historie<\/h3>\n<p><img fetchpriority=\"high\" decoding=\"async\" class=\"size-medium wp-image-198 alignright\" src=\"http:\/\/your-its.eu\/website\/wp-content\/uploads\/2017\/04\/20111216_02-ITS-Homepage_bearb-2-254x300.png\" alt=\"\" width=\"254\" height=\"300\" srcset=\"https:\/\/www.your-its.de\/website\/wp-content\/uploads\/2017\/04\/20111216_02-ITS-Homepage_bearb-2-254x300.png 254w, https:\/\/www.your-its.de\/website\/wp-content\/uploads\/2017\/04\/20111216_02-ITS-Homepage_bearb-2-169x200.png 169w, https:\/\/www.your-its.de\/website\/wp-content\/uploads\/2017\/04\/20111216_02-ITS-Homepage_bearb-2.png 465w\" sizes=\"(max-width: 254px) 100vw, 254px\" \/>Seit 1991 ist Wolfgang Quade als Consultant f\u00fcr Entwicklung und Qualit\u00e4tsmanagement von <strong><a href=\"https:\/\/www.your-its.de\/website\/de-kompetenzen\/de-retail\/\">Retail<\/a><\/strong>&#8211; und <a href=\"https:\/\/www.your-its.de\/website\/de-kompetenzen\/de-oil\/\"><strong>Tankstellenequipment<\/strong><\/a> t\u00e4tig. 1993 gr\u00fcndete er die Firma ITS mit Sitz in Jesteburg und ist bis heute gesch\u00e4ftsf\u00fchrender Gesellschafter. Neben dem klassischen Beratungsgesch\u00e4ft wurde in den Folgejahren auch das Operating zentraler und dezentraler Kundensysteme \u00fcbernommen.<\/p>\n<p>Ab 1995 wurde das Aufgabengebiet schnell und stetig erweitert. Mit dem steigenden bargeldlosen Zahlungsverkehr kam <strong><a href=\"https:\/\/www.your-its.de\/website\/de-kompetenzen\/de-payment\/\">Payment<\/a><\/strong> als weiteres Kompetenzfeld hinzu.<\/p>\n<p>Im Januar 2005 erfolgte die Umwandlung in die ITS Consulting GmbH. Ebenfalls 2005 wurde das Projektb\u00fcro in Hamburg er\u00f6ffnet. War zun\u00e4chst die N\u00e4he zu den wichtigsten Kunden aus der Mineral\u00f6lbranche der Grund f\u00fcr die Ansiedlung in der City-Nord, so ist es heute die gute Erreichbarkeit f\u00fcr alle Kunden \u2013 und ein wunderbarer Ausblick auf die Hamburger Skyline aus dem 11. Stockwerk.<\/p>\n<p>W\u00e4hrend der letzten 25 Jahre ist ITS stetig gewachsen und hat sich als Spezialist f\u00fcr IT-Projekte, die besondere <strong><a href=\"https:\/\/www.your-its.de\/website\/de-kompetenzen\/\">Kompetenzen<\/a><\/strong> erfordern, etabliert\u00a0 \u2013 nicht zuletzt aufgrund der langj\u00e4hrigen Erfahrungen, die einfach durch nichts zu ersetzen sind.<\/p>\n","protected":false},"excerpt":{"rendered":"<p>ITS = Informations Technologie Service und Consulting GmbH Schon mit Gr\u00fcndung und Namensfindung hat ITS sich auf die Beratung von IT-basierten L\u00f6sungen und Services fokussiert. Seit \u00fcber 20 Jahren managen wir IT-Projekte ganzheitlich, das hei\u00dft f\u00fcr uns &#8222;end-to-end&#8220; &#8211; von CONSULTING \u00fcber TECHNOLOGIE bis SERVICE.\u00a0Das verstehen wir unter Qualit\u00e4t mit &hellip;<\/p>\n","protected":false},"author":1,"featured_media":508,"parent":0,"menu_order":0,"comment_status":"closed","ping_status":"closed","template":"","meta":{"footnotes":""},"class_list":["post-963","page","type-page","status-publish","has-post-thumbnail","hentry"],"yoast_head":"<!-- This site is optimized with the Yoast SEO plugin v27.5 - https:\/\/yoast.com\/product\/yoast-seo-wordpress\/ -->\n<title>\u00dcber uns - ITS Consulting GmbH<\/title>\n<meta name=\"robots\" content=\"index, follow, max-snippet:-1, max-image-preview:large, max-video-preview:-1\" \/>\n<link rel=\"canonical\" href=\"https:\/\/www.your-its.de\/website\/de-ueber-uns\/\" \/>\n<meta property=\"og:locale\" content=\"de_DE\" \/>\n<meta property=\"og:type\" content=\"article\" \/>\n<meta property=\"og:title\" content=\"\u00dcber uns - ITS Consulting GmbH\" \/>\n<meta property=\"og:description\" content=\"ITS = Informations Technologie Service und Consulting GmbH Schon mit Gr\u00fcndung und Namensfindung hat ITS sich auf die Beratung von IT-basierten L\u00f6sungen und Services fokussiert. Seit \u00fcber 20 Jahren managen wir IT-Projekte ganzheitlich, das hei\u00dft f\u00fcr uns &#8222;end-to-end&#8220; &#8211; von CONSULTING \u00fcber TECHNOLOGIE bis SERVICE.\u00a0Das verstehen wir unter Qualit\u00e4t mit &hellip;\" \/>\n<meta property=\"og:url\" content=\"https:\/\/www.your-its.de\/website\/de-ueber-uns\/\" \/>\n<meta property=\"og:site_name\" content=\"ITS Consulting GmbH\" \/>\n<meta property=\"article:modified_time\" content=\"2022-11-21T08:53:33+00:00\" \/>\n<meta property=\"og:image\" content=\"https:\/\/www.your-its.de\/website\/wp-content\/uploads\/2017\/12\/Qualit\u00e4t_Fotor_2.jpg\" \/>\n\t<meta property=\"og:image:width\" content=\"1920\" \/>\n\t<meta property=\"og:image:height\" content=\"800\" \/>\n\t<meta property=\"og:image:type\" content=\"image\/jpeg\" \/>\n<meta name=\"twitter:card\" content=\"summary_large_image\" \/>\n<meta name=\"twitter:label1\" content=\"Gesch\u00e4tzte Lesezeit\" \/>\n\t<meta name=\"twitter:data1\" content=\"2\u00a0Minuten\" \/>\n<script type=\"application\/ld+json\" class=\"yoast-schema-graph\">{\"@context\":\"https:\\\/\\\/schema.org\",\"@graph\":[{\"@type\":\"WebPage\",\"@id\":\"https:\\\/\\\/www.your-its.de\\\/website\\\/de-ueber-uns\\\/\",\"url\":\"https:\\\/\\\/www.your-its.de\\\/website\\\/de-ueber-uns\\\/\",\"name\":\"\u00dcber uns - ITS Consulting GmbH\",\"isPartOf\":{\"@id\":\"https:\\\/\\\/www.your-its.de\\\/website\\\/#website\"},\"primaryImageOfPage\":{\"@id\":\"https:\\\/\\\/www.your-its.de\\\/website\\\/de-ueber-uns\\\/#primaryimage\"},\"image\":{\"@id\":\"https:\\\/\\\/www.your-its.de\\\/website\\\/de-ueber-uns\\\/#primaryimage\"},\"thumbnailUrl\":\"https:\\\/\\\/www.your-its.de\\\/website\\\/wp-content\\\/uploads\\\/2017\\\/12\\\/Qualit\u00e4t_Fotor_2.jpg\",\"datePublished\":\"2018-03-09T13:14:39+00:00\",\"dateModified\":\"2022-11-21T08:53:33+00:00\",\"breadcrumb\":{\"@id\":\"https:\\\/\\\/www.your-its.de\\\/website\\\/de-ueber-uns\\\/#breadcrumb\"},\"inLanguage\":\"de\",\"potentialAction\":[{\"@type\":\"ReadAction\",\"target\":[\"https:\\\/\\\/www.your-its.de\\\/website\\\/de-ueber-uns\\\/\"]}]},{\"@type\":\"ImageObject\",\"inLanguage\":\"de\",\"@id\":\"https:\\\/\\\/www.your-its.de\\\/website\\\/de-ueber-uns\\\/#primaryimage\",\"url\":\"https:\\\/\\\/www.your-its.de\\\/website\\\/wp-content\\\/uploads\\\/2017\\\/12\\\/Qualit\u00e4t_Fotor_2.jpg\",\"contentUrl\":\"https:\\\/\\\/www.your-its.de\\\/website\\\/wp-content\\\/uploads\\\/2017\\\/12\\\/Qualit\u00e4t_Fotor_2.jpg\",\"width\":1920,\"height\":800},{\"@type\":\"BreadcrumbList\",\"@id\":\"https:\\\/\\\/www.your-its.de\\\/website\\\/de-ueber-uns\\\/#breadcrumb\",\"itemListElement\":[{\"@type\":\"ListItem\",\"position\":1,\"name\":\"Startseite\",\"item\":\"https:\\\/\\\/www.your-its.de\\\/website\\\/\"},{\"@type\":\"ListItem\",\"position\":2,\"name\":\"\u00dcber uns\"}]},{\"@type\":\"WebSite\",\"@id\":\"https:\\\/\\\/www.your-its.de\\\/website\\\/#website\",\"url\":\"https:\\\/\\\/www.your-its.de\\\/website\\\/\",\"name\":\"ITS Consulting GmbH\",\"description\":\"Qualit\u00e4t mit System\",\"publisher\":{\"@id\":\"https:\\\/\\\/www.your-its.de\\\/website\\\/#organization\"},\"potentialAction\":[{\"@type\":\"SearchAction\",\"target\":{\"@type\":\"EntryPoint\",\"urlTemplate\":\"https:\\\/\\\/www.your-its.de\\\/website\\\/?s={search_term_string}\"},\"query-input\":{\"@type\":\"PropertyValueSpecification\",\"valueRequired\":true,\"valueName\":\"search_term_string\"}}],\"inLanguage\":\"de\"},{\"@type\":\"Organization\",\"@id\":\"https:\\\/\\\/www.your-its.de\\\/website\\\/#organization\",\"name\":\"ITS Consulting GmbH\",\"url\":\"https:\\\/\\\/www.your-its.de\\\/website\\\/\",\"logo\":{\"@type\":\"ImageObject\",\"inLanguage\":\"de\",\"@id\":\"https:\\\/\\\/www.your-its.de\\\/website\\\/#\\\/schema\\\/logo\\\/image\\\/\",\"url\":\"https:\\\/\\\/www.your-its.de\\\/website\\\/wp-content\\\/uploads\\\/2017\\\/12\\\/logo.png\",\"contentUrl\":\"https:\\\/\\\/www.your-its.de\\\/website\\\/wp-content\\\/uploads\\\/2017\\\/12\\\/logo.png\",\"width\":350,\"height\":240,\"caption\":\"ITS Consulting GmbH\"},\"image\":{\"@id\":\"https:\\\/\\\/www.your-its.de\\\/website\\\/#\\\/schema\\\/logo\\\/image\\\/\"}}]}<\/script>\n<!-- \/ Yoast SEO plugin. -->","yoast_head_json":{"title":"\u00dcber uns - ITS Consulting GmbH","robots":{"index":"index","follow":"follow","max-snippet":"max-snippet:-1","max-image-preview":"max-image-preview:large","max-video-preview":"max-video-preview:-1"},"canonical":"https:\/\/www.your-its.de\/website\/de-ueber-uns\/","og_locale":"de_DE","og_type":"article","og_title":"\u00dcber uns - ITS Consulting GmbH","og_description":"ITS = Informations Technologie Service und Consulting GmbH Schon mit Gr\u00fcndung und Namensfindung hat ITS sich auf die Beratung von IT-basierten L\u00f6sungen und Services fokussiert. Seit \u00fcber 20 Jahren managen wir IT-Projekte ganzheitlich, das hei\u00dft f\u00fcr uns &#8222;end-to-end&#8220; &#8211; von CONSULTING \u00fcber TECHNOLOGIE bis SERVICE.\u00a0Das verstehen wir unter Qualit\u00e4t mit &hellip;","og_url":"https:\/\/www.your-its.de\/website\/de-ueber-uns\/","og_site_name":"ITS Consulting GmbH","article_modified_time":"2022-11-21T08:53:33+00:00","og_image":[{"width":1920,"height":800,"url":"https:\/\/www.your-its.de\/website\/wp-content\/uploads\/2017\/12\/Qualit\u00e4t_Fotor_2.jpg","type":"image\/jpeg"}],"twitter_card":"summary_large_image","twitter_misc":{"Gesch\u00e4tzte Lesezeit":"2\u00a0Minuten"},"schema":{"@context":"https:\/\/schema.org","@graph":[{"@type":"WebPage","@id":"https:\/\/www.your-its.de\/website\/de-ueber-uns\/","url":"https:\/\/www.your-its.de\/website\/de-ueber-uns\/","name":"\u00dcber uns - ITS Consulting GmbH","isPartOf":{"@id":"https:\/\/www.your-its.de\/website\/#website"},"primaryImageOfPage":{"@id":"https:\/\/www.your-its.de\/website\/de-ueber-uns\/#primaryimage"},"image":{"@id":"https:\/\/www.your-its.de\/website\/de-ueber-uns\/#primaryimage"},"thumbnailUrl":"https:\/\/www.your-its.de\/website\/wp-content\/uploads\/2017\/12\/Qualit\u00e4t_Fotor_2.jpg","datePublished":"2018-03-09T13:14:39+00:00","dateModified":"2022-11-21T08:53:33+00:00","breadcrumb":{"@id":"https:\/\/www.your-its.de\/website\/de-ueber-uns\/#breadcrumb"},"inLanguage":"de","potentialAction":[{"@type":"ReadAction","target":["https:\/\/www.your-its.de\/website\/de-ueber-uns\/"]}]},{"@type":"ImageObject","inLanguage":"de","@id":"https:\/\/www.your-its.de\/website\/de-ueber-uns\/#primaryimage","url":"https:\/\/www.your-its.de\/website\/wp-content\/uploads\/2017\/12\/Qualit\u00e4t_Fotor_2.jpg","contentUrl":"https:\/\/www.your-its.de\/website\/wp-content\/uploads\/2017\/12\/Qualit\u00e4t_Fotor_2.jpg","width":1920,"height":800},{"@type":"BreadcrumbList","@id":"https:\/\/www.your-its.de\/website\/de-ueber-uns\/#breadcrumb","itemListElement":[{"@type":"ListItem","position":1,"name":"Startseite","item":"https:\/\/www.your-its.de\/website\/"},{"@type":"ListItem","position":2,"name":"\u00dcber uns"}]},{"@type":"WebSite","@id":"https:\/\/www.your-its.de\/website\/#website","url":"https:\/\/www.your-its.de\/website\/","name":"ITS Consulting GmbH","description":"Qualit\u00e4t mit System","publisher":{"@id":"https:\/\/www.your-its.de\/website\/#organization"},"potentialAction":[{"@type":"SearchAction","target":{"@type":"EntryPoint","urlTemplate":"https:\/\/www.your-its.de\/website\/?s={search_term_string}"},"query-input":{"@type":"PropertyValueSpecification","valueRequired":true,"valueName":"search_term_string"}}],"inLanguage":"de"},{"@type":"Organization","@id":"https:\/\/www.your-its.de\/website\/#organization","name":"ITS Consulting GmbH","url":"https:\/\/www.your-its.de\/website\/","logo":{"@type":"ImageObject","inLanguage":"de","@id":"https:\/\/www.your-its.de\/website\/#\/schema\/logo\/image\/","url":"https:\/\/www.your-its.de\/website\/wp-content\/uploads\/2017\/12\/logo.png","contentUrl":"https:\/\/www.your-its.de\/website\/wp-content\/uploads\/2017\/12\/logo.png","width":350,"height":240,"caption":"ITS Consulting GmbH"},"image":{"@id":"https:\/\/www.your-its.de\/website\/#\/schema\/logo\/image\/"}}]}},"_links":{"self":[{"href":"https:\/\/www.your-its.de\/website\/wp-json\/wp\/v2\/pages\/963","targetHints":{"allow":["GET"]}}],"collection":[{"href":"https:\/\/www.your-its.de\/website\/wp-json\/wp\/v2\/pages"}],"about":[{"href":"https:\/\/www.your-its.de\/website\/wp-json\/wp\/v2\/types\/page"}],"author":[{"embeddable":true,"href":"https:\/\/www.your-its.de\/website\/wp-json\/wp\/v2\/users\/1"}],"replies":[{"embeddable":true,"href":"https:\/\/www.your-its.de\/website\/wp-json\/wp\/v2\/comments?post=963"}],"version-history":[{"count":20,"href":"https:\/\/www.your-its.de\/website\/wp-json\/wp\/v2\/pages\/963\/revisions"}],"predecessor-version":[{"id":2026,"href":"https:\/\/www.your-its.de\/website\/wp-json\/wp\/v2\/pages\/963\/revisions\/2026"}],"wp:featuredmedia":[{"embeddable":true,"href":"https:\/\/www.your-its.de\/website\/wp-json\/wp\/v2\/media\/508"}],"wp:attachment":[{"href":"https:\/\/www.your-its.de\/website\/wp-json\/wp\/v2\/media?parent=963"}],"curies":[{"name":"wp","href":"https:\/\/api.w.org\/{rel}","templated":true}]}}