{"id":878,"date":"2018-03-09T12:37:01","date_gmt":"2018-03-09T11:37:01","guid":{"rendered":"http:\/\/your-its.eu\/website\/?page_id=878"},"modified":"2023-01-25T15:03:51","modified_gmt":"2023-01-25T14:03:51","slug":"de-technologie","status":"publish","type":"page","link":"https:\/\/www.your-its.de\/website\/leistungen\/de-technologie\/","title":{"rendered":"Technologie"},"content":{"rendered":"<div id=\"pl-878\"  class=\"panel-layout\" ><div id=\"pg-878-0\"  class=\"panel-grid panel-no-style\" ><div id=\"pgc-878-0-0\"  class=\"panel-grid-cell\" ><div id=\"panel-878-0-0-0\" class=\"so-panel widget widget_sow-editor panel-first-child panel-last-child\" data-index=\"0\" ><div\n\t\t\t\n\t\t\tclass=\"so-widget-sow-editor so-widget-sow-editor-base\"\n\t\t\t\n\t\t><h3 class=\"widget-title\">Wir testen und entwickeln.<\/h3>\n<div class=\"siteorigin-widget-tinymce textwidget\">\n\t<p>IT funktioniert nicht zuf\u00e4llig - wir sorgen mit durchdachten und getesteten L\u00f6sungen f\u00fcr hohe Performance und Qualit\u00e4t mit System.<\/p>\n<\/div>\n<\/div><\/div><\/div><\/div><div id=\"pg-878-1\"  class=\"panel-grid panel-no-style\" ><div id=\"pgc-878-1-0\"  class=\"panel-grid-cell\" ><div id=\"panel-878-1-0-0\" class=\"so-panel widget widget_sow-features panel-first-child panel-last-child\" data-index=\"1\" ><div\n\t\t\t\n\t\t\tclass=\"so-widget-sow-features so-widget-sow-features-default-8bc88cfa03e1-878\"\n\t\t\t\n\t\t><ul\n\tclass=\"sow-features-list\n\tsow-features-responsive\">\n\n\t\t\t<li\n\t\t\tclass=\"sow-features-feature sow-icon-container-position-top\"\n\t\t\tstyle=\"display: flex; flex-direction: column; width: calc(100% - 25px);\"\n\t\t>\n\t\t\t\n\t\t\t\t\t\t<div\t\t\t\tclass=\"sow-icon-container sow-container-round\"\n\t\t\t\tstyle=\"color: #ffffff; \"\n\t\t\t\t\n\t\t\t\t\t\t\t>\n\t\t\t\t<span class=\"sow-icon-fontawesome sow-fas\" data-sow-icon=\"&#xf55c;\"\n\t\tstyle=\"font-size: 40px; color: #008694\" \n\t\taria-hidden=\"true\"><\/span>\t\t\t<\/div>\n\n\t\t\t<div class=\"textwidget\">\n\t\t\t\t\n\t\t\t\t\t\t\t\t\t<h5 class=\"sow-features-feature-title\">\n\t\t\t\t\t\tQualit\u00e4tsmanagement\t\t\t\t\t<\/h5>\n\t\t\t\t\n\t\t\t\t\t\t\t<\/div>\n\t\t\t\t\t\t\t\t<\/li>\n\n\t<\/ul>\n<\/div><\/div><\/div><div id=\"pgc-878-1-1\"  class=\"panel-grid-cell\" ><div id=\"panel-878-1-1-0\" class=\"so-panel widget widget_sow-editor panel-first-child panel-last-child\" data-index=\"2\" ><div\n\t\t\t\n\t\t\tclass=\"so-widget-sow-editor so-widget-sow-editor-base\"\n\t\t\t\n\t\t>\n<div class=\"siteorigin-widget-tinymce textwidget\">\n\t<p>Seit 2005 betreiben wir ein eigenes <strong>Testlabor<\/strong>, in dem wir f\u00fcr unsere Kunden zusammen mit Herstellern die Systeme testen. Zum Testbetrieb geh\u00f6ren die <strong>Erstellung individueller Testpl\u00e4ne<\/strong>, die Konzeptionierung und Durchf\u00fchrung von Testserien wie auch der <strong>Aufbau von Referenzsystemen<\/strong>. So k\u00f6nnen wir die <strong>Kommunikation <\/strong>zwischen den beteiligten Systemen und die <strong>Software-Komponenten<\/strong> f\u00fcr <strong>POS<\/strong> (Point of Sales), <strong>BOS<\/strong> (Backoffice Systeme) und <strong>HOS<\/strong> (Headoffice Systeme) testen. Auf Basis der Ergebnisse erstellen wir <strong>Risikoanalysen<\/strong>, die wiederum in unser <a href=\"https:\/\/www.your-its.de\/website\/leistungen\/consulting\/\"><strong>L\u00f6sungsdesign<\/strong><\/a> einflie\u00dfen.<\/p>\n<\/div>\n<\/div><\/div><\/div><\/div><div id=\"pg-878-2\"  class=\"panel-grid panel-no-style\" ><div id=\"pgc-878-2-0\"  class=\"panel-grid-cell\" ><div id=\"panel-878-2-0-0\" class=\"so-panel widget widget_sow-features panel-first-child panel-last-child\" data-index=\"3\" ><div\n\t\t\t\n\t\t\tclass=\"so-widget-sow-features so-widget-sow-features-default-8bc88cfa03e1-878\"\n\t\t\t\n\t\t><ul\n\tclass=\"sow-features-list\n\tsow-features-responsive\">\n\n\t\t\t<li\n\t\t\tclass=\"sow-features-feature sow-icon-container-position-top\"\n\t\t\tstyle=\"display: flex; flex-direction: column; width: calc(100% - 25px);\"\n\t\t>\n\t\t\t\n\t\t\t\t\t\t<div\t\t\t\tclass=\"sow-icon-container sow-container-round\"\n\t\t\t\tstyle=\"color: #ffffff; \"\n\t\t\t\t\n\t\t\t\t\t\t\t>\n\t\t\t\t<span class=\"sow-icon-fontawesome sow-fas\" data-sow-icon=\"&#xf188;\"\n\t\tstyle=\"font-size: 40px; color: #008694\" \n\t\taria-hidden=\"true\"><\/span>\t\t\t<\/div>\n\n\t\t\t<div class=\"textwidget\">\n\t\t\t\t\n\t\t\t\t\t\t\t\t\t<h5 class=\"sow-features-feature-title\">\n\t\t\t\t\t\tEntwicklung\t\t\t\t\t<\/h5>\n\t\t\t\t\n\t\t\t\t\t\t\t<\/div>\n\t\t\t\t\t\t\t\t<\/li>\n\n\t<\/ul>\n<\/div><\/div><\/div><div id=\"pgc-878-2-1\"  class=\"panel-grid-cell\" ><div id=\"panel-878-2-1-0\" class=\"so-panel widget widget_sow-editor panel-first-child panel-last-child\" data-index=\"4\" ><div\n\t\t\t\n\t\t\tclass=\"so-widget-sow-editor so-widget-sow-editor-base\"\n\t\t\t\n\t\t>\n<div class=\"siteorigin-widget-tinymce textwidget\">\n\t<p>Ergeben sich aus dem <strong><a href=\"https:\/\/www.your-its.eu\/website\/leistungen\/consulting\/\">L\u00f6sungsdesign<\/a><\/strong> Anforderungen an <strong>kundenspezifische Anwendungen<\/strong>, \u00fcbernehmen wir die Software-Entwicklung. Dazu geh\u00f6ren <strong>App-Entwicklungen - hybride wie <\/strong><strong>native Apps <\/strong>(Apple iOS, Google Android) - genauso wie Responsive Design f\u00fcr <strong>mobile Anwendungen<\/strong>.<\/p>\n<\/div>\n<\/div><\/div><\/div><\/div><div id=\"pg-878-3\"  class=\"panel-grid panel-no-style\" ><div id=\"pgc-878-3-0\"  class=\"panel-grid-cell\" ><div id=\"panel-878-3-0-0\" class=\"so-panel widget widget_sow-features panel-first-child panel-last-child\" data-index=\"5\" ><div\n\t\t\t\n\t\t\tclass=\"so-widget-sow-features so-widget-sow-features-default-8bc88cfa03e1-878\"\n\t\t\t\n\t\t><ul\n\tclass=\"sow-features-list\n\tsow-features-responsive\">\n\n\t\t\t<li\n\t\t\tclass=\"sow-features-feature sow-icon-container-position-top\"\n\t\t\tstyle=\"display: flex; flex-direction: column; width: calc(100% - 25px);\"\n\t\t>\n\t\t\t\n\t\t\t\t\t\t<div\t\t\t\tclass=\"sow-icon-container sow-container-round\"\n\t\t\t\tstyle=\"color: #ffffff; \"\n\t\t\t\t\n\t\t\t\t\t\t\t>\n\t\t\t\t<span class=\"sow-icon-fontawesome sow-fas\" data-sow-icon=\"&#xf121;\"\n\t\tstyle=\"font-size: 40px; color: #008694\" \n\t\taria-hidden=\"true\"><\/span>\t\t\t<\/div>\n\n\t\t\t<div class=\"textwidget\">\n\t\t\t\t\n\t\t\t\t\t\t\t\t\t<h5 class=\"sow-features-feature-title\">\n\t\t\t\t\t\tProgrammierung\t\t\t\t\t<\/h5>\n\t\t\t\t\n\t\t\t\t\t\t\t<\/div>\n\t\t\t\t\t\t\t\t<\/li>\n\n\t<\/ul>\n<\/div><\/div><\/div><div id=\"pgc-878-3-1\"  class=\"panel-grid-cell\" ><div id=\"panel-878-3-1-0\" class=\"so-panel widget widget_sow-editor panel-first-child panel-last-child\" data-index=\"6\" ><div\n\t\t\t\n\t\t\tclass=\"so-widget-sow-editor so-widget-sow-editor-base\"\n\t\t\t\n\t\t>\n<div class=\"siteorigin-widget-tinymce textwidget\">\n\t<p>Oft fordert das\u00a0<a href=\"https:\/\/www.your-its.de\/website\/leistungen\/consulting\/\"><strong>L\u00f6sungsdesign<\/strong><\/a> <strong>Schnittstellen<\/strong>, die das Gesamtsystem betreffen und den Datenzugriff auf firmeneigene Server erm\u00f6glichen. Bei der Programmierung dieser Schnittstellen nutzen wir unsere umfangreichen Kenntnisse \u00fcber die Systeme und ihre Backends. Ein weiterer Schwerpunkt liegt auf der <strong>Modellierung von Szenarien<\/strong>, die wir mit Hilfe mathematischer Modelle programmieren und deren Ergebnisse wiederum im <strong><a href=\"https:\/\/www.your-its.de\/website\/leistungen\/consulting\/\">Informationsmanagement<\/a><\/strong> zum Einsatz kommen.<\/p>\n<\/div>\n<\/div><\/div><\/div><\/div><div id=\"pg-878-4\"  class=\"panel-grid panel-no-style\" ><div id=\"pgc-878-4-0\"  class=\"panel-grid-cell\" ><div id=\"panel-878-4-0-0\" class=\"so-panel widget widget_sow-features panel-first-child panel-last-child\" data-index=\"7\" ><div\n\t\t\t\n\t\t\tclass=\"so-widget-sow-features so-widget-sow-features-default-8bc88cfa03e1-878\"\n\t\t\t\n\t\t><ul\n\tclass=\"sow-features-list\n\tsow-features-responsive\">\n\n\t\t\t<li\n\t\t\tclass=\"sow-features-feature sow-icon-container-position-top\"\n\t\t\tstyle=\"display: flex; flex-direction: column; width: calc(100% - 25px);\"\n\t\t>\n\t\t\t\n\t\t\t\t\t\t<div\t\t\t\tclass=\"sow-icon-container sow-container-round\"\n\t\t\t\tstyle=\"color: #ffffff; \"\n\t\t\t\t\n\t\t\t\t\t\t\t>\n\t\t\t\t<span class=\"sow-icon-fontawesome sow-fas\" data-sow-icon=\"&#x2a;\"\n\t\tstyle=\"font-size: 40px; color: #008694\" \n\t\taria-hidden=\"true\"><\/span>\t\t\t<\/div>\n\n\t\t\t<div class=\"textwidget\">\n\t\t\t\t\n\t\t\t\t\t\t\t\t\t<h5 class=\"sow-features-feature-title\">\n\t\t\t\t\t\tProdukte\t\t\t\t\t<\/h5>\n\t\t\t\t\n\t\t\t\t\t\t\t<\/div>\n\t\t\t\t\t\t\t\t<\/li>\n\n\t<\/ul>\n<\/div><\/div><\/div><div id=\"pgc-878-4-1\"  class=\"panel-grid-cell\" ><div id=\"panel-878-4-1-0\" class=\"so-panel widget widget_sow-editor panel-first-child panel-last-child\" data-index=\"8\" ><div\n\t\t\t\n\t\t\tclass=\"so-widget-sow-editor so-widget-sow-editor-base\"\n\t\t\t\n\t\t>\n<div class=\"siteorigin-widget-tinymce textwidget\">\n\t<p>Aus unseren zahlreichen Entwicklungsprojekten haben sich auch eigenst\u00e4ndige Produkte enwickelt. <strong>GEMRIS <\/strong>fokussiert als <strong>webbasiertes Informationsmanagement<\/strong>-Tool auf <a href=\"https:\/\/www.your-its.de\/website\/de-kompetenzen\/de-retail\/\"><strong>Retail<\/strong><\/a>-Stammdaten rund um Filialen und Standorte. GEMRIS umfasst viele verschiedene Module, die aus Kundenanforderungen heraus entwickelt wurden und heute zahlreiche Gesch\u00e4ftsanalysen erm\u00f6glichen.<\/p>\n<p>Ein weiteres webbasiertes Produkt hat seinen Ursprung als Ticket-Management-System. Inzwischen haben wir es als <strong>Workflow-Management<\/strong>-Tool weiterentwickelt und es eignet sich besonders f\u00fcr projektspezifische <strong><a href=\"https:\/\/www.your-its.eu\/website\/leistungen\/de-service\/\">Rollout<\/a><\/strong>-Planungen.<\/p>\n<p>Beide Produkte bieten wir als <strong>SaaS-L\u00f6sung<\/strong> in der Cloud an.<\/p>\n<\/div>\n<\/div><\/div><\/div><\/div><\/div>","protected":false},"excerpt":{"rendered":"<p>IT funktioniert nicht zuf\u00e4llig &#8211; wir sorgen mit durchdachten und getesteten L\u00f6sungen f\u00fcr hohe Performance und Qualit\u00e4t mit System. Seit 2005 betreiben wir ein eigenes Testlabor, in dem wir f\u00fcr unsere Kunden zusammen mit Herstellern die Systeme testen. Zum Testbetrieb geh\u00f6ren die Erstellung individueller Testpl\u00e4ne, die Konzeptionierung und Durchf\u00fchrung von &hellip;<\/p>\n","protected":false},"author":1,"featured_media":0,"parent":97,"menu_order":0,"comment_status":"closed","ping_status":"closed","template":"","meta":{"footnotes":""},"class_list":["post-878","page","type-page","status-publish","hentry"],"yoast_head":"<!-- This site is optimized with the Yoast SEO plugin v27.5 - https:\/\/yoast.com\/product\/yoast-seo-wordpress\/ -->\n<title>Technologie - ITS Consulting GmbH<\/title>\n<meta name=\"robots\" content=\"index, follow, max-snippet:-1, max-image-preview:large, max-video-preview:-1\" \/>\n<link rel=\"canonical\" href=\"https:\/\/www.your-its.de\/website\/leistungen\/de-technologie\/\" \/>\n<meta property=\"og:locale\" content=\"de_DE\" \/>\n<meta property=\"og:type\" content=\"article\" \/>\n<meta property=\"og:title\" content=\"Technologie - ITS Consulting GmbH\" \/>\n<meta property=\"og:description\" content=\"IT funktioniert nicht zuf\u00e4llig - wir sorgen mit durchdachten und getesteten L\u00f6sungen f\u00fcr hohe Performance und Qualit\u00e4t mit System. Seit 2005 betreiben wir ein eigenes Testlabor, in dem wir f\u00fcr unsere Kunden zusammen mit Herstellern die Systeme testen. Zum Testbetrieb geh\u00f6ren die Erstellung individueller Testpl\u00e4ne, die Konzeptionierung und Durchf\u00fchrung von &hellip;\" \/>\n<meta property=\"og:url\" content=\"https:\/\/www.your-its.de\/website\/leistungen\/de-technologie\/\" \/>\n<meta property=\"og:site_name\" content=\"ITS Consulting GmbH\" \/>\n<meta property=\"article:modified_time\" content=\"2023-01-25T14:03:51+00:00\" \/>\n<meta name=\"twitter:card\" content=\"summary_large_image\" \/>\n<meta name=\"twitter:label1\" content=\"Gesch\u00e4tzte Lesezeit\" \/>\n\t<meta name=\"twitter:data1\" content=\"2\u00a0Minuten\" \/>\n<script type=\"application\/ld+json\" class=\"yoast-schema-graph\">{\"@context\":\"https:\\\/\\\/schema.org\",\"@graph\":[{\"@type\":\"WebPage\",\"@id\":\"https:\\\/\\\/www.your-its.de\\\/website\\\/leistungen\\\/de-technologie\\\/\",\"url\":\"https:\\\/\\\/www.your-its.de\\\/website\\\/leistungen\\\/de-technologie\\\/\",\"name\":\"Technologie - ITS Consulting GmbH\",\"isPartOf\":{\"@id\":\"https:\\\/\\\/www.your-its.de\\\/website\\\/#website\"},\"datePublished\":\"2018-03-09T11:37:01+00:00\",\"dateModified\":\"2023-01-25T14:03:51+00:00\",\"breadcrumb\":{\"@id\":\"https:\\\/\\\/www.your-its.de\\\/website\\\/leistungen\\\/de-technologie\\\/#breadcrumb\"},\"inLanguage\":\"de\",\"potentialAction\":[{\"@type\":\"ReadAction\",\"target\":[\"https:\\\/\\\/www.your-its.de\\\/website\\\/leistungen\\\/de-technologie\\\/\"]}]},{\"@type\":\"BreadcrumbList\",\"@id\":\"https:\\\/\\\/www.your-its.de\\\/website\\\/leistungen\\\/de-technologie\\\/#breadcrumb\",\"itemListElement\":[{\"@type\":\"ListItem\",\"position\":1,\"name\":\"Startseite\",\"item\":\"https:\\\/\\\/www.your-its.de\\\/website\\\/\"},{\"@type\":\"ListItem\",\"position\":2,\"name\":\"Leistungen\",\"item\":\"https:\\\/\\\/www.your-its.de\\\/website\\\/leistungen\\\/\"},{\"@type\":\"ListItem\",\"position\":3,\"name\":\"Technologie\"}]},{\"@type\":\"WebSite\",\"@id\":\"https:\\\/\\\/www.your-its.de\\\/website\\\/#website\",\"url\":\"https:\\\/\\\/www.your-its.de\\\/website\\\/\",\"name\":\"ITS Consulting GmbH\",\"description\":\"Qualit\u00e4t mit System\",\"publisher\":{\"@id\":\"https:\\\/\\\/www.your-its.de\\\/website\\\/#organization\"},\"potentialAction\":[{\"@type\":\"SearchAction\",\"target\":{\"@type\":\"EntryPoint\",\"urlTemplate\":\"https:\\\/\\\/www.your-its.de\\\/website\\\/?s={search_term_string}\"},\"query-input\":{\"@type\":\"PropertyValueSpecification\",\"valueRequired\":true,\"valueName\":\"search_term_string\"}}],\"inLanguage\":\"de\"},{\"@type\":\"Organization\",\"@id\":\"https:\\\/\\\/www.your-its.de\\\/website\\\/#organization\",\"name\":\"ITS Consulting GmbH\",\"url\":\"https:\\\/\\\/www.your-its.de\\\/website\\\/\",\"logo\":{\"@type\":\"ImageObject\",\"inLanguage\":\"de\",\"@id\":\"https:\\\/\\\/www.your-its.de\\\/website\\\/#\\\/schema\\\/logo\\\/image\\\/\",\"url\":\"https:\\\/\\\/www.your-its.de\\\/website\\\/wp-content\\\/uploads\\\/2017\\\/12\\\/logo.png\",\"contentUrl\":\"https:\\\/\\\/www.your-its.de\\\/website\\\/wp-content\\\/uploads\\\/2017\\\/12\\\/logo.png\",\"width\":350,\"height\":240,\"caption\":\"ITS Consulting GmbH\"},\"image\":{\"@id\":\"https:\\\/\\\/www.your-its.de\\\/website\\\/#\\\/schema\\\/logo\\\/image\\\/\"}}]}<\/script>\n<!-- \/ Yoast SEO plugin. -->","yoast_head_json":{"title":"Technologie - ITS Consulting GmbH","robots":{"index":"index","follow":"follow","max-snippet":"max-snippet:-1","max-image-preview":"max-image-preview:large","max-video-preview":"max-video-preview:-1"},"canonical":"https:\/\/www.your-its.de\/website\/leistungen\/de-technologie\/","og_locale":"de_DE","og_type":"article","og_title":"Technologie - ITS Consulting GmbH","og_description":"IT funktioniert nicht zuf\u00e4llig - wir sorgen mit durchdachten und getesteten L\u00f6sungen f\u00fcr hohe Performance und Qualit\u00e4t mit System. Seit 2005 betreiben wir ein eigenes Testlabor, in dem wir f\u00fcr unsere Kunden zusammen mit Herstellern die Systeme testen. Zum Testbetrieb geh\u00f6ren die Erstellung individueller Testpl\u00e4ne, die Konzeptionierung und Durchf\u00fchrung von &hellip;","og_url":"https:\/\/www.your-its.de\/website\/leistungen\/de-technologie\/","og_site_name":"ITS Consulting GmbH","article_modified_time":"2023-01-25T14:03:51+00:00","twitter_card":"summary_large_image","twitter_misc":{"Gesch\u00e4tzte Lesezeit":"2\u00a0Minuten"},"schema":{"@context":"https:\/\/schema.org","@graph":[{"@type":"WebPage","@id":"https:\/\/www.your-its.de\/website\/leistungen\/de-technologie\/","url":"https:\/\/www.your-its.de\/website\/leistungen\/de-technologie\/","name":"Technologie - ITS Consulting GmbH","isPartOf":{"@id":"https:\/\/www.your-its.de\/website\/#website"},"datePublished":"2018-03-09T11:37:01+00:00","dateModified":"2023-01-25T14:03:51+00:00","breadcrumb":{"@id":"https:\/\/www.your-its.de\/website\/leistungen\/de-technologie\/#breadcrumb"},"inLanguage":"de","potentialAction":[{"@type":"ReadAction","target":["https:\/\/www.your-its.de\/website\/leistungen\/de-technologie\/"]}]},{"@type":"BreadcrumbList","@id":"https:\/\/www.your-its.de\/website\/leistungen\/de-technologie\/#breadcrumb","itemListElement":[{"@type":"ListItem","position":1,"name":"Startseite","item":"https:\/\/www.your-its.de\/website\/"},{"@type":"ListItem","position":2,"name":"Leistungen","item":"https:\/\/www.your-its.de\/website\/leistungen\/"},{"@type":"ListItem","position":3,"name":"Technologie"}]},{"@type":"WebSite","@id":"https:\/\/www.your-its.de\/website\/#website","url":"https:\/\/www.your-its.de\/website\/","name":"ITS Consulting GmbH","description":"Qualit\u00e4t mit System","publisher":{"@id":"https:\/\/www.your-its.de\/website\/#organization"},"potentialAction":[{"@type":"SearchAction","target":{"@type":"EntryPoint","urlTemplate":"https:\/\/www.your-its.de\/website\/?s={search_term_string}"},"query-input":{"@type":"PropertyValueSpecification","valueRequired":true,"valueName":"search_term_string"}}],"inLanguage":"de"},{"@type":"Organization","@id":"https:\/\/www.your-its.de\/website\/#organization","name":"ITS Consulting GmbH","url":"https:\/\/www.your-its.de\/website\/","logo":{"@type":"ImageObject","inLanguage":"de","@id":"https:\/\/www.your-its.de\/website\/#\/schema\/logo\/image\/","url":"https:\/\/www.your-its.de\/website\/wp-content\/uploads\/2017\/12\/logo.png","contentUrl":"https:\/\/www.your-its.de\/website\/wp-content\/uploads\/2017\/12\/logo.png","width":350,"height":240,"caption":"ITS Consulting GmbH"},"image":{"@id":"https:\/\/www.your-its.de\/website\/#\/schema\/logo\/image\/"}}]}},"_links":{"self":[{"href":"https:\/\/www.your-its.de\/website\/wp-json\/wp\/v2\/pages\/878","targetHints":{"allow":["GET"]}}],"collection":[{"href":"https:\/\/www.your-its.de\/website\/wp-json\/wp\/v2\/pages"}],"about":[{"href":"https:\/\/www.your-its.de\/website\/wp-json\/wp\/v2\/types\/page"}],"author":[{"embeddable":true,"href":"https:\/\/www.your-its.de\/website\/wp-json\/wp\/v2\/users\/1"}],"replies":[{"embeddable":true,"href":"https:\/\/www.your-its.de\/website\/wp-json\/wp\/v2\/comments?post=878"}],"version-history":[{"count":55,"href":"https:\/\/www.your-its.de\/website\/wp-json\/wp\/v2\/pages\/878\/revisions"}],"predecessor-version":[{"id":2064,"href":"https:\/\/www.your-its.de\/website\/wp-json\/wp\/v2\/pages\/878\/revisions\/2064"}],"up":[{"embeddable":true,"href":"https:\/\/www.your-its.de\/website\/wp-json\/wp\/v2\/pages\/97"}],"wp:attachment":[{"href":"https:\/\/www.your-its.de\/website\/wp-json\/wp\/v2\/media?parent=878"}],"curies":[{"name":"wp","href":"https:\/\/api.w.org\/{rel}","templated":true}]}}