{"id":809,"date":"2018-03-05T14:09:57","date_gmt":"2018-03-05T13:09:57","guid":{"rendered":"http:\/\/your-its.eu\/website\/?page_id=809"},"modified":"2018-05-22T14:52:40","modified_gmt":"2018-05-22T12:52:40","slug":"de-datenschutzerklaerung","status":"publish","type":"page","link":"https:\/\/www.your-its.de\/website\/de-datenschutzerklaerung\/","title":{"rendered":"Datenschutzerkl\u00e4rung"},"content":{"rendered":"<h4>1. Einleitung<\/h4>\n<p>Bei jedem Webseitenbesuch erfolgt eine elektronische Datenverarbeitung. Auf dieser Seite erkl\u00e4ren wir Ihnen welche Daten wie verarbeitet werden.<\/p>\n<h4>2. Verantwortliche Stelle (Verantwortlicher)<\/h4>\n<p><strong>Informations Technologie Service und Consulting GmbH<\/strong><br \/>\nHeidjerweg 2<br \/>\n21266 Jesteburg<br \/>\nKontaktdaten: siehe Impressum<\/p>\n<h4>3. Datenschutzbeauftragter<\/h4>\n<div><a title=\"HUBIT Datenschutz\" href=\"http:\/\/www.hubit-datenschutz.de\/\" target=\"_blank\" rel=\"noopener\"><img decoding=\"async\" src=\"https:\/\/www.hubit.de\/logo\/datenschutzerklaerung-k0-datenschutzbeauftragtern-hubit-datenschutz-bremen.png\" alt=\"HUBIT Datenschutz\" width=\"200\" height=\"200\" border=\"0\" \/><\/a><\/div>\n<div>\n<p><span style=\"text-indent: 0em;\">Haye H\u00f6sel<\/span>&#8211; externer &amp; gepr\u00fcfter Datenschutzbeauftragter &#8211;<\/p>\n<p>HUBIT Datenschutz<br \/>\nEmail: <a href=\"&#x6d;a&#x69;&#108;&#x74;&#x6f;:&#x69;&#110;&#x66;&#x6f;&#64;&#x68;&#117;&#x62;&#x69;t&#x2e;&#100;&#x65;\">&#x69;&#110;f&#x6f;&#64;h&#x75;&#98;i&#x74;&#46;d&#x65;<\/a><br \/>\nWebseite: <a title=\"Datenschutzbeauftragter HUBIT Bremen\" href=\"https:\/\/www.hubit.de\/\">www.hubit-datenschutz.de<\/a><br \/>\nDatenschutz-Telefon: 0421-89830294<\/p>\n<\/div>\n<p><a name=\"allgemeine_information_datenschutz\"><\/a><\/p>\n<h4>4. Allgemeine Informationen zum Datenschutz<\/h4>\n<h5>Datenverarbeitung bei Webseitenaufrufen<\/h5>\n<p>Bei dem Aufruf einer Webseite werden automatisch eine Vielzahl von Daten &#8211; auch personenbezogene Daten &#8211; \u00fcber das Internet \u00fcbertragen. Dies ist aus technischer Sicht erforderlich, damit der Webseitenaufruf \u00fcberhaupt funktioniert und auch um Ihnen das bestm\u00f6gliche Ergebnis liefern zu k\u00f6nnen.<\/p>\n<p>Immer wenn Sie zum Beispiel eine Webseite aufrufen, ein Bild von einem Server abgerufen wird, ein externes Plugins (oder Skripts) geladen oder ein Video ge-stream-t wird oder eine der vielen anderen \u00fcbertragungsm\u00f6glichkeiten genutzt wird, werden von Ihrem Rechner Daten an den Server gesendet, von dem Sie diese abrufen. Bei dem Aufruf einer Webseite sendet Ihr Browser (z.B. Firefox, Internet Explorer, Edge, Opera, Safari) automatisch bestimmte Informationen von Ihrem System. Diese Daten sind beispielsweise:<\/p>\n<ul>\n<li>Webseite von der aus die Webseite oder eine Datei (Bild, Skript, Video) aufgerufen bzw. in der die Datei eingebunden ist (Referer)<\/li>\n<li>Betriebssystem<\/li>\n<li>Bildschirmaufl\u00f6sung<\/li>\n<li>Tastaturlayout (Sprache)<\/li>\n<li>IP-Adresse von der aus die Webseite bzw. Datei aufgerufen wurde<\/li>\n<li>Name der aufgerufenen Webseite bzw. Datei<\/li>\n<li>Zeitstempel (Datum und Uhrzeit) des Aufrufs<\/li>\n<li>Name des Browsers und seine Version<\/li>\n<li>\u00fcbertragene Datenmenge<\/li>\n<li>Zugriffsstatus (Datei \u00fcbertragen, Fehlercode)<\/li>\n<\/ul>\n<p>Diese Daten werden von jedem Server protokolliert. Die Protokollierung erfolgt beispielsweise zur<\/p>\n<ul>\n<li>Wahrung und \u00dcberpr\u00fcfung der IT-Sicherheit (z.B. zur Erkennung von Hackerangriffen) und IT-Betrieb<\/li>\n<li>statistische Auswertung (\u00fcber die Nutzung der Webseite)<\/li>\n<li>Verbesserung der Webseite<\/li>\n<li>angepassten Ausgabe der Webseite oder Dateien, so dass diese optimiert auf Ihrem Endger\u00e4t angezeigt werden (k\u00f6nnen)<\/li>\n<\/ul>\n<p>F\u00fcr Sicherheitsprotokolle wird keine Pseudonymisierung oder Anonymisierung eingesetzt, da dann kein R\u00fcckschluss auf potenzielle Angreifer m\u00f6glich w\u00e4re. In der Regel erfolgt die Auswertung der Daten f\u00fcr andere Zwecke anonymisiert und es wird auch keine Profilbildung betrieben. Weitere Informationen finden Sie im weiteren Verlauf dieser Datenschutzerkl\u00e4rung.<\/p>\n<h5>Betroffene Person<\/h5>\n<p>Die &#8222;Betroffene Person&#8220; (auch &#8222;Betroffener&#8220; genannt), ist die Person deren personenbezogene Daten erhoben und verarbeitet werden. Im Folgenden ist die &#8222;Betroffene Person&#8220; auch als &#8222;Webseitenbesucher&#8220; oder &#8222;User&#8220; benannt.<\/p>\n<div>\n<h5>Informationen zu Betroffenenrechten<\/h5>\n<p>Jeder Betroffene kann seine gegen\u00fcber dem Verantwortlichen seine Rechte (Betroffenenrechte) geltend machen. Dies kann als Email, per Post oder ein bereitgestelltes Formular erfolgen. Auch telefonische Anfragen sind m\u00f6glich. Jedoch werden telefonische Anfragen nur angenommen und nicht am Telefon beantwortet.Der Verantwortliche w\u00e4hlt das Medium (Post, Email, sonstige Medien) aus und schickt dem Betroffenen \u00fcber dieses Medium die Antwort auf seine Anfrage. Die Antworten auf Anfragen zu den Betroffenenrechten erfolgt kostenlos. Bei \u00fcberm\u00e4\u00dfiger Aus\u00fcbung (z.B. starke H\u00e4ufung) der Betroffenenrechte eine Geb\u00fchr erhoben werden. Die Antwort erfolgt innerhalb der gesetzlichen Frist von einem Monat. Die Frist kann in Ausnahmef\u00e4llen verl\u00e4ngert werden (z.B. hohe Anzahl von Anfragen oder hohe Komplexit\u00e4t der Anfrage). Die Fristverl\u00e4ngerung ist zu begr\u00fcnden.Im Folgenden sind die Betroffenenrechte aufgef\u00fchrt. Der \u00dcbersicht halber haben wir die Betroffenenrechte stichpunktartig notiert. Hinter jeder Aufz\u00e4hlung finden Sie einen Link zu ausf\u00fchrlichen Erkl\u00e4rungen (auf den Seiten von HUBIT-Datenschutz).<\/p>\n<ul>\n<li><a title=\"Recht auf Auskunft; EU DSGVO Betroffenenrechte Datenschutz\" href=\"https:\/\/www.hubit.de\/betroffenenrecht-eu-datenschutzgrundverordnung-eu-dsgvo\/#recht_auskunft\" target=\"_blank\" rel=\"noopener\">Auskunftsrecht<\/a><\/li>\n<li><a title=\"Recht auf Berichtigung; EU DSGVO Betroffenenrechte Datenschutz\" href=\"https:\/\/www.hubit.de\/betroffenenrecht-eu-datenschutzgrundverordnung-eu-dsgvo\/#recht_berichtigung\" target=\"_blank\" rel=\"noopener\">Recht auf Berichtigung<\/a><\/li>\n<li><a title=\"Recht auf L\u00f6schung; EU DSGVO Betroffenenrechte Datenschutz\" href=\"https:\/\/www.hubit.de\/betroffenenrecht-eu-datenschutzgrundverordnung-eu-dsgvo\/#recht_loeschung\" target=\"_blank\" rel=\"noopener\">Recht auf L\u00f6schung<\/a><\/li>\n<li><a title=\"Einschr\u00e4nkung der Verarbeitung; EU DSGVO Betroffenenrechte Datenschutz\" href=\"https:\/\/www.hubit.de\/betroffenenrecht-eu-datenschutzgrundverordnung-eu-dsgvo\/#recht_einschraenkung\" target=\"_blank\" rel=\"noopener\">Einschr\u00e4nkung der Verarbeitung<\/a><\/li>\n<li><a title=\"Recht auf Daten\u00fcbertragbarkeit; EU DSGVO Betroffenenrechte Datenschutz\" href=\"https:\/\/www.hubit.de\/betroffenenrecht-eu-datenschutzgrundverordnung-eu-dsgvo\/#recht_datenuebertragbarkeit\" target=\"_blank\" rel=\"noopener\">Recht auf Daten\u00fcbertragbarkeit<\/a><\/li>\n<li><a title=\"Widerruf der Einwilligung; EU DSGVO Betroffenenrechte Datenschutz\" href=\"https:\/\/www.hubit.de\/betroffenenrecht-eu-datenschutzgrundverordnung-eu-dsgvo\/#recht_widerruf\" target=\"_blank\" rel=\"noopener\">Widerruf der Einwilligung<\/a><\/li>\n<li><a title=\"Widerspruchsrecht; EU DSGVO Betroffenenrechte Datenschutz\" href=\"https:\/\/www.hubit.de\/betroffenenrecht-eu-datenschutzgrundverordnung-eu-dsgvo\/#recht_widerspruch\" target=\"_blank\" rel=\"noopener\">Widerspruchsrecht<\/a><\/li>\n<li><a title=\"Beschwerderecht; EU DSGVO Betroffenenrechte Datenschutz\" href=\"https:\/\/www.hubit.de\/betroffenenrecht-eu-datenschutzgrundverordnung-eu-dsgvo\/#recht_beschwerde\" target=\"_blank\" rel=\"noopener\">Beschwerderecht<\/a><\/li>\n<\/ul>\n<p>Der Betroffene muss sich gegen\u00fcber dem Verantwortlichen Authentifizieren, damit sichergestellt ist, dass er zur Aus\u00fcbung der Betroffenenrechte legitimiert ist.<\/p>\n<p>Auf der Seite von HUBIT-Datenschutz finden Sie ein Formular, \u00fcber welches Sie Ihre Betroffenenrechte bei uns aus\u00fcben k\u00f6nnen. <a title=\"Formular zur Aus\u00fcbung von Betroffenenrechten\" href=\"https:\/\/www.hubit.de\/formular-fuer-betroffenenrechte\/\" target=\"_blank\" rel=\"noopener\">Formular zur Aus\u00fcbung von Betroffenenrechten<\/a><\/p>\n<\/div>\n<p><a name=\"cookies\"><\/a><\/p>\n<h4>5. Cookies<\/h4>\n<p>Wir setzen permanente Cookies ein. Diese bleiben gespeichert, bis ihr Ablaufdatum erreicht wurde.<\/p>\n<p>Sie haben die M\u00f6glichkeit, dass Sie Cookies \u00fcber die Einstellung in Ihrem Browser l\u00f6schen. Auf der Seite von <a title=\"Cookies l\u00f6schen\" href=\"https:\/\/www.hubit.de\/was-sind-cookies-wofuer-sind-cookies-wie-kann-ich-cookies-loeschen\/\" target=\"_blank\" rel=\"noopener\">HUBIT Datenschutz<\/a> finden Sie weitere Informatinen zu Cookies und wie Sie diese l\u00f6schen k\u00f6nnen.<\/p>\n<p><a name=\"verschlusselungderwebseite\"><\/a><\/p>\n<h4>6. Verschl\u00fcsselung der Webseite<\/h4>\n<p>Alle Webseiten werden unverschl\u00fcsselt \u00fcbertragen.<\/p>\n<p><a name=\"formulare\"><\/a><\/p>\n<h4>8. Formulare<\/h4>\n<p><a name=\"kontaktformular\"><\/a><\/p>\n<h5>Kontaktformular<\/h5>\n<p>\u00dcber unser Kontaktformular k\u00f6nnen Sie uns kontaktieren. Bitte f\u00fcllen Sie alle Pflichtfelder aus. Alternativ haben Sie die M\u00f6glichkeit uns telefonisch, per Email oder pers\u00f6nlich zu kontaktieren.<\/p>\n<p>Im Rahmen der Verarbeitung werden die Daten nicht an Dritte weitergegeben. Die Daten werden f\u00fcr die Bearbeitung Ihrer Anfrage genutzt.<\/p>\n<p>Die Rechtsgrundlage f\u00fcr die Datenverarbeitung mit Einwilligung ist Art. 6 Abs. 1 lit. a DSGVO.<br \/>\nDie Rechtsgrundlage f\u00fcr die Datenverarbeitung durch \u00dcbersendung einer Email ist Art. 6 Abs. 1 lit. f DSGVO. Ist das Ziel der Kontaktaufnahme per Email, der Abschluss eines Vertrags, ist Art. 6 Abs. 1 lit. b DSGVO die Rechtsgrundlage f\u00fcr die Datenverarbeitung.<\/p>\n<p>Die Verarbeitung der personenbezogenen Daten aus dem Kontaktformular dient uns allein der Bearbeitung Ihrer Anfrage bzw. Kontaktaufnahme. Sofern Sie uns mittels Email kontaktieren liegt ebenfalls ein berechtigtes Interesse an der Verarbeitung der personenbezogenen Daten.<br \/>\nSonstige Daten, die im Rahmen des Absendens und der damit verbunden Vorg\u00e4nge verarbeitet werden, dienen der Verhinderung bzw. Aufkl\u00e4rung von Missbrauch und der Sicherstellung der Sicherheit der IT-Systeme.<\/p>\n<p>Die Daten werden gel\u00f6scht, sobald der Zweck ihrer Erhebung erreicht. Dies ist der Fall, wenn die im Kontaktformular eigegebenen Daten bzw. die Daten, die per Email verschickt wurden, nicht weiter f\u00fcr die Konversation bzw. Beantwortung der Anfrage ben\u00f6tigt werden, sofern keine weiteren gesetzlichen Aufbewahrungsfristen dem entgegenstehen.<br \/>\nDie Daten, die im Zusammenhang mit dem Versand der Daten zus\u00e4tzlich erhoben werden, werden sp\u00e4testens nach einer Frist von 7 Tagen gel\u00f6scht.<\/p>\n<p>Die Einwilligung in die Datenverarbeitung kann jederzeit widerrufen werden. In diesem Falle kann die Konversation nicht fortgef\u00fchrt werden bzw. die Anfrage nicht weiterbearbeitet werden. Im Falle des Widerspruchs werden alle Daten, die aufgrund der Kontaktaufnahme gespeichert wurden, gel\u00f6scht, sofern keine gesetzlichen Aufbewahrungsfristen dem entgegenstehen.<br \/>\nAuf der Webseite von HUBIT-Datenschutz steht Ihnen ein Formular zur Einreichung Ihres Widerspruchs bereit. Ihre Anfrage wird durch unseren Datenschutzbeauftragten entgegen genommen und an die erforderlichen Stellen in unserem Hause weitergeleitet. <a title=\"Formular zur Aus\u00fcbung von Betroffenenrechten\" href=\"https:\/\/www.hubit.de\/formular-fuer-betroffenenrechte\/\" target=\"_blank\" rel=\"noopener\">Formular zur Aus\u00fcbung von Betroffenenrechten<\/a><\/p>\n<p><a name=\"statistiktools\"><\/a><\/p>\n<h4>9. Statistik-Tools<\/h4>\n<p>Wir haben auf den Einsatz von Statistik-Tools verzichtet.<\/p>\n<p><a name=\"googlemaps\"><\/a><\/p>\n<h5>Google-Maps<\/h5>\n<p>Auf unserer Webseite haben wir das Kartensystem von Google-Maps eingebunden. Das Kartensystem ist interaktiv und bietet Ihnen viele M\u00f6glichkeiten und Karten-Funktionen.<\/p>\n<p>Mit dem Aufruf des Kartendienstes, damit dieser angezeigt werden kann, werden von Ihrem Browser Informationen an den Anbieter des Kartendienstes gesendet. Dies sind die gleichen Daten, die auch beim Aufruf einer Webseite oder eine Datei vom Browser \u00fcbermittelt werden (siehe: <a href=\"file:\/\/\/Users\/mathiashappke\/Library\/Containers\/com.apple.mail\/Data\/Library\/Mail%20Downloads\/9215026C-DB18-4B39-AE5D-6AD104947D56\/A0002-k201-3-294%20website.its-webportal.de%20Datenschutzerklaerung.html#allgemeine_information_datenschutz\">Allgemeine Informationen<\/a>). Die Daten\u00fcbermittlung ist unabh\u00e4ngig davon, ob Sie ein Google-Konto haben oder in diesem eingeloggt sind. Wenn Sie eingeloggt sind, k\u00f6nnen die Daten durch Google mit Ihrem Nutzerkonto verkn\u00fcpft bzw. zugeordnet werden.<\/p>\n<p>Die Rechtsgrundlage f\u00fcr den Einsatz von Google Maps ist Art. 6 Abs. 1 S. 1 lit. f DS-GVO.<br \/>\nGoogle ist dem EU-Privacy-Shield beigetreten (<a href=\"https:\/\/www.privacyshield.gov\/EU-US-Framework\" target=\"blank\">https:\/\/www.privacyshield.gov\/EU-US-Framework<\/a>).<\/p>\n<p>Google speichert die Daten und nutzt diese f\u00fcr die Verbesserung ihrer Dienste, f\u00fcr Werbung und ggf. f\u00fcr Marktforschung. Die Genauen Zwecke der Datenverarbeitung und detaillierte Informationen zum Datenschutz finden Sie auf den Webseiten von Google (siehe: Widerspruch und Beseitigungsm\u00f6glichkeiten).<\/p>\n<p>Siehe: Widerspruchs- und Beseitigungsm\u00f6glichkeiten<\/p>\n<p>Wenn Sie nicht w\u00fcnschen, dass die Informationen mit Ihrem Google-Konto verkn\u00fcpft bzw. diesem zugeordnet werden, loggen Sie sich zuvor aus dem Google-Konto aus.<br \/>\nBitte beachten Sie auch die Informationen, die Google zur Datenverarbeitung und zum Datenschutz bereitstellt.<br \/>\nDatenschutzerkl\u00e4rung von Google: <a href=\"https:\/\/policies.google.com\/privacy\" target=\"blank\">https:\/\/policies.google.com\/privacy<\/a><br \/>\nErkl\u00e4rung: Kontrolle \u00fcber Privatsph\u00e4re: <a href=\"https:\/\/privacy.google.com\/take-control.html?categories_activeEl=sign-in\" target=\"blank\">https:\/\/privacy.google.com\/take-control.html?categories_activeEl=sign-in<br \/>\n<\/a>Privatsph\u00e4re-Check von Google: <a href=\"https:\/\/myaccount.google.com\/intro\/privacycheckup\" target=\"blank\">https:\/\/myaccount.google.com\/intro\/privacycheckup<\/a><br \/>\nErkl\u00e4rung zu Datenschutz bei Google: <a href=\"https:\/\/privacy.google.com\/\" target=\"blank\">https:\/\/privacy.google.com\/<\/a>#<br \/>\nErkl\u00e4rung, welche Daten erfasst und verwendet werden: <a href=\"https:\/\/privacy.google.com\/your-data.html\" target=\"blank\">https:\/\/privacy.google.com\/your-data.html<\/a><\/p>\n<p><a name=\"weiteredatenverarbeitungen\"><\/a><\/p>\n<h4>12. Weitere Datenverarbeitungen<\/h4>\n<p><a name=\"googlewebfonts\"><\/a><\/p>\n<h5>Google Webfonts<\/h5>\n<p>Wir setzen Webfonts (Schriftarten) von Google ein. Mit Hilfe dieser Schriftarten haben sie mit jedem Ger\u00e4t die optimale Darstellung der Schriften.<\/p>\n<p>Weitere Informationen zu Umfang und Zweck der Datenverarbeitung bei Google sowie Widerspruchs- und Beseitigungsm\u00f6glichkeiten finden Sie auf den folgenden Webseiten von Google:<br \/>\nWenn Sie nicht w\u00fcnschen, dass die Informationen mit Ihrem Google-Konto verkn\u00fcpft bzw. diesem zugeordnet werden, loggen Sie sich zuvor aus dem Google-Konto aus.<br \/>\nDatenschutzerkl\u00e4rung von Google: <a href=\"https:\/\/policies.google.com\/privacy\" target=\"blank\">https:\/\/policies.google.com\/privacy<\/a><br \/>\nErkl\u00e4rung: Kontrolle \u00fcber Privatsph\u00e4re: <a href=\"https:\/\/privacy.google.com\/take-control.html?categories_activeEl=sign-in\" target=\"blank\">https:\/\/privacy.google.com\/take-control.html?categories_activeEl=sign-in<\/a><br \/>\nPrivatsph\u00e4re-Check von Google: <a href=\"https:\/\/myaccount.google.com\/intro\/privacycheckup\" target=\"blank\">https:\/\/myaccount.google.com\/intro\/privacycheckup<\/a><br \/>\nErkl\u00e4rung zu Datenschutz bei Google: <a href=\"https:\/\/privacy.google.com\/\" target=\"blank\">https:\/\/privacy.google.com\/<\/a>#<br \/>\nErkl\u00e4rung, welche Daten erfasst und verwendet werden: <a href=\"https:\/\/privacy.google.com\/your-data.html\" target=\"blank\">https:\/\/privacy.google.com\/your-data.html<\/a><\/p>\n<h5>Sonstiges<\/h5>\n<p>\u00dcber die Archivfunktion von Suchmaschinen sind die Daten zudem h\u00e4ufig auch dann noch abrufbar, wenn die Angaben aus den oben genannten Internet-Angeboten bereits entfernt oder ge\u00e4ndert wurden.<\/p>\n<p>&nbsp;<\/p>\n<p>Datenschutzerkl\u00e4rung wurde erstellt durch <a href=\"https:\/\/www.hubit.de\/\">HUBIT-Datenschutz.<\/a><\/p>\n","protected":false},"excerpt":{"rendered":"<p>1. Einleitung Bei jedem Webseitenbesuch erfolgt eine elektronische Datenverarbeitung. Auf dieser Seite erkl\u00e4ren wir Ihnen welche Daten wie verarbeitet werden. 2. Verantwortliche Stelle (Verantwortlicher) Informations Technologie Service und Consulting GmbH Heidjerweg 2 21266 Jesteburg Kontaktdaten: siehe Impressum 3. Datenschutzbeauftragter Haye H\u00f6sel&#8211; externer &amp; gepr\u00fcfter Datenschutzbeauftragter &#8211; HUBIT Datenschutz Email: &#x69;&#x6e;&#x66;&#x6f;&#64;&#104;ubi&#x74;&#x2e;&#x64;&#x65; &hellip;<\/p>\n","protected":false},"author":1,"featured_media":0,"parent":0,"menu_order":0,"comment_status":"closed","ping_status":"closed","template":"","meta":{"footnotes":""},"class_list":["post-809","page","type-page","status-publish","hentry"],"yoast_head":"<!-- This site is optimized with the Yoast SEO plugin v27.5 - https:\/\/yoast.com\/product\/yoast-seo-wordpress\/ -->\n<title>Datenschutzerkl\u00e4rung - ITS Consulting GmbH<\/title>\n<meta name=\"robots\" content=\"noindex, nofollow\" \/>\n<meta property=\"og:locale\" content=\"de_DE\" \/>\n<meta property=\"og:type\" content=\"article\" \/>\n<meta property=\"og:title\" content=\"Datenschutzerkl\u00e4rung - ITS Consulting GmbH\" \/>\n<meta property=\"og:description\" content=\"1. Einleitung Bei jedem Webseitenbesuch erfolgt eine elektronische Datenverarbeitung. Auf dieser Seite erkl\u00e4ren wir Ihnen welche Daten wie verarbeitet werden. 2. Verantwortliche Stelle (Verantwortlicher) Informations Technologie Service und Consulting GmbH Heidjerweg 2 21266 Jesteburg Kontaktdaten: siehe Impressum 3. Datenschutzbeauftragter Haye H\u00f6sel&#8211; externer &amp; gepr\u00fcfter Datenschutzbeauftragter &#8211; HUBIT Datenschutz Email: i&#110;&#102;&#111;&#x40;&#x68;&#x75;bi&#116;&#046;&#x64;&#x65; &hellip;\" \/>\n<meta property=\"og:url\" content=\"https:\/\/www.your-its.de\/website\/de-datenschutzerklaerung\/\" \/>\n<meta property=\"og:site_name\" content=\"ITS Consulting GmbH\" \/>\n<meta property=\"article:modified_time\" content=\"2018-05-22T12:52:40+00:00\" \/>\n<meta property=\"og:image\" content=\"https:\/\/www.hubit.de\/logo\/datenschutzerklaerung-k0-datenschutzbeauftragtern-hubit-datenschutz-bremen.png\" \/>\n<meta name=\"twitter:card\" content=\"summary_large_image\" \/>\n<meta name=\"twitter:label1\" content=\"Gesch\u00e4tzte Lesezeit\" \/>\n\t<meta name=\"twitter:data1\" content=\"7\u00a0Minuten\" \/>\n<script type=\"application\/ld+json\" class=\"yoast-schema-graph\">{\"@context\":\"https:\\\/\\\/schema.org\",\"@graph\":[{\"@type\":\"WebPage\",\"@id\":\"https:\\\/\\\/www.your-its.de\\\/website\\\/de-datenschutzerklaerung\\\/\",\"url\":\"https:\\\/\\\/www.your-its.de\\\/website\\\/de-datenschutzerklaerung\\\/\",\"name\":\"Datenschutzerkl\u00e4rung - ITS Consulting GmbH\",\"isPartOf\":{\"@id\":\"https:\\\/\\\/www.your-its.de\\\/website\\\/#website\"},\"primaryImageOfPage\":{\"@id\":\"https:\\\/\\\/www.your-its.de\\\/website\\\/de-datenschutzerklaerung\\\/#primaryimage\"},\"image\":{\"@id\":\"https:\\\/\\\/www.your-its.de\\\/website\\\/de-datenschutzerklaerung\\\/#primaryimage\"},\"thumbnailUrl\":\"https:\\\/\\\/www.hubit.de\\\/logo\\\/datenschutzerklaerung-k0-datenschutzbeauftragtern-hubit-datenschutz-bremen.png\",\"datePublished\":\"2018-03-05T13:09:57+00:00\",\"dateModified\":\"2018-05-22T12:52:40+00:00\",\"breadcrumb\":{\"@id\":\"https:\\\/\\\/www.your-its.de\\\/website\\\/de-datenschutzerklaerung\\\/#breadcrumb\"},\"inLanguage\":\"de\",\"potentialAction\":[{\"@type\":\"ReadAction\",\"target\":[\"https:\\\/\\\/www.your-its.de\\\/website\\\/de-datenschutzerklaerung\\\/\"]}]},{\"@type\":\"ImageObject\",\"inLanguage\":\"de\",\"@id\":\"https:\\\/\\\/www.your-its.de\\\/website\\\/de-datenschutzerklaerung\\\/#primaryimage\",\"url\":\"https:\\\/\\\/www.hubit.de\\\/logo\\\/datenschutzerklaerung-k0-datenschutzbeauftragtern-hubit-datenschutz-bremen.png\",\"contentUrl\":\"https:\\\/\\\/www.hubit.de\\\/logo\\\/datenschutzerklaerung-k0-datenschutzbeauftragtern-hubit-datenschutz-bremen.png\"},{\"@type\":\"BreadcrumbList\",\"@id\":\"https:\\\/\\\/www.your-its.de\\\/website\\\/de-datenschutzerklaerung\\\/#breadcrumb\",\"itemListElement\":[{\"@type\":\"ListItem\",\"position\":1,\"name\":\"Startseite\",\"item\":\"https:\\\/\\\/www.your-its.de\\\/website\\\/\"},{\"@type\":\"ListItem\",\"position\":2,\"name\":\"Datenschutzerkl\u00e4rung\"}]},{\"@type\":\"WebSite\",\"@id\":\"https:\\\/\\\/www.your-its.de\\\/website\\\/#website\",\"url\":\"https:\\\/\\\/www.your-its.de\\\/website\\\/\",\"name\":\"ITS Consulting GmbH\",\"description\":\"Qualit\u00e4t mit System\",\"publisher\":{\"@id\":\"https:\\\/\\\/www.your-its.de\\\/website\\\/#organization\"},\"potentialAction\":[{\"@type\":\"SearchAction\",\"target\":{\"@type\":\"EntryPoint\",\"urlTemplate\":\"https:\\\/\\\/www.your-its.de\\\/website\\\/?s={search_term_string}\"},\"query-input\":{\"@type\":\"PropertyValueSpecification\",\"valueRequired\":true,\"valueName\":\"search_term_string\"}}],\"inLanguage\":\"de\"},{\"@type\":\"Organization\",\"@id\":\"https:\\\/\\\/www.your-its.de\\\/website\\\/#organization\",\"name\":\"ITS Consulting GmbH\",\"url\":\"https:\\\/\\\/www.your-its.de\\\/website\\\/\",\"logo\":{\"@type\":\"ImageObject\",\"inLanguage\":\"de\",\"@id\":\"https:\\\/\\\/www.your-its.de\\\/website\\\/#\\\/schema\\\/logo\\\/image\\\/\",\"url\":\"https:\\\/\\\/www.your-its.de\\\/website\\\/wp-content\\\/uploads\\\/2017\\\/12\\\/logo.png\",\"contentUrl\":\"https:\\\/\\\/www.your-its.de\\\/website\\\/wp-content\\\/uploads\\\/2017\\\/12\\\/logo.png\",\"width\":350,\"height\":240,\"caption\":\"ITS Consulting GmbH\"},\"image\":{\"@id\":\"https:\\\/\\\/www.your-its.de\\\/website\\\/#\\\/schema\\\/logo\\\/image\\\/\"}}]}<\/script>\n<!-- \/ Yoast SEO plugin. -->","yoast_head_json":{"title":"Datenschutzerkl\u00e4rung - ITS Consulting GmbH","robots":{"index":"noindex","follow":"nofollow"},"og_locale":"de_DE","og_type":"article","og_title":"Datenschutzerkl\u00e4rung - ITS Consulting GmbH","og_description":"1. Einleitung Bei jedem Webseitenbesuch erfolgt eine elektronische Datenverarbeitung. Auf dieser Seite erkl\u00e4ren wir Ihnen welche Daten wie verarbeitet werden. 2. Verantwortliche Stelle (Verantwortlicher) Informations Technologie Service und Consulting GmbH Heidjerweg 2 21266 Jesteburg Kontaktdaten: siehe Impressum 3. Datenschutzbeauftragter Haye H\u00f6sel&#8211; externer &amp; gepr\u00fcfter Datenschutzbeauftragter &#8211; HUBIT Datenschutz Email: i&#110;&#102;&#111;&#x40;&#x68;&#x75;bi&#116;&#46;&#x64;&#x65; &hellip;","og_url":"https:\/\/www.your-its.de\/website\/de-datenschutzerklaerung\/","og_site_name":"ITS Consulting GmbH","article_modified_time":"2018-05-22T12:52:40+00:00","og_image":[{"url":"https:\/\/www.hubit.de\/logo\/datenschutzerklaerung-k0-datenschutzbeauftragtern-hubit-datenschutz-bremen.png","type":"","width":"","height":""}],"twitter_card":"summary_large_image","twitter_misc":{"Gesch\u00e4tzte Lesezeit":"7\u00a0Minuten"},"schema":{"@context":"https:\/\/schema.org","@graph":[{"@type":"WebPage","@id":"https:\/\/www.your-its.de\/website\/de-datenschutzerklaerung\/","url":"https:\/\/www.your-its.de\/website\/de-datenschutzerklaerung\/","name":"Datenschutzerkl\u00e4rung - ITS Consulting GmbH","isPartOf":{"@id":"https:\/\/www.your-its.de\/website\/#website"},"primaryImageOfPage":{"@id":"https:\/\/www.your-its.de\/website\/de-datenschutzerklaerung\/#primaryimage"},"image":{"@id":"https:\/\/www.your-its.de\/website\/de-datenschutzerklaerung\/#primaryimage"},"thumbnailUrl":"https:\/\/www.hubit.de\/logo\/datenschutzerklaerung-k0-datenschutzbeauftragtern-hubit-datenschutz-bremen.png","datePublished":"2018-03-05T13:09:57+00:00","dateModified":"2018-05-22T12:52:40+00:00","breadcrumb":{"@id":"https:\/\/www.your-its.de\/website\/de-datenschutzerklaerung\/#breadcrumb"},"inLanguage":"de","potentialAction":[{"@type":"ReadAction","target":["https:\/\/www.your-its.de\/website\/de-datenschutzerklaerung\/"]}]},{"@type":"ImageObject","inLanguage":"de","@id":"https:\/\/www.your-its.de\/website\/de-datenschutzerklaerung\/#primaryimage","url":"https:\/\/www.hubit.de\/logo\/datenschutzerklaerung-k0-datenschutzbeauftragtern-hubit-datenschutz-bremen.png","contentUrl":"https:\/\/www.hubit.de\/logo\/datenschutzerklaerung-k0-datenschutzbeauftragtern-hubit-datenschutz-bremen.png"},{"@type":"BreadcrumbList","@id":"https:\/\/www.your-its.de\/website\/de-datenschutzerklaerung\/#breadcrumb","itemListElement":[{"@type":"ListItem","position":1,"name":"Startseite","item":"https:\/\/www.your-its.de\/website\/"},{"@type":"ListItem","position":2,"name":"Datenschutzerkl\u00e4rung"}]},{"@type":"WebSite","@id":"https:\/\/www.your-its.de\/website\/#website","url":"https:\/\/www.your-its.de\/website\/","name":"ITS Consulting GmbH","description":"Qualit\u00e4t mit System","publisher":{"@id":"https:\/\/www.your-its.de\/website\/#organization"},"potentialAction":[{"@type":"SearchAction","target":{"@type":"EntryPoint","urlTemplate":"https:\/\/www.your-its.de\/website\/?s={search_term_string}"},"query-input":{"@type":"PropertyValueSpecification","valueRequired":true,"valueName":"search_term_string"}}],"inLanguage":"de"},{"@type":"Organization","@id":"https:\/\/www.your-its.de\/website\/#organization","name":"ITS Consulting GmbH","url":"https:\/\/www.your-its.de\/website\/","logo":{"@type":"ImageObject","inLanguage":"de","@id":"https:\/\/www.your-its.de\/website\/#\/schema\/logo\/image\/","url":"https:\/\/www.your-its.de\/website\/wp-content\/uploads\/2017\/12\/logo.png","contentUrl":"https:\/\/www.your-its.de\/website\/wp-content\/uploads\/2017\/12\/logo.png","width":350,"height":240,"caption":"ITS Consulting GmbH"},"image":{"@id":"https:\/\/www.your-its.de\/website\/#\/schema\/logo\/image\/"}}]}},"_links":{"self":[{"href":"https:\/\/www.your-its.de\/website\/wp-json\/wp\/v2\/pages\/809","targetHints":{"allow":["GET"]}}],"collection":[{"href":"https:\/\/www.your-its.de\/website\/wp-json\/wp\/v2\/pages"}],"about":[{"href":"https:\/\/www.your-its.de\/website\/wp-json\/wp\/v2\/types\/page"}],"author":[{"embeddable":true,"href":"https:\/\/www.your-its.de\/website\/wp-json\/wp\/v2\/users\/1"}],"replies":[{"embeddable":true,"href":"https:\/\/www.your-its.de\/website\/wp-json\/wp\/v2\/comments?post=809"}],"version-history":[{"count":9,"href":"https:\/\/www.your-its.de\/website\/wp-json\/wp\/v2\/pages\/809\/revisions"}],"predecessor-version":[{"id":1842,"href":"https:\/\/www.your-its.de\/website\/wp-json\/wp\/v2\/pages\/809\/revisions\/1842"}],"wp:attachment":[{"href":"https:\/\/www.your-its.de\/website\/wp-json\/wp\/v2\/media?parent=809"}],"curies":[{"name":"wp","href":"https:\/\/api.w.org\/{rel}","templated":true}]}}