{"id":18,"date":"2017-04-04T11:05:38","date_gmt":"2017-04-04T09:05:38","guid":{"rendered":"http:\/\/your-its.eu\/website\/?page_id=18"},"modified":"2018-05-16T11:11:27","modified_gmt":"2018-05-16T09:11:27","slug":"impressum","status":"publish","type":"page","link":"https:\/\/www.your-its.de\/website\/impressum\/","title":{"rendered":"Impressum"},"content":{"rendered":"<p>Informations Technologie Service und Consulting GmbH<\/p>\n<div align=\"left\">Heidjerweg 2<\/div>\n<div align=\"left\">21266 Jesteburg<\/div>\n<div align=\"left\">Tel. +49 (0) 4183 77444 0<\/div>\n<div align=\"left\">Fax +49 (0) 4183 77444 21<\/div>\n<div align=\"left\">\n<p>E-Mail:\u00a0<a href=\"mail&#116;&#111;&#58;&#105;&#110;&#102;&#111;&#x40;&#x79;&#x6f;&#x75;&#x72;&#x2d;&#x69;&#x74;&#x73;&#46;de\">&#x69;&#110;f&#x6f;&#64;y&#x6f;&#x75;&#114;&#x2d;&#x69;&#116;s&#x2e;&#100;e<\/a>\u00a0vertreten durch den Gesch\u00e4ftsf\u00fchrer: Dipl. -Math. Wolfgang Quade<\/p>\n<p>Handelsregister: HRB 5280<\/p>\n<p>Registergericht: Amtsgericht Tostedt<\/p>\n<p>Umsatzsteuer-Indentifikationsnummer: DE240735040<\/p>\n<p>Verantwortlich f\u00fcr Konzeption und Gestaltung:<br \/>\nInformations Technologie Service und Consulting GmbH<\/p>\n<p>Die Informations Technologie Service und Consulting GmbH distanziert sich ausdr\u00fccklich und \u00fcbernimmt dar\u00fcber hinaus keine Haftung f\u00fcr Inhalte verlinkter Websites. Hierbei handelt es sich um externe Angebote, auf deren Inhalte die Informations Technologie Service und Consulting GmbH keinen Einfluss hat.<\/p>\n<\/div>\n<p>&nbsp;<\/p>\n","protected":false},"excerpt":{"rendered":"<p>Informations Technologie Service und Consulting GmbH Heidjerweg 2 21266 Jesteburg Tel. +49 (0) 4183 77444 0 Fax +49 (0) 4183 77444 21 E-Mail:\u00a0&#x69;&#x6e;&#x66;&#x6f;&#x40;&#121;&#111;&#117;&#114;-it&#x73;&#x2e;&#x64;&#x65;\u00a0vertreten durch den Gesch\u00e4ftsf\u00fchrer: Dipl. -Math. Wolfgang Quade Handelsregister: HRB 5280 Registergericht: Amtsgericht Tostedt Umsatzsteuer-Indentifikationsnummer: DE240735040 Verantwortlich f\u00fcr Konzeption und Gestaltung: Informations Technologie Service und Consulting GmbH Die &hellip;<\/p>\n","protected":false},"author":1,"featured_media":0,"parent":0,"menu_order":0,"comment_status":"closed","ping_status":"closed","template":"","meta":{"footnotes":""},"class_list":["post-18","page","type-page","status-publish","hentry"],"yoast_head":"<!-- This site is optimized with the Yoast SEO plugin v27.5 - https:\/\/yoast.com\/product\/yoast-seo-wordpress\/ -->\n<title>Impressum - ITS Consulting GmbH<\/title>\n<meta name=\"robots\" content=\"index, follow, max-snippet:-1, max-image-preview:large, max-video-preview:-1\" \/>\n<link rel=\"canonical\" href=\"https:\/\/www.your-its.de\/website\/impressum\/\" \/>\n<meta property=\"og:locale\" content=\"de_DE\" \/>\n<meta property=\"og:type\" content=\"article\" \/>\n<meta property=\"og:title\" content=\"Impressum - ITS Consulting GmbH\" \/>\n<meta property=\"og:description\" content=\"Informations Technologie Service und Consulting GmbH Heidjerweg 2 21266 Jesteburg Tel. +49 (0) 4183 77444 0 Fax +49 (0) 4183 77444 21 E-Mail:\u00a0&#105;&#x6e;&#x66;o&#064;&#x79;&#x6f;u&#114;&#x2d;i&#116;&#x73;&#x2e;d&#101;\u00a0vertreten durch den Gesch\u00e4ftsf\u00fchrer: Dipl. -Math. Wolfgang Quade Handelsregister: HRB 5280 Registergericht: Amtsgericht Tostedt Umsatzsteuer-Indentifikationsnummer: DE240735040 Verantwortlich f\u00fcr Konzeption und Gestaltung: Informations Technologie Service und Consulting GmbH Die &hellip;\" \/>\n<meta property=\"og:url\" content=\"https:\/\/www.your-its.de\/website\/impressum\/\" \/>\n<meta property=\"og:site_name\" content=\"ITS Consulting GmbH\" \/>\n<meta property=\"article:modified_time\" content=\"2018-05-16T09:11:27+00:00\" \/>\n<meta name=\"twitter:card\" content=\"summary_large_image\" \/>\n<script type=\"application\/ld+json\" class=\"yoast-schema-graph\">{\"@context\":\"https:\\\/\\\/schema.org\",\"@graph\":[{\"@type\":\"WebPage\",\"@id\":\"https:\\\/\\\/www.your-its.de\\\/website\\\/impressum\\\/\",\"url\":\"https:\\\/\\\/www.your-its.de\\\/website\\\/impressum\\\/\",\"name\":\"Impressum - ITS Consulting GmbH\",\"isPartOf\":{\"@id\":\"https:\\\/\\\/www.your-its.de\\\/website\\\/#website\"},\"datePublished\":\"2017-04-04T09:05:38+00:00\",\"dateModified\":\"2018-05-16T09:11:27+00:00\",\"breadcrumb\":{\"@id\":\"https:\\\/\\\/www.your-its.de\\\/website\\\/impressum\\\/#breadcrumb\"},\"inLanguage\":\"de\",\"potentialAction\":[{\"@type\":\"ReadAction\",\"target\":[\"https:\\\/\\\/www.your-its.de\\\/website\\\/impressum\\\/\"]}]},{\"@type\":\"BreadcrumbList\",\"@id\":\"https:\\\/\\\/www.your-its.de\\\/website\\\/impressum\\\/#breadcrumb\",\"itemListElement\":[{\"@type\":\"ListItem\",\"position\":1,\"name\":\"Startseite\",\"item\":\"https:\\\/\\\/www.your-its.de\\\/website\\\/\"},{\"@type\":\"ListItem\",\"position\":2,\"name\":\"Impressum\"}]},{\"@type\":\"WebSite\",\"@id\":\"https:\\\/\\\/www.your-its.de\\\/website\\\/#website\",\"url\":\"https:\\\/\\\/www.your-its.de\\\/website\\\/\",\"name\":\"ITS Consulting GmbH\",\"description\":\"Qualit\u00e4t mit System\",\"publisher\":{\"@id\":\"https:\\\/\\\/www.your-its.de\\\/website\\\/#organization\"},\"potentialAction\":[{\"@type\":\"SearchAction\",\"target\":{\"@type\":\"EntryPoint\",\"urlTemplate\":\"https:\\\/\\\/www.your-its.de\\\/website\\\/?s={search_term_string}\"},\"query-input\":{\"@type\":\"PropertyValueSpecification\",\"valueRequired\":true,\"valueName\":\"search_term_string\"}}],\"inLanguage\":\"de\"},{\"@type\":\"Organization\",\"@id\":\"https:\\\/\\\/www.your-its.de\\\/website\\\/#organization\",\"name\":\"ITS Consulting GmbH\",\"url\":\"https:\\\/\\\/www.your-its.de\\\/website\\\/\",\"logo\":{\"@type\":\"ImageObject\",\"inLanguage\":\"de\",\"@id\":\"https:\\\/\\\/www.your-its.de\\\/website\\\/#\\\/schema\\\/logo\\\/image\\\/\",\"url\":\"https:\\\/\\\/www.your-its.de\\\/website\\\/wp-content\\\/uploads\\\/2017\\\/12\\\/logo.png\",\"contentUrl\":\"https:\\\/\\\/www.your-its.de\\\/website\\\/wp-content\\\/uploads\\\/2017\\\/12\\\/logo.png\",\"width\":350,\"height\":240,\"caption\":\"ITS Consulting GmbH\"},\"image\":{\"@id\":\"https:\\\/\\\/www.your-its.de\\\/website\\\/#\\\/schema\\\/logo\\\/image\\\/\"}}]}<\/script>\n<!-- \/ Yoast SEO plugin. -->","yoast_head_json":{"title":"Impressum - ITS Consulting GmbH","robots":{"index":"index","follow":"follow","max-snippet":"max-snippet:-1","max-image-preview":"max-image-preview:large","max-video-preview":"max-video-preview:-1"},"canonical":"https:\/\/www.your-its.de\/website\/impressum\/","og_locale":"de_DE","og_type":"article","og_title":"Impressum - ITS Consulting GmbH","og_description":"Informations Technologie Service und Consulting GmbH Heidjerweg 2 21266 Jesteburg Tel. +49 (0) 4183 77444 0 Fax +49 (0) 4183 77444 21 E-Mail:\u00a0&#105;&#x6e;&#x66;o&#64;&#x79;&#x6f;u&#114;&#x2d;i&#116;&#x73;&#x2e;d&#101;\u00a0vertreten durch den Gesch\u00e4ftsf\u00fchrer: Dipl. -Math. Wolfgang Quade Handelsregister: HRB 5280 Registergericht: Amtsgericht Tostedt Umsatzsteuer-Indentifikationsnummer: DE240735040 Verantwortlich f\u00fcr Konzeption und Gestaltung: Informations Technologie Service und Consulting GmbH Die &hellip;","og_url":"https:\/\/www.your-its.de\/website\/impressum\/","og_site_name":"ITS Consulting GmbH","article_modified_time":"2018-05-16T09:11:27+00:00","twitter_card":"summary_large_image","schema":{"@context":"https:\/\/schema.org","@graph":[{"@type":"WebPage","@id":"https:\/\/www.your-its.de\/website\/impressum\/","url":"https:\/\/www.your-its.de\/website\/impressum\/","name":"Impressum - ITS Consulting GmbH","isPartOf":{"@id":"https:\/\/www.your-its.de\/website\/#website"},"datePublished":"2017-04-04T09:05:38+00:00","dateModified":"2018-05-16T09:11:27+00:00","breadcrumb":{"@id":"https:\/\/www.your-its.de\/website\/impressum\/#breadcrumb"},"inLanguage":"de","potentialAction":[{"@type":"ReadAction","target":["https:\/\/www.your-its.de\/website\/impressum\/"]}]},{"@type":"BreadcrumbList","@id":"https:\/\/www.your-its.de\/website\/impressum\/#breadcrumb","itemListElement":[{"@type":"ListItem","position":1,"name":"Startseite","item":"https:\/\/www.your-its.de\/website\/"},{"@type":"ListItem","position":2,"name":"Impressum"}]},{"@type":"WebSite","@id":"https:\/\/www.your-its.de\/website\/#website","url":"https:\/\/www.your-its.de\/website\/","name":"ITS Consulting GmbH","description":"Qualit\u00e4t mit System","publisher":{"@id":"https:\/\/www.your-its.de\/website\/#organization"},"potentialAction":[{"@type":"SearchAction","target":{"@type":"EntryPoint","urlTemplate":"https:\/\/www.your-its.de\/website\/?s={search_term_string}"},"query-input":{"@type":"PropertyValueSpecification","valueRequired":true,"valueName":"search_term_string"}}],"inLanguage":"de"},{"@type":"Organization","@id":"https:\/\/www.your-its.de\/website\/#organization","name":"ITS Consulting GmbH","url":"https:\/\/www.your-its.de\/website\/","logo":{"@type":"ImageObject","inLanguage":"de","@id":"https:\/\/www.your-its.de\/website\/#\/schema\/logo\/image\/","url":"https:\/\/www.your-its.de\/website\/wp-content\/uploads\/2017\/12\/logo.png","contentUrl":"https:\/\/www.your-its.de\/website\/wp-content\/uploads\/2017\/12\/logo.png","width":350,"height":240,"caption":"ITS Consulting GmbH"},"image":{"@id":"https:\/\/www.your-its.de\/website\/#\/schema\/logo\/image\/"}}]}},"_links":{"self":[{"href":"https:\/\/www.your-its.de\/website\/wp-json\/wp\/v2\/pages\/18","targetHints":{"allow":["GET"]}}],"collection":[{"href":"https:\/\/www.your-its.de\/website\/wp-json\/wp\/v2\/pages"}],"about":[{"href":"https:\/\/www.your-its.de\/website\/wp-json\/wp\/v2\/types\/page"}],"author":[{"embeddable":true,"href":"https:\/\/www.your-its.de\/website\/wp-json\/wp\/v2\/users\/1"}],"replies":[{"embeddable":true,"href":"https:\/\/www.your-its.de\/website\/wp-json\/wp\/v2\/comments?post=18"}],"version-history":[{"count":8,"href":"https:\/\/www.your-its.de\/website\/wp-json\/wp\/v2\/pages\/18\/revisions"}],"predecessor-version":[{"id":1818,"href":"https:\/\/www.your-its.de\/website\/wp-json\/wp\/v2\/pages\/18\/revisions\/1818"}],"wp:attachment":[{"href":"https:\/\/www.your-its.de\/website\/wp-json\/wp\/v2\/media?parent=18"}],"curies":[{"name":"wp","href":"https:\/\/api.w.org\/{rel}","templated":true}]}}