{"id":1737,"date":"2018-05-16T14:14:40","date_gmt":"2018-05-16T12:14:40","guid":{"rendered":"http:\/\/your-its.eu\/website\/?page_id=1737"},"modified":"2022-11-21T11:34:31","modified_gmt":"2022-11-21T10:34:31","slug":"main","status":"publish","type":"page","link":"https:\/\/www.your-its.de\/website\/","title":{"rendered":""},"content":{"rendered":"<h2 style=\"text-align: center;\">IT funktioniert nicht zuf\u00e4llig.<\/h2>\n<p>Als herstellerunabh\u00e4ngiger Berater f\u00fchren wir IT-Projekte in vielen Bereichen mit den Schwerpunkten <a href=\"https:\/\/www.your-its.de\/website\/de-kompetenzen\/de-oil\/\"><strong>OIL<\/strong><\/a>, <strong><a href=\"https:\/\/www.your-its.de\/website\/de-kompetenzen\/de-retail\/\">RETAIL<\/a><\/strong> und <strong><a href=\"https:\/\/www.your-its.de\/website\/de-kompetenzen\/de-payment\/\">PAYMENT<\/a><\/strong> durch. Wir entwickeln <strong><a href=\"https:\/\/www.your-its.de\/website\/leistungen\/consulting\/\">L\u00f6sungsdesigns<\/a><\/strong> und kundenspezifische Software, wir programmieren Schnittstellen und testen im eigenen <a href=\"https:\/\/www.your-its.de\/website\/leistungen\/de-technologie\/\"><strong>Labor<\/strong><\/a>, wir implementieren und bieten <strong><a href=\"https:\/\/www.your-its.de\/website\/leistungen\/de-service\/\">Support<\/a><\/strong>. Kurzum: Wir sind die Experten f\u00fcr diese Spezialaufgaben.<\/p>\n<p>Als inhabergef\u00fchrtes Unternehmen legen wir dabei besonderen Wert auf <a href=\"https:\/\/www.your-its.de\/website\/de-ueber-uns\/\"><strong>Qualit\u00e4t<\/strong><\/a> und kompetente Zusammenarbeit mit unseren Kunden. Teilweise bereits \u00fcber Jahrzehnte andauernde Gesch\u00e4ftsbeziehungen belegen unseren Erfolg und best\u00e4tigen uns in unseren Werten.<\/p>\n","protected":false},"excerpt":{"rendered":"<p>IT funktioniert nicht zuf\u00e4llig. Als herstellerunabh\u00e4ngiger Berater f\u00fchren wir IT-Projekte in vielen Bereichen mit den Schwerpunkten OIL, RETAIL und PAYMENT durch. Wir entwickeln L\u00f6sungsdesigns und kundenspezifische Software, wir programmieren Schnittstellen und testen im eigenen Labor, wir implementieren und bieten Support. Kurzum: Wir sind die Experten f\u00fcr diese Spezialaufgaben. Als inhabergef\u00fchrtes &hellip;<\/p>\n","protected":false},"author":1,"featured_media":0,"parent":0,"menu_order":0,"comment_status":"closed","ping_status":"closed","template":"","meta":{"footnotes":""},"class_list":["post-1737","page","type-page","status-publish","hentry"],"yoast_head":"<!-- This site is optimized with the Yoast SEO plugin v27.5 - https:\/\/yoast.com\/product\/yoast-seo-wordpress\/ -->\n<title>- ITS Consulting GmbH<\/title>\n<meta name=\"robots\" content=\"index, follow, max-snippet:-1, max-image-preview:large, max-video-preview:-1\" \/>\n<link rel=\"canonical\" href=\"https:\/\/www.your-its.de\/website\/\" \/>\n<meta property=\"og:locale\" content=\"de_DE\" \/>\n<meta property=\"og:type\" content=\"article\" \/>\n<meta property=\"og:title\" content=\"- ITS Consulting GmbH\" \/>\n<meta property=\"og:description\" content=\"IT funktioniert nicht zuf\u00e4llig. Als herstellerunabh\u00e4ngiger Berater f\u00fchren wir IT-Projekte in vielen Bereichen mit den Schwerpunkten OIL, RETAIL und PAYMENT durch. Wir entwickeln L\u00f6sungsdesigns und kundenspezifische Software, wir programmieren Schnittstellen und testen im eigenen Labor, wir implementieren und bieten Support. Kurzum: Wir sind die Experten f\u00fcr diese Spezialaufgaben. Als inhabergef\u00fchrtes &hellip;\" \/>\n<meta property=\"og:url\" content=\"https:\/\/www.your-its.de\/website\/\" \/>\n<meta property=\"og:site_name\" content=\"ITS Consulting GmbH\" \/>\n<meta property=\"article:modified_time\" content=\"2022-11-21T10:34:31+00:00\" \/>\n<meta name=\"twitter:card\" content=\"summary_large_image\" \/>\n<meta name=\"twitter:label1\" content=\"Gesch\u00e4tzte Lesezeit\" \/>\n\t<meta name=\"twitter:data1\" content=\"1\u00a0Minute\" \/>\n<script type=\"application\/ld+json\" class=\"yoast-schema-graph\">{\"@context\":\"https:\\\/\\\/schema.org\",\"@graph\":[{\"@type\":\"WebPage\",\"@id\":\"https:\\\/\\\/www.your-its.de\\\/website\\\/\",\"url\":\"https:\\\/\\\/www.your-its.de\\\/website\\\/\",\"name\":\"- ITS Consulting GmbH\",\"isPartOf\":{\"@id\":\"https:\\\/\\\/www.your-its.de\\\/website\\\/#website\"},\"datePublished\":\"2018-05-16T12:14:40+00:00\",\"dateModified\":\"2022-11-21T10:34:31+00:00\",\"inLanguage\":\"de\",\"potentialAction\":[{\"@type\":\"ReadAction\",\"target\":[\"https:\\\/\\\/www.your-its.de\\\/website\\\/\"]}]},{\"@type\":\"WebSite\",\"@id\":\"https:\\\/\\\/www.your-its.de\\\/website\\\/#website\",\"url\":\"https:\\\/\\\/www.your-its.de\\\/website\\\/\",\"name\":\"ITS Consulting GmbH\",\"description\":\"Qualit\u00e4t mit System\",\"publisher\":{\"@id\":\"https:\\\/\\\/www.your-its.de\\\/website\\\/#organization\"},\"potentialAction\":[{\"@type\":\"SearchAction\",\"target\":{\"@type\":\"EntryPoint\",\"urlTemplate\":\"https:\\\/\\\/www.your-its.de\\\/website\\\/?s={search_term_string}\"},\"query-input\":{\"@type\":\"PropertyValueSpecification\",\"valueRequired\":true,\"valueName\":\"search_term_string\"}}],\"inLanguage\":\"de\"},{\"@type\":\"Organization\",\"@id\":\"https:\\\/\\\/www.your-its.de\\\/website\\\/#organization\",\"name\":\"ITS Consulting GmbH\",\"url\":\"https:\\\/\\\/www.your-its.de\\\/website\\\/\",\"logo\":{\"@type\":\"ImageObject\",\"inLanguage\":\"de\",\"@id\":\"https:\\\/\\\/www.your-its.de\\\/website\\\/#\\\/schema\\\/logo\\\/image\\\/\",\"url\":\"https:\\\/\\\/www.your-its.de\\\/website\\\/wp-content\\\/uploads\\\/2017\\\/12\\\/logo.png\",\"contentUrl\":\"https:\\\/\\\/www.your-its.de\\\/website\\\/wp-content\\\/uploads\\\/2017\\\/12\\\/logo.png\",\"width\":350,\"height\":240,\"caption\":\"ITS Consulting GmbH\"},\"image\":{\"@id\":\"https:\\\/\\\/www.your-its.de\\\/website\\\/#\\\/schema\\\/logo\\\/image\\\/\"}}]}<\/script>\n<!-- \/ Yoast SEO plugin. -->","yoast_head_json":{"title":"- ITS Consulting GmbH","robots":{"index":"index","follow":"follow","max-snippet":"max-snippet:-1","max-image-preview":"max-image-preview:large","max-video-preview":"max-video-preview:-1"},"canonical":"https:\/\/www.your-its.de\/website\/","og_locale":"de_DE","og_type":"article","og_title":"- ITS Consulting GmbH","og_description":"IT funktioniert nicht zuf\u00e4llig. Als herstellerunabh\u00e4ngiger Berater f\u00fchren wir IT-Projekte in vielen Bereichen mit den Schwerpunkten OIL, RETAIL und PAYMENT durch. Wir entwickeln L\u00f6sungsdesigns und kundenspezifische Software, wir programmieren Schnittstellen und testen im eigenen Labor, wir implementieren und bieten Support. Kurzum: Wir sind die Experten f\u00fcr diese Spezialaufgaben. Als inhabergef\u00fchrtes &hellip;","og_url":"https:\/\/www.your-its.de\/website\/","og_site_name":"ITS Consulting GmbH","article_modified_time":"2022-11-21T10:34:31+00:00","twitter_card":"summary_large_image","twitter_misc":{"Gesch\u00e4tzte Lesezeit":"1\u00a0Minute"},"schema":{"@context":"https:\/\/schema.org","@graph":[{"@type":"WebPage","@id":"https:\/\/www.your-its.de\/website\/","url":"https:\/\/www.your-its.de\/website\/","name":"- ITS Consulting GmbH","isPartOf":{"@id":"https:\/\/www.your-its.de\/website\/#website"},"datePublished":"2018-05-16T12:14:40+00:00","dateModified":"2022-11-21T10:34:31+00:00","inLanguage":"de","potentialAction":[{"@type":"ReadAction","target":["https:\/\/www.your-its.de\/website\/"]}]},{"@type":"WebSite","@id":"https:\/\/www.your-its.de\/website\/#website","url":"https:\/\/www.your-its.de\/website\/","name":"ITS Consulting GmbH","description":"Qualit\u00e4t mit System","publisher":{"@id":"https:\/\/www.your-its.de\/website\/#organization"},"potentialAction":[{"@type":"SearchAction","target":{"@type":"EntryPoint","urlTemplate":"https:\/\/www.your-its.de\/website\/?s={search_term_string}"},"query-input":{"@type":"PropertyValueSpecification","valueRequired":true,"valueName":"search_term_string"}}],"inLanguage":"de"},{"@type":"Organization","@id":"https:\/\/www.your-its.de\/website\/#organization","name":"ITS Consulting GmbH","url":"https:\/\/www.your-its.de\/website\/","logo":{"@type":"ImageObject","inLanguage":"de","@id":"https:\/\/www.your-its.de\/website\/#\/schema\/logo\/image\/","url":"https:\/\/www.your-its.de\/website\/wp-content\/uploads\/2017\/12\/logo.png","contentUrl":"https:\/\/www.your-its.de\/website\/wp-content\/uploads\/2017\/12\/logo.png","width":350,"height":240,"caption":"ITS Consulting GmbH"},"image":{"@id":"https:\/\/www.your-its.de\/website\/#\/schema\/logo\/image\/"}}]}},"_links":{"self":[{"href":"https:\/\/www.your-its.de\/website\/wp-json\/wp\/v2\/pages\/1737","targetHints":{"allow":["GET"]}}],"collection":[{"href":"https:\/\/www.your-its.de\/website\/wp-json\/wp\/v2\/pages"}],"about":[{"href":"https:\/\/www.your-its.de\/website\/wp-json\/wp\/v2\/types\/page"}],"author":[{"embeddable":true,"href":"https:\/\/www.your-its.de\/website\/wp-json\/wp\/v2\/users\/1"}],"replies":[{"embeddable":true,"href":"https:\/\/www.your-its.de\/website\/wp-json\/wp\/v2\/comments?post=1737"}],"version-history":[{"count":6,"href":"https:\/\/www.your-its.de\/website\/wp-json\/wp\/v2\/pages\/1737\/revisions"}],"predecessor-version":[{"id":2053,"href":"https:\/\/www.your-its.de\/website\/wp-json\/wp\/v2\/pages\/1737\/revisions\/2053"}],"wp:attachment":[{"href":"https:\/\/www.your-its.de\/website\/wp-json\/wp\/v2\/media?parent=1737"}],"curies":[{"name":"wp","href":"https:\/\/api.w.org\/{rel}","templated":true}]}}