{"id":1685,"date":"2018-05-16T13:20:47","date_gmt":"2018-05-16T11:20:47","guid":{"rendered":"http:\/\/your-its.eu\/website\/?page_id=1685"},"modified":"2023-01-25T15:02:13","modified_gmt":"2023-01-25T14:02:13","slug":"consulting","status":"publish","type":"page","link":"https:\/\/www.your-its.de\/website\/leistungen\/consulting\/","title":{"rendered":"Consulting"},"content":{"rendered":"<div id=\"pl-1685\"  class=\"panel-layout\" ><div id=\"pg-1685-0\"  class=\"panel-grid panel-no-style\" ><div id=\"pgc-1685-0-0\"  class=\"panel-grid-cell\" ><div id=\"panel-1685-0-0-0\" class=\"so-panel widget widget_sow-editor panel-first-child panel-last-child\" data-index=\"0\" ><div\n\t\t\t\n\t\t\tclass=\"so-widget-sow-editor so-widget-sow-editor-base\"\n\t\t\t\n\t\t><h3 class=\"widget-title\">Wir analysieren, spezifizieren und beraten. <\/h3>\n<div class=\"siteorigin-widget-tinymce textwidget\">\n\t<p>Unsere Beratung folgt dem Anspruch, die bestm\u00f6gliche L\u00f6sung f\u00fcr die Praxis zu finden.<\/p>\n<\/div>\n<\/div><\/div><\/div><\/div><div id=\"pg-1685-1\"  class=\"panel-grid panel-no-style\" ><div id=\"pgc-1685-1-0\"  class=\"panel-grid-cell\" ><div id=\"panel-1685-1-0-0\" class=\"so-panel widget widget_sow-features panel-first-child panel-last-child\" data-index=\"1\" ><div\n\t\t\t\n\t\t\tclass=\"so-widget-sow-features so-widget-sow-features-default-8bc88cfa03e1-1685\"\n\t\t\t\n\t\t><ul\n\tclass=\"sow-features-list\n\tsow-features-responsive\">\n\n\t\t\t<li\n\t\t\tclass=\"sow-features-feature sow-icon-container-position-top\"\n\t\t\tstyle=\"display: flex; flex-direction: column; width: calc(100% - 25px);\"\n\t\t>\n\t\t\t\n\t\t\t\t\t\t<div\t\t\t\tclass=\"sow-icon-container sow-container-round\"\n\t\t\t\tstyle=\"color: #008694; \"\n\t\t\t\t\n\t\t\t\t\t\t\t>\n\t\t\t\t<span class=\"sow-icon-fontawesome sow-fas\" data-sow-icon=\"&#xf140;\"\n\t\tstyle=\"font-size: 40px; color: #FFFFFF\" \n\t\taria-hidden=\"true\"><\/span>\t\t\t<\/div>\n\n\t\t\t<div class=\"textwidget\">\n\t\t\t\t\n\t\t\t\t\t\t\t\t\t<h5 class=\"sow-features-feature-title\">\n\t\t\t\t\t\tPROZESSBERATUNG\t\t\t\t\t<\/h5>\n\t\t\t\t\n\t\t\t\t\t\t\t<\/div>\n\t\t\t\t\t\t\t\t<\/li>\n\n\t<\/ul>\n<\/div><\/div><\/div><div id=\"pgc-1685-1-1\"  class=\"panel-grid-cell\" ><div id=\"panel-1685-1-1-0\" class=\"so-panel widget widget_sow-editor panel-first-child panel-last-child\" data-index=\"2\" ><div\n\t\t\t\n\t\t\tclass=\"so-widget-sow-editor so-widget-sow-editor-base\"\n\t\t\t\n\t\t>\n<div class=\"siteorigin-widget-tinymce textwidget\">\n\t<p>Bei ITS fokussieren wir auf die <strong>Prozesse in IT-Systemen<\/strong> mit ihren <strong>Anwendungen<\/strong> und <strong>Schnittstellen<\/strong>. Wir analysieren und <strong>dokumentieren<\/strong> bestehende Prozesse, um auf deren Basis neue Prozesse zu <strong>erstellen<\/strong>, bestehende zu <strong>optimieren<\/strong> oder neue L\u00f6sungsans\u00e4tze zu entwickeln.<\/p>\n<\/div>\n<\/div><\/div><\/div><\/div><div id=\"pg-1685-2\"  class=\"panel-grid panel-no-style\" ><div id=\"pgc-1685-2-0\"  class=\"panel-grid-cell\" ><div id=\"panel-1685-2-0-0\" class=\"so-panel widget widget_sow-features panel-first-child panel-last-child\" data-index=\"3\" ><div\n\t\t\t\n\t\t\tclass=\"so-widget-sow-features so-widget-sow-features-default-8bc88cfa03e1-1685\"\n\t\t\t\n\t\t><ul\n\tclass=\"sow-features-list\n\tsow-features-responsive\">\n\n\t\t\t<li\n\t\t\tclass=\"sow-features-feature sow-icon-container-position-top\"\n\t\t\tstyle=\"display: flex; flex-direction: column; width: calc(100% - 25px);\"\n\t\t>\n\t\t\t\n\t\t\t\t\t\t<div\t\t\t\tclass=\"sow-icon-container sow-container-round\"\n\t\t\t\tstyle=\"color: #ffffff; \"\n\t\t\t\t\n\t\t\t\t\t\t\t>\n\t\t\t\t<span class=\"sow-icon-fontawesome sow-fas\" data-sow-icon=\"&#xf655;\"\n\t\tstyle=\"font-size: 40px; color: #008694\" \n\t\taria-hidden=\"true\"><\/span>\t\t\t<\/div>\n\n\t\t\t<div class=\"textwidget\">\n\t\t\t\t\n\t\t\t\t\t\t\t\t\t<h5 class=\"sow-features-feature-title\">\n\t\t\t\t\t\tL\u00d6SUNGSDESIGN\t\t\t\t\t<\/h5>\n\t\t\t\t\n\t\t\t\t\t\t\t<\/div>\n\t\t\t\t\t\t\t\t<\/li>\n\n\t<\/ul>\n<\/div><\/div><\/div><div id=\"pgc-1685-2-1\"  class=\"panel-grid-cell\" ><div id=\"panel-1685-2-1-0\" class=\"so-panel widget widget_sow-editor panel-first-child panel-last-child\" data-index=\"4\" ><div\n\t\t\t\n\t\t\tclass=\"so-widget-sow-editor so-widget-sow-editor-base\"\n\t\t\t\n\t\t>\n<div class=\"siteorigin-widget-tinymce textwidget\">\n\t<p>Von der ersten Kundenidee an konkretisieren wir Projekte und entwickeln sie zu <strong>Gesch\u00e4ftsmodellen<\/strong>. F\u00fcr deren Umsetzung nehmen wir die <strong>funktionalen Systemanforderungen<\/strong> auf und erstellen die <strong>Spezifikationen<\/strong>. In Form von <strong>Marketscreening<\/strong> und <strong>Produkt-Benchmarking<\/strong> suchen wir nach passenden Ans\u00e4tzen, um das optimale L\u00f6sungsdesign zu entwickeln. Dieses bewerten wir anschlie\u00dfend im Rahmen von <strong>Risikoanalysen<\/strong>, f\u00fchren bei Bedarf im Vorwege <strong>Tests<\/strong> in unserem eigenen Labor durch und geben unsere <strong>Handlungsempfehlung<\/strong>.<\/p>\n<p>Im n\u00e4chsten Schritt \u00fcbernehmen wir die <strong>Ausschreibungen<\/strong> sowie <strong>Implementierung<\/strong> beim Kunden. Dabei legen wir besonderen Wert auf <strong>Change Management<\/strong>, um die zuk\u00fcnftigen Anwender 'mitzunehmen'. Entsprechend geh\u00f6ren auch Planung, Organisation und Durchf\u00fchrung von <strong>Schulungen<\/strong> zu unserem Beratungsverst\u00e4ndnis.<\/p>\n<\/div>\n<\/div><\/div><\/div><\/div><div id=\"pg-1685-3\"  class=\"panel-grid panel-no-style\" ><div id=\"pgc-1685-3-0\"  class=\"panel-grid-cell\" ><div id=\"panel-1685-3-0-0\" class=\"so-panel widget widget_sow-features panel-first-child panel-last-child\" data-index=\"5\" ><div\n\t\t\t\n\t\t\tclass=\"so-widget-sow-features so-widget-sow-features-default-8bc88cfa03e1-1685\"\n\t\t\t\n\t\t><ul\n\tclass=\"sow-features-list\n\tsow-features-responsive\">\n\n\t\t\t<li\n\t\t\tclass=\"sow-features-feature sow-icon-container-position-top\"\n\t\t\tstyle=\"display: flex; flex-direction: column; width: calc(100% - 25px);\"\n\t\t>\n\t\t\t\n\t\t\t\t\t\t<div\t\t\t\tclass=\"sow-icon-container sow-container-round\"\n\t\t\t\tstyle=\"color: #ffffff; \"\n\t\t\t\t\n\t\t\t\t\t\t\t>\n\t\t\t\t<span class=\"sow-icon-fontawesome sow-fas\" data-sow-icon=\"&#xe0bb;\"\n\t\tstyle=\"font-size: 40px; color: #008694\" \n\t\taria-hidden=\"true\"><\/span>\t\t\t<\/div>\n\n\t\t\t<div class=\"textwidget\">\n\t\t\t\t\n\t\t\t\t\t\t\t\t\t<h5 class=\"sow-features-feature-title\">\n\t\t\t\t\t\tINFORMATIONSMANAGEMENT\t\t\t\t\t<\/h5>\n\t\t\t\t\n\t\t\t\t\t\t\t<\/div>\n\t\t\t\t\t\t\t\t<\/li>\n\n\t<\/ul>\n<\/div><\/div><\/div><div id=\"pgc-1685-3-1\"  class=\"panel-grid-cell\" ><div id=\"panel-1685-3-1-0\" class=\"so-panel widget widget_sow-editor panel-first-child panel-last-child\" data-index=\"6\" ><div\n\t\t\t\n\t\t\tclass=\"so-widget-sow-editor so-widget-sow-editor-base\"\n\t\t\t\n\t\t>\n<div class=\"siteorigin-widget-tinymce textwidget\">\n\t<p>Nur aktuelle und vollst\u00e4ndige Daten liefern die notwendige Datenqualit\u00e4t f\u00fcr ihre weitere Nutzung. Im Informationsmanagement liegt unser Fokus auf der <strong>Sicherstellung der Datenqualit\u00e4t<\/strong> und ihre <strong>Optimierung<\/strong>. Wir nutzen <strong>statistische und mathematische Modelle<\/strong>, um die Datenbest\u00e4nde (<strong>Big Data<\/strong>) unser Kunden zu <strong>analysieren<\/strong>. Einmalige Auswertungen wie regelm\u00e4\u00dfig implementierte <strong>Reports<\/strong>, zum Beispiel dargestellt in <strong>GEMRIS<\/strong>, liefern unseren Kunden wichtige Hinweise zur Weiterentwicklung oder Optimierung ihrer Gesch\u00e4ftsmodelle.<\/p>\n<\/div>\n<\/div><\/div><\/div><\/div><div id=\"pg-1685-4\"  class=\"panel-grid panel-no-style\" ><div id=\"pgc-1685-4-0\"  class=\"panel-grid-cell\" ><div id=\"panel-1685-4-0-0\" class=\"so-panel widget widget_sow-features panel-first-child panel-last-child\" data-index=\"7\" ><div\n\t\t\t\n\t\t\tclass=\"so-widget-sow-features so-widget-sow-features-default-8bc88cfa03e1-1685\"\n\t\t\t\n\t\t><ul\n\tclass=\"sow-features-list\n\tsow-features-responsive\">\n\n\t\t\t<li\n\t\t\tclass=\"sow-features-feature sow-icon-container-position-top\"\n\t\t\tstyle=\"display: flex; flex-direction: column; width: calc(100% - 25px);\"\n\t\t>\n\t\t\t\n\t\t\t\t\t\t<div\t\t\t\tclass=\"sow-icon-container sow-container-round\"\n\t\t\t\tstyle=\"color: #ffffff; \"\n\t\t\t\t\n\t\t\t\t\t\t\t>\n\t\t\t\t<span class=\"sow-icon-fontawesome sow-fas\" data-sow-icon=\"&#xf21b;\"\n\t\tstyle=\"font-size: 40px; color: #008694\" \n\t\taria-hidden=\"true\"><\/span>\t\t\t<\/div>\n\n\t\t\t<div class=\"textwidget\">\n\t\t\t\t\n\t\t\t\t\t\t\t\t\t<h5 class=\"sow-features-feature-title\">\n\t\t\t\t\t\tIT-SICHERHEIT\t\t\t\t\t<\/h5>\n\t\t\t\t\n\t\t\t\t\t\t\t<\/div>\n\t\t\t\t\t\t\t\t<\/li>\n\n\t<\/ul>\n<\/div><\/div><\/div><div id=\"pgc-1685-4-1\"  class=\"panel-grid-cell\" ><div id=\"panel-1685-4-1-0\" class=\"so-panel widget widget_sow-editor panel-first-child panel-last-child\" data-index=\"8\" ><div\n\t\t\t\n\t\t\tclass=\"so-widget-sow-editor so-widget-sow-editor-base\"\n\t\t\t\n\t\t>\n<div class=\"siteorigin-widget-tinymce textwidget\">\n\t<p>Bei IT-Sicherheit unterscheiden wir in technische und systemische Aspekte: Wir beraten unsere Kunden 'technisch', wie sie ihre Daten vor <strong>unberechtigtem Zugriff durch Dritte<\/strong> sch\u00fctzen k\u00f6nnen. Mit dem 'systemischen' Ansatz sorgen wir f\u00fcr IT-Sicherheit im Sinne der <strong>Datenverf\u00fcgbarkeit<\/strong>.<\/p>\n<p>Unsere Berater verf\u00fcgen \u00fcber Kompetenzen zu den Pr\u00fcfverfahren IT-Grundschutz gem\u00e4\u00df <strong>BSI-Standard<\/strong> und <strong>KritIS-Verordnung<\/strong> vom BSI. Sie sind entsprechend zertifiziert, beraten und bereiten unsere Kunden auf die jeweiligen <strong>Audits<\/strong> vor. W\u00e4hrend die Zertifzierung bzgl. IT-Grundschutz auf freiwilliger Basis erfolgt und der Unternehmensgr\u00f6\u00dfe angepasst werden kann, hat die KritIS-Verordnung aufgrund ihrer verpflichtenden Wirkung f\u00fcr <strong>kritische Infrastrukturen<\/strong> deutlich an Bedeutung gewonnen. Zu ihnen geh\u00f6ren alle Organisationen und Einrichtungen, die f\u00fcr die \u00f6ffentliche Versorgung notwendig sind, wie zum Beispiel Krankenh\u00e4user oder Stromnetze.<\/p>\n<\/div>\n<\/div><\/div><\/div><\/div><\/div>","protected":false},"excerpt":{"rendered":"<p>Unsere Beratung folgt dem Anspruch, die bestm\u00f6gliche L\u00f6sung f\u00fcr die Praxis zu finden. Bei ITS fokussieren wir auf die Prozesse in IT-Systemen mit ihren Anwendungen und Schnittstellen. Wir analysieren und dokumentieren bestehende Prozesse, um auf deren Basis neue Prozesse zu erstellen, bestehende zu optimieren oder neue L\u00f6sungsans\u00e4tze zu entwickeln.<\/p>\n","protected":false},"author":1,"featured_media":0,"parent":97,"menu_order":0,"comment_status":"closed","ping_status":"closed","template":"","meta":{"footnotes":""},"class_list":["post-1685","page","type-page","status-publish","hentry"],"yoast_head":"<!-- This site is optimized with the Yoast SEO plugin v27.5 - https:\/\/yoast.com\/product\/yoast-seo-wordpress\/ -->\n<title>Consulting - ITS Consulting GmbH<\/title>\n<meta name=\"robots\" content=\"index, follow, max-snippet:-1, max-image-preview:large, max-video-preview:-1\" \/>\n<link rel=\"canonical\" href=\"https:\/\/www.your-its.de\/website\/leistungen\/consulting\/\" \/>\n<meta property=\"og:locale\" content=\"de_DE\" \/>\n<meta property=\"og:type\" content=\"article\" \/>\n<meta property=\"og:title\" content=\"Consulting - ITS Consulting GmbH\" \/>\n<meta property=\"og:description\" content=\"Unsere Beratung folgt dem Anspruch, die bestm\u00f6gliche L\u00f6sung f\u00fcr die Praxis zu finden. Bei ITS fokussieren wir auf die Prozesse in IT-Systemen mit ihren Anwendungen und Schnittstellen. Wir analysieren und dokumentieren bestehende Prozesse, um auf deren Basis neue Prozesse zu erstellen, bestehende zu optimieren oder neue L\u00f6sungsans\u00e4tze zu entwickeln.\" \/>\n<meta property=\"og:url\" content=\"https:\/\/www.your-its.de\/website\/leistungen\/consulting\/\" \/>\n<meta property=\"og:site_name\" content=\"ITS Consulting GmbH\" \/>\n<meta property=\"article:modified_time\" content=\"2023-01-25T14:02:13+00:00\" \/>\n<meta name=\"twitter:card\" content=\"summary_large_image\" \/>\n<meta name=\"twitter:label1\" content=\"Gesch\u00e4tzte Lesezeit\" \/>\n\t<meta name=\"twitter:data1\" content=\"2\u00a0Minuten\" \/>\n<script type=\"application\/ld+json\" class=\"yoast-schema-graph\">{\"@context\":\"https:\\\/\\\/schema.org\",\"@graph\":[{\"@type\":\"WebPage\",\"@id\":\"https:\\\/\\\/www.your-its.de\\\/website\\\/leistungen\\\/consulting\\\/\",\"url\":\"https:\\\/\\\/www.your-its.de\\\/website\\\/leistungen\\\/consulting\\\/\",\"name\":\"Consulting - ITS Consulting GmbH\",\"isPartOf\":{\"@id\":\"https:\\\/\\\/www.your-its.de\\\/website\\\/#website\"},\"datePublished\":\"2018-05-16T11:20:47+00:00\",\"dateModified\":\"2023-01-25T14:02:13+00:00\",\"breadcrumb\":{\"@id\":\"https:\\\/\\\/www.your-its.de\\\/website\\\/leistungen\\\/consulting\\\/#breadcrumb\"},\"inLanguage\":\"de\",\"potentialAction\":[{\"@type\":\"ReadAction\",\"target\":[\"https:\\\/\\\/www.your-its.de\\\/website\\\/leistungen\\\/consulting\\\/\"]}]},{\"@type\":\"BreadcrumbList\",\"@id\":\"https:\\\/\\\/www.your-its.de\\\/website\\\/leistungen\\\/consulting\\\/#breadcrumb\",\"itemListElement\":[{\"@type\":\"ListItem\",\"position\":1,\"name\":\"Startseite\",\"item\":\"https:\\\/\\\/www.your-its.de\\\/website\\\/\"},{\"@type\":\"ListItem\",\"position\":2,\"name\":\"Leistungen\",\"item\":\"https:\\\/\\\/www.your-its.de\\\/website\\\/leistungen\\\/\"},{\"@type\":\"ListItem\",\"position\":3,\"name\":\"Consulting\"}]},{\"@type\":\"WebSite\",\"@id\":\"https:\\\/\\\/www.your-its.de\\\/website\\\/#website\",\"url\":\"https:\\\/\\\/www.your-its.de\\\/website\\\/\",\"name\":\"ITS Consulting GmbH\",\"description\":\"Qualit\u00e4t mit System\",\"publisher\":{\"@id\":\"https:\\\/\\\/www.your-its.de\\\/website\\\/#organization\"},\"potentialAction\":[{\"@type\":\"SearchAction\",\"target\":{\"@type\":\"EntryPoint\",\"urlTemplate\":\"https:\\\/\\\/www.your-its.de\\\/website\\\/?s={search_term_string}\"},\"query-input\":{\"@type\":\"PropertyValueSpecification\",\"valueRequired\":true,\"valueName\":\"search_term_string\"}}],\"inLanguage\":\"de\"},{\"@type\":\"Organization\",\"@id\":\"https:\\\/\\\/www.your-its.de\\\/website\\\/#organization\",\"name\":\"ITS Consulting GmbH\",\"url\":\"https:\\\/\\\/www.your-its.de\\\/website\\\/\",\"logo\":{\"@type\":\"ImageObject\",\"inLanguage\":\"de\",\"@id\":\"https:\\\/\\\/www.your-its.de\\\/website\\\/#\\\/schema\\\/logo\\\/image\\\/\",\"url\":\"https:\\\/\\\/www.your-its.de\\\/website\\\/wp-content\\\/uploads\\\/2017\\\/12\\\/logo.png\",\"contentUrl\":\"https:\\\/\\\/www.your-its.de\\\/website\\\/wp-content\\\/uploads\\\/2017\\\/12\\\/logo.png\",\"width\":350,\"height\":240,\"caption\":\"ITS Consulting GmbH\"},\"image\":{\"@id\":\"https:\\\/\\\/www.your-its.de\\\/website\\\/#\\\/schema\\\/logo\\\/image\\\/\"}}]}<\/script>\n<!-- \/ Yoast SEO plugin. -->","yoast_head_json":{"title":"Consulting - ITS Consulting GmbH","robots":{"index":"index","follow":"follow","max-snippet":"max-snippet:-1","max-image-preview":"max-image-preview:large","max-video-preview":"max-video-preview:-1"},"canonical":"https:\/\/www.your-its.de\/website\/leistungen\/consulting\/","og_locale":"de_DE","og_type":"article","og_title":"Consulting - ITS Consulting GmbH","og_description":"Unsere Beratung folgt dem Anspruch, die bestm\u00f6gliche L\u00f6sung f\u00fcr die Praxis zu finden. Bei ITS fokussieren wir auf die Prozesse in IT-Systemen mit ihren Anwendungen und Schnittstellen. Wir analysieren und dokumentieren bestehende Prozesse, um auf deren Basis neue Prozesse zu erstellen, bestehende zu optimieren oder neue L\u00f6sungsans\u00e4tze zu entwickeln.","og_url":"https:\/\/www.your-its.de\/website\/leistungen\/consulting\/","og_site_name":"ITS Consulting GmbH","article_modified_time":"2023-01-25T14:02:13+00:00","twitter_card":"summary_large_image","twitter_misc":{"Gesch\u00e4tzte Lesezeit":"2\u00a0Minuten"},"schema":{"@context":"https:\/\/schema.org","@graph":[{"@type":"WebPage","@id":"https:\/\/www.your-its.de\/website\/leistungen\/consulting\/","url":"https:\/\/www.your-its.de\/website\/leistungen\/consulting\/","name":"Consulting - ITS Consulting GmbH","isPartOf":{"@id":"https:\/\/www.your-its.de\/website\/#website"},"datePublished":"2018-05-16T11:20:47+00:00","dateModified":"2023-01-25T14:02:13+00:00","breadcrumb":{"@id":"https:\/\/www.your-its.de\/website\/leistungen\/consulting\/#breadcrumb"},"inLanguage":"de","potentialAction":[{"@type":"ReadAction","target":["https:\/\/www.your-its.de\/website\/leistungen\/consulting\/"]}]},{"@type":"BreadcrumbList","@id":"https:\/\/www.your-its.de\/website\/leistungen\/consulting\/#breadcrumb","itemListElement":[{"@type":"ListItem","position":1,"name":"Startseite","item":"https:\/\/www.your-its.de\/website\/"},{"@type":"ListItem","position":2,"name":"Leistungen","item":"https:\/\/www.your-its.de\/website\/leistungen\/"},{"@type":"ListItem","position":3,"name":"Consulting"}]},{"@type":"WebSite","@id":"https:\/\/www.your-its.de\/website\/#website","url":"https:\/\/www.your-its.de\/website\/","name":"ITS Consulting GmbH","description":"Qualit\u00e4t mit System","publisher":{"@id":"https:\/\/www.your-its.de\/website\/#organization"},"potentialAction":[{"@type":"SearchAction","target":{"@type":"EntryPoint","urlTemplate":"https:\/\/www.your-its.de\/website\/?s={search_term_string}"},"query-input":{"@type":"PropertyValueSpecification","valueRequired":true,"valueName":"search_term_string"}}],"inLanguage":"de"},{"@type":"Organization","@id":"https:\/\/www.your-its.de\/website\/#organization","name":"ITS Consulting GmbH","url":"https:\/\/www.your-its.de\/website\/","logo":{"@type":"ImageObject","inLanguage":"de","@id":"https:\/\/www.your-its.de\/website\/#\/schema\/logo\/image\/","url":"https:\/\/www.your-its.de\/website\/wp-content\/uploads\/2017\/12\/logo.png","contentUrl":"https:\/\/www.your-its.de\/website\/wp-content\/uploads\/2017\/12\/logo.png","width":350,"height":240,"caption":"ITS Consulting GmbH"},"image":{"@id":"https:\/\/www.your-its.de\/website\/#\/schema\/logo\/image\/"}}]}},"_links":{"self":[{"href":"https:\/\/www.your-its.de\/website\/wp-json\/wp\/v2\/pages\/1685","targetHints":{"allow":["GET"]}}],"collection":[{"href":"https:\/\/www.your-its.de\/website\/wp-json\/wp\/v2\/pages"}],"about":[{"href":"https:\/\/www.your-its.de\/website\/wp-json\/wp\/v2\/types\/page"}],"author":[{"embeddable":true,"href":"https:\/\/www.your-its.de\/website\/wp-json\/wp\/v2\/users\/1"}],"replies":[{"embeddable":true,"href":"https:\/\/www.your-its.de\/website\/wp-json\/wp\/v2\/comments?post=1685"}],"version-history":[{"count":18,"href":"https:\/\/www.your-its.de\/website\/wp-json\/wp\/v2\/pages\/1685\/revisions"}],"predecessor-version":[{"id":2062,"href":"https:\/\/www.your-its.de\/website\/wp-json\/wp\/v2\/pages\/1685\/revisions\/2062"}],"up":[{"embeddable":true,"href":"https:\/\/www.your-its.de\/website\/wp-json\/wp\/v2\/pages\/97"}],"wp:attachment":[{"href":"https:\/\/www.your-its.de\/website\/wp-json\/wp\/v2\/media?parent=1685"}],"curies":[{"name":"wp","href":"https:\/\/api.w.org\/{rel}","templated":true}]}}