{"id":1324,"date":"2018-03-26T11:18:04","date_gmt":"2018-03-26T09:18:04","guid":{"rendered":"http:\/\/your-its.eu\/website\/?page_id=1324"},"modified":"2022-11-21T09:40:43","modified_gmt":"2022-11-21T08:40:43","slug":"de-pos-bos-replacement","status":"publish","type":"page","link":"https:\/\/www.your-its.de\/website\/de-kompetenzen\/de-retail\/de-pos-bos-replacement\/","title":{"rendered":"Referenz: POS\/BOS-Replacement"},"content":{"rendered":"<div id=\"pl-1324\"  class=\"panel-layout\" ><div id=\"pg-1324-0\"  class=\"panel-grid panel-no-style\" ><div id=\"pgc-1324-0-0\"  class=\"panel-grid-cell\" ><div id=\"panel-1324-0-0-0\" class=\"so-panel widget widget_sow-editor panel-first-child panel-last-child\" data-index=\"0\" ><div\n\t\t\t\n\t\t\tclass=\"so-widget-sow-editor so-widget-sow-editor-base\"\n\t\t\t\n\t\t><h3 class=\"widget-title\">Referenz: POS\/BOS-Replacement<\/h3>\n<div class=\"siteorigin-widget-tinymce textwidget\">\n\t<p>Unser Kunde mit \u00fcber 1.200 Standorten plante die Einf\u00fchrung eines neuen Kassen- und Backoffice-Systems. Das Rollout erfolgte durch externe Techniker vor Ort.<\/p>\n<\/div>\n<\/div><\/div><\/div><\/div><div id=\"pg-1324-1\"  class=\"panel-grid panel-no-style\" ><div id=\"pgc-1324-1-0\"  class=\"panel-grid-cell\" ><div id=\"panel-1324-1-0-0\" class=\"so-panel widget widget_sow-features panel-first-child panel-last-child\" data-index=\"1\" ><div\n\t\t\t\n\t\t\tclass=\"so-widget-sow-features so-widget-sow-features-default-8bc88cfa03e1-1324\"\n\t\t\t\n\t\t><ul\n\tclass=\"sow-features-list\n\tsow-features-responsive\">\n\n\t\t\t<li\n\t\t\tclass=\"sow-features-feature sow-icon-container-position-top\"\n\t\t\tstyle=\"display: flex; flex-direction: column; width: calc(100% - 25px);\"\n\t\t>\n\t\t\t\n\t\t\t\t\t\t<a\t\t\t\tclass=\"sow-icon-container sow-container-round\"\n\t\t\t\tstyle=\"color: #ffffff; \"\n\t\t\t\t\n\t\t\t\t\t\t\t\t\thref=\"https:\/\/www.your-its.de\/website\/leistungen\/de-service\/\"\n\t\t\t\t\t\t\t\t>\n\t\t\t\t<span class=\"sow-icon-fontawesome sow-fas\" data-sow-icon=\"&#xf06e;\"\n\t\tstyle=\"font-size: 40px; color: #008694\" \n\t\taria-hidden=\"true\"><\/span>\t\t\t<\/a>\n\n\t\t\t<div class=\"textwidget\">\n\t\t\t\t\n\t\t\t\t\t\t\t\t\t<h5 class=\"sow-features-feature-title\">\n\t\t\t\t\t\t\t\t\t\t\t\t\t<a\n\t\t\t\t\t\t\t\thref=\"https:\/\/www.your-its.de\/website\/leistungen\/de-service\/\"\n\t\t\t\t\t\t\t\t\t\t\t\t\t\t\t>\n\t\t\t\t\t\t\tService\t\t\t\t\t\t\t<\/a>\n\t\t\t\t\t\t\t\t\t\t\t\t<\/h5>\n\t\t\t\t\n\t\t\t\t\t\t\t<\/div>\n\t\t\t\t\t\t\t\t<\/li>\n\n\t<\/ul>\n<\/div><\/div><\/div><div id=\"pgc-1324-1-1\"  class=\"panel-grid-cell\" ><div id=\"panel-1324-1-1-0\" class=\"so-panel widget widget_sow-editor panel-first-child panel-last-child\" data-index=\"2\" ><div\n\t\t\t\n\t\t\tclass=\"so-widget-sow-editor so-widget-sow-editor-base\"\n\t\t\t\n\t\t>\n<div class=\"siteorigin-widget-tinymce textwidget\">\n\t<p>ITS erstellte den <strong>Gesamtprozess f\u00fcr die Systemumstellung<\/strong>. Unser Rollout-Supportteam \u00fcberpr\u00fcfte und erfasste im ersten Schritt alle <strong>Eingangsvoraussetzungen<\/strong> f\u00fcr eine vollst\u00e4ndige und fehlerfreie Systemumstellung. Daf\u00fcr nutzte es ein von ITS <strong><a href=\"https:\/\/www.your-its.de\/website\/leistungen\/de-technologie\/\">eigenentwickeltes und webbasiertes<\/a> Tool<\/strong> f\u00fcr projektspezifische Rollout-Planungen, auch zur Steuerung der externen Techniker.<\/p>\n<p>Im zweiten Schritt initiierten wir die finale <strong>Abrechnung im Altsystem<\/strong> und stellen die <strong>\u00dcbertragung an zentrale Kundensysteme<\/strong> sicher.<\/p>\n<p>Im dritten und letzten Implementationsschritt erfolgte die <strong>\u00dcberpr\u00fcfung aller Konfigurationen, Parameter, Schnittstellen und Datenverbindungen<\/strong>, bevor wir das neue System f\u00fcr die <strong>Inbetriebnahme<\/strong> freigaben.<\/p>\n<\/div>\n<\/div><\/div><\/div><\/div><div id=\"pg-1324-2\"  class=\"panel-grid panel-no-style\" ><div id=\"pgc-1324-2-0\"  class=\"panel-grid-cell\" ><div id=\"panel-1324-2-0-0\" class=\"so-panel widget widget_sow-features panel-first-child panel-last-child\" data-index=\"3\" ><div\n\t\t\t\n\t\t\tclass=\"so-widget-sow-features so-widget-sow-features-default-8bc88cfa03e1-1324\"\n\t\t\t\n\t\t><ul\n\tclass=\"sow-features-list\n\tsow-features-responsive\">\n\n\t\t\t<li\n\t\t\tclass=\"sow-features-feature sow-icon-container-position-top\"\n\t\t\tstyle=\"display: flex; flex-direction: column; width: calc(100% - 25px);\"\n\t\t>\n\t\t\t\n\t\t\t\t\t\t<div\t\t\t\tclass=\"sow-icon-container sow-container-round\"\n\t\t\t\tstyle=\"color: #ffffff; \"\n\t\t\t\t\n\t\t\t\t\t\t\t>\n\t\t\t\t<span class=\"sow-icon-fontawesome sow-fas\" data-sow-icon=\"&#xf14a;\"\n\t\tstyle=\"font-size: 40px; color: #008694\" \n\t\taria-hidden=\"true\"><\/span>\t\t\t<\/div>\n\n\t\t\t<div class=\"textwidget\">\n\t\t\t\t\n\t\t\t\t\t\t\t\t\t<h5 class=\"sow-features-feature-title\">\n\t\t\t\t\t\tErgebnis\t\t\t\t\t<\/h5>\n\t\t\t\t\n\t\t\t\t\t\t\t<\/div>\n\t\t\t\t\t\t\t\t<\/li>\n\n\t<\/ul>\n<\/div><\/div><\/div><div id=\"pgc-1324-2-1\"  class=\"panel-grid-cell\" ><div id=\"panel-1324-2-1-0\" class=\"so-panel widget widget_sow-editor panel-first-child panel-last-child\" data-index=\"4\" ><div\n\t\t\t\n\t\t\tclass=\"so-widget-sow-editor so-widget-sow-editor-base\"\n\t\t\t\n\t\t>\n<div class=\"siteorigin-widget-tinymce textwidget\">\n\t<ul>\n<li>Reduzierung der Gesch\u00e4ftsunterbrechnung durch Systemumstellung auf ein Minimum<\/li>\n<li>Quasi 100%ige Vermeidung von Fehlfunktionen, Datenverlust und -diskrepanzen<\/li>\n<\/ul>\n<\/div>\n<\/div><\/div><\/div><\/div><\/div>","protected":false},"excerpt":{"rendered":"<p>Unser Kunde mit \u00fcber 1.200 Standorten plante die Einf\u00fchrung eines neuen Kassen- und Backoffice-Systems. Das Rollout erfolgte durch externe Techniker vor Ort. ITS erstellte den Gesamtprozess f\u00fcr die Systemumstellung. Unser Rollout-Supportteam \u00fcberpr\u00fcfte und erfasste im ersten Schritt alle Eingangsvoraussetzungen f\u00fcr eine vollst\u00e4ndige und fehlerfreie Systemumstellung. Daf\u00fcr nutzte es ein von &hellip;<\/p>\n","protected":false},"author":1,"featured_media":1459,"parent":902,"menu_order":0,"comment_status":"closed","ping_status":"closed","template":"","meta":{"footnotes":""},"class_list":["post-1324","page","type-page","status-publish","has-post-thumbnail","hentry"],"yoast_head":"<!-- This site is optimized with the Yoast SEO plugin v27.5 - https:\/\/yoast.com\/product\/yoast-seo-wordpress\/ -->\n<title>Referenz: POS\/BOS-Replacement - ITS Consulting GmbH<\/title>\n<meta name=\"robots\" content=\"index, follow, max-snippet:-1, max-image-preview:large, max-video-preview:-1\" \/>\n<link rel=\"canonical\" href=\"https:\/\/www.your-its.de\/website\/de-kompetenzen\/de-retail\/de-pos-bos-replacement\/\" \/>\n<meta property=\"og:locale\" content=\"de_DE\" \/>\n<meta property=\"og:type\" content=\"article\" \/>\n<meta property=\"og:title\" content=\"Referenz: POS\/BOS-Replacement - ITS Consulting GmbH\" \/>\n<meta property=\"og:description\" content=\"Unser Kunde mit \u00fcber 1.200 Standorten plante die Einf\u00fchrung eines neuen Kassen- und Backoffice-Systems. Das Rollout erfolgte durch externe Techniker vor Ort. ITS erstellte den Gesamtprozess f\u00fcr die Systemumstellung. Unser Rollout-Supportteam \u00fcberpr\u00fcfte und erfasste im ersten Schritt alle Eingangsvoraussetzungen f\u00fcr eine vollst\u00e4ndige und fehlerfreie Systemumstellung. Daf\u00fcr nutzte es ein von &hellip;\" \/>\n<meta property=\"og:url\" content=\"https:\/\/www.your-its.de\/website\/de-kompetenzen\/de-retail\/de-pos-bos-replacement\/\" \/>\n<meta property=\"og:site_name\" content=\"ITS Consulting GmbH\" \/>\n<meta property=\"article:modified_time\" content=\"2022-11-21T08:40:43+00:00\" \/>\n<meta property=\"og:image\" content=\"https:\/\/www.your-its.de\/website\/wp-content\/uploads\/2018\/03\/retail-500px.jpg\" \/>\n\t<meta property=\"og:image:width\" content=\"1920\" \/>\n\t<meta property=\"og:image:height\" content=\"500\" \/>\n\t<meta property=\"og:image:type\" content=\"image\/jpeg\" \/>\n<meta name=\"twitter:card\" content=\"summary_large_image\" \/>\n<meta name=\"twitter:label1\" content=\"Gesch\u00e4tzte Lesezeit\" \/>\n\t<meta name=\"twitter:data1\" content=\"1\u00a0Minute\" \/>\n<script type=\"application\/ld+json\" class=\"yoast-schema-graph\">{\"@context\":\"https:\\\/\\\/schema.org\",\"@graph\":[{\"@type\":\"WebPage\",\"@id\":\"https:\\\/\\\/www.your-its.de\\\/website\\\/de-kompetenzen\\\/de-retail\\\/de-pos-bos-replacement\\\/\",\"url\":\"https:\\\/\\\/www.your-its.de\\\/website\\\/de-kompetenzen\\\/de-retail\\\/de-pos-bos-replacement\\\/\",\"name\":\"Referenz: POS\\\/BOS-Replacement - ITS Consulting GmbH\",\"isPartOf\":{\"@id\":\"https:\\\/\\\/www.your-its.de\\\/website\\\/#website\"},\"primaryImageOfPage\":{\"@id\":\"https:\\\/\\\/www.your-its.de\\\/website\\\/de-kompetenzen\\\/de-retail\\\/de-pos-bos-replacement\\\/#primaryimage\"},\"image\":{\"@id\":\"https:\\\/\\\/www.your-its.de\\\/website\\\/de-kompetenzen\\\/de-retail\\\/de-pos-bos-replacement\\\/#primaryimage\"},\"thumbnailUrl\":\"https:\\\/\\\/www.your-its.de\\\/website\\\/wp-content\\\/uploads\\\/2018\\\/03\\\/retail-500px.jpg\",\"datePublished\":\"2018-03-26T09:18:04+00:00\",\"dateModified\":\"2022-11-21T08:40:43+00:00\",\"breadcrumb\":{\"@id\":\"https:\\\/\\\/www.your-its.de\\\/website\\\/de-kompetenzen\\\/de-retail\\\/de-pos-bos-replacement\\\/#breadcrumb\"},\"inLanguage\":\"de\",\"potentialAction\":[{\"@type\":\"ReadAction\",\"target\":[\"https:\\\/\\\/www.your-its.de\\\/website\\\/de-kompetenzen\\\/de-retail\\\/de-pos-bos-replacement\\\/\"]}]},{\"@type\":\"ImageObject\",\"inLanguage\":\"de\",\"@id\":\"https:\\\/\\\/www.your-its.de\\\/website\\\/de-kompetenzen\\\/de-retail\\\/de-pos-bos-replacement\\\/#primaryimage\",\"url\":\"https:\\\/\\\/www.your-its.de\\\/website\\\/wp-content\\\/uploads\\\/2018\\\/03\\\/retail-500px.jpg\",\"contentUrl\":\"https:\\\/\\\/www.your-its.de\\\/website\\\/wp-content\\\/uploads\\\/2018\\\/03\\\/retail-500px.jpg\",\"width\":1920,\"height\":500},{\"@type\":\"BreadcrumbList\",\"@id\":\"https:\\\/\\\/www.your-its.de\\\/website\\\/de-kompetenzen\\\/de-retail\\\/de-pos-bos-replacement\\\/#breadcrumb\",\"itemListElement\":[{\"@type\":\"ListItem\",\"position\":1,\"name\":\"Startseite\",\"item\":\"https:\\\/\\\/www.your-its.de\\\/website\\\/\"},{\"@type\":\"ListItem\",\"position\":2,\"name\":\"Kompetenzen\",\"item\":\"https:\\\/\\\/www.your-its.de\\\/website\\\/de-kompetenzen\\\/\"},{\"@type\":\"ListItem\",\"position\":3,\"name\":\"Retail\",\"item\":\"https:\\\/\\\/www.your-its.de\\\/website\\\/de-kompetenzen\\\/de-retail\\\/\"},{\"@type\":\"ListItem\",\"position\":4,\"name\":\"Referenz: POS\\\/BOS-Replacement\"}]},{\"@type\":\"WebSite\",\"@id\":\"https:\\\/\\\/www.your-its.de\\\/website\\\/#website\",\"url\":\"https:\\\/\\\/www.your-its.de\\\/website\\\/\",\"name\":\"ITS Consulting GmbH\",\"description\":\"Qualit\u00e4t mit System\",\"publisher\":{\"@id\":\"https:\\\/\\\/www.your-its.de\\\/website\\\/#organization\"},\"potentialAction\":[{\"@type\":\"SearchAction\",\"target\":{\"@type\":\"EntryPoint\",\"urlTemplate\":\"https:\\\/\\\/www.your-its.de\\\/website\\\/?s={search_term_string}\"},\"query-input\":{\"@type\":\"PropertyValueSpecification\",\"valueRequired\":true,\"valueName\":\"search_term_string\"}}],\"inLanguage\":\"de\"},{\"@type\":\"Organization\",\"@id\":\"https:\\\/\\\/www.your-its.de\\\/website\\\/#organization\",\"name\":\"ITS Consulting GmbH\",\"url\":\"https:\\\/\\\/www.your-its.de\\\/website\\\/\",\"logo\":{\"@type\":\"ImageObject\",\"inLanguage\":\"de\",\"@id\":\"https:\\\/\\\/www.your-its.de\\\/website\\\/#\\\/schema\\\/logo\\\/image\\\/\",\"url\":\"https:\\\/\\\/www.your-its.de\\\/website\\\/wp-content\\\/uploads\\\/2017\\\/12\\\/logo.png\",\"contentUrl\":\"https:\\\/\\\/www.your-its.de\\\/website\\\/wp-content\\\/uploads\\\/2017\\\/12\\\/logo.png\",\"width\":350,\"height\":240,\"caption\":\"ITS Consulting GmbH\"},\"image\":{\"@id\":\"https:\\\/\\\/www.your-its.de\\\/website\\\/#\\\/schema\\\/logo\\\/image\\\/\"}}]}<\/script>\n<!-- \/ Yoast SEO plugin. -->","yoast_head_json":{"title":"Referenz: POS\/BOS-Replacement - ITS Consulting GmbH","robots":{"index":"index","follow":"follow","max-snippet":"max-snippet:-1","max-image-preview":"max-image-preview:large","max-video-preview":"max-video-preview:-1"},"canonical":"https:\/\/www.your-its.de\/website\/de-kompetenzen\/de-retail\/de-pos-bos-replacement\/","og_locale":"de_DE","og_type":"article","og_title":"Referenz: POS\/BOS-Replacement - ITS Consulting GmbH","og_description":"Unser Kunde mit \u00fcber 1.200 Standorten plante die Einf\u00fchrung eines neuen Kassen- und Backoffice-Systems. Das Rollout erfolgte durch externe Techniker vor Ort. ITS erstellte den Gesamtprozess f\u00fcr die Systemumstellung. Unser Rollout-Supportteam \u00fcberpr\u00fcfte und erfasste im ersten Schritt alle Eingangsvoraussetzungen f\u00fcr eine vollst\u00e4ndige und fehlerfreie Systemumstellung. Daf\u00fcr nutzte es ein von &hellip;","og_url":"https:\/\/www.your-its.de\/website\/de-kompetenzen\/de-retail\/de-pos-bos-replacement\/","og_site_name":"ITS Consulting GmbH","article_modified_time":"2022-11-21T08:40:43+00:00","og_image":[{"width":1920,"height":500,"url":"https:\/\/www.your-its.de\/website\/wp-content\/uploads\/2018\/03\/retail-500px.jpg","type":"image\/jpeg"}],"twitter_card":"summary_large_image","twitter_misc":{"Gesch\u00e4tzte Lesezeit":"1\u00a0Minute"},"schema":{"@context":"https:\/\/schema.org","@graph":[{"@type":"WebPage","@id":"https:\/\/www.your-its.de\/website\/de-kompetenzen\/de-retail\/de-pos-bos-replacement\/","url":"https:\/\/www.your-its.de\/website\/de-kompetenzen\/de-retail\/de-pos-bos-replacement\/","name":"Referenz: POS\/BOS-Replacement - ITS Consulting GmbH","isPartOf":{"@id":"https:\/\/www.your-its.de\/website\/#website"},"primaryImageOfPage":{"@id":"https:\/\/www.your-its.de\/website\/de-kompetenzen\/de-retail\/de-pos-bos-replacement\/#primaryimage"},"image":{"@id":"https:\/\/www.your-its.de\/website\/de-kompetenzen\/de-retail\/de-pos-bos-replacement\/#primaryimage"},"thumbnailUrl":"https:\/\/www.your-its.de\/website\/wp-content\/uploads\/2018\/03\/retail-500px.jpg","datePublished":"2018-03-26T09:18:04+00:00","dateModified":"2022-11-21T08:40:43+00:00","breadcrumb":{"@id":"https:\/\/www.your-its.de\/website\/de-kompetenzen\/de-retail\/de-pos-bos-replacement\/#breadcrumb"},"inLanguage":"de","potentialAction":[{"@type":"ReadAction","target":["https:\/\/www.your-its.de\/website\/de-kompetenzen\/de-retail\/de-pos-bos-replacement\/"]}]},{"@type":"ImageObject","inLanguage":"de","@id":"https:\/\/www.your-its.de\/website\/de-kompetenzen\/de-retail\/de-pos-bos-replacement\/#primaryimage","url":"https:\/\/www.your-its.de\/website\/wp-content\/uploads\/2018\/03\/retail-500px.jpg","contentUrl":"https:\/\/www.your-its.de\/website\/wp-content\/uploads\/2018\/03\/retail-500px.jpg","width":1920,"height":500},{"@type":"BreadcrumbList","@id":"https:\/\/www.your-its.de\/website\/de-kompetenzen\/de-retail\/de-pos-bos-replacement\/#breadcrumb","itemListElement":[{"@type":"ListItem","position":1,"name":"Startseite","item":"https:\/\/www.your-its.de\/website\/"},{"@type":"ListItem","position":2,"name":"Kompetenzen","item":"https:\/\/www.your-its.de\/website\/de-kompetenzen\/"},{"@type":"ListItem","position":3,"name":"Retail","item":"https:\/\/www.your-its.de\/website\/de-kompetenzen\/de-retail\/"},{"@type":"ListItem","position":4,"name":"Referenz: POS\/BOS-Replacement"}]},{"@type":"WebSite","@id":"https:\/\/www.your-its.de\/website\/#website","url":"https:\/\/www.your-its.de\/website\/","name":"ITS Consulting GmbH","description":"Qualit\u00e4t mit System","publisher":{"@id":"https:\/\/www.your-its.de\/website\/#organization"},"potentialAction":[{"@type":"SearchAction","target":{"@type":"EntryPoint","urlTemplate":"https:\/\/www.your-its.de\/website\/?s={search_term_string}"},"query-input":{"@type":"PropertyValueSpecification","valueRequired":true,"valueName":"search_term_string"}}],"inLanguage":"de"},{"@type":"Organization","@id":"https:\/\/www.your-its.de\/website\/#organization","name":"ITS Consulting GmbH","url":"https:\/\/www.your-its.de\/website\/","logo":{"@type":"ImageObject","inLanguage":"de","@id":"https:\/\/www.your-its.de\/website\/#\/schema\/logo\/image\/","url":"https:\/\/www.your-its.de\/website\/wp-content\/uploads\/2017\/12\/logo.png","contentUrl":"https:\/\/www.your-its.de\/website\/wp-content\/uploads\/2017\/12\/logo.png","width":350,"height":240,"caption":"ITS Consulting GmbH"},"image":{"@id":"https:\/\/www.your-its.de\/website\/#\/schema\/logo\/image\/"}}]}},"_links":{"self":[{"href":"https:\/\/www.your-its.de\/website\/wp-json\/wp\/v2\/pages\/1324","targetHints":{"allow":["GET"]}}],"collection":[{"href":"https:\/\/www.your-its.de\/website\/wp-json\/wp\/v2\/pages"}],"about":[{"href":"https:\/\/www.your-its.de\/website\/wp-json\/wp\/v2\/types\/page"}],"author":[{"embeddable":true,"href":"https:\/\/www.your-its.de\/website\/wp-json\/wp\/v2\/users\/1"}],"replies":[{"embeddable":true,"href":"https:\/\/www.your-its.de\/website\/wp-json\/wp\/v2\/comments?post=1324"}],"version-history":[{"count":47,"href":"https:\/\/www.your-its.de\/website\/wp-json\/wp\/v2\/pages\/1324\/revisions"}],"predecessor-version":[{"id":2011,"href":"https:\/\/www.your-its.de\/website\/wp-json\/wp\/v2\/pages\/1324\/revisions\/2011"}],"up":[{"embeddable":true,"href":"https:\/\/www.your-its.de\/website\/wp-json\/wp\/v2\/pages\/902"}],"wp:featuredmedia":[{"embeddable":true,"href":"https:\/\/www.your-its.de\/website\/wp-json\/wp\/v2\/media\/1459"}],"wp:attachment":[{"href":"https:\/\/www.your-its.de\/website\/wp-json\/wp\/v2\/media?parent=1324"}],"curies":[{"name":"wp","href":"https:\/\/api.w.org\/{rel}","templated":true}]}}