{"id":1322,"date":"2018-03-26T11:17:16","date_gmt":"2018-03-26T09:17:16","guid":{"rendered":"http:\/\/your-its.eu\/website\/?page_id=1322"},"modified":"2018-08-14T11:03:06","modified_gmt":"2018-08-14T09:03:06","slug":"de-forecourt-optimierung","status":"publish","type":"page","link":"https:\/\/www.your-its.de\/website\/de-kompetenzen\/de-oil\/de-forecourt-optimierung\/","title":{"rendered":"Referenz: Forecourt Optimierung"},"content":{"rendered":"<div id=\"pl-1322\"  class=\"panel-layout\" ><div id=\"pg-1322-0\"  class=\"panel-grid panel-no-style\" ><div id=\"pgc-1322-0-0\"  class=\"panel-grid-cell\" ><div id=\"panel-1322-0-0-0\" class=\"so-panel widget widget_sow-editor panel-first-child panel-last-child\" data-index=\"0\" ><div\n\t\t\t\n\t\t\tclass=\"so-widget-sow-editor so-widget-sow-editor-base\"\n\t\t\t\n\t\t><h3 class=\"widget-title\">Referenz: Optimierung der Produktbelegung von Zapfs\u00e4ulen und Kraftstofftanks<\/h3>\n<div class=\"siteorigin-widget-tinymce textwidget\">\n\t<p>Durch optimale Produktbelegung von Zapfs\u00e4ulen und Kraftstofftanks sollten die Produktverf\u00fcgbarkeit pro Tankplatz, die Bevorratungskapazit\u00e4ten sowie die Belieferungsplanung optimiert werden. Auftraggeber war ein Mineral\u00f6lkonzern mit einem Tankstellennetz von \u00fcber 1.000 Standorten.<\/p>\n<\/div>\n<\/div><\/div><\/div><\/div><div id=\"pg-1322-1\"  class=\"panel-grid panel-no-style\" ><div id=\"pgc-1322-1-0\"  class=\"panel-grid-cell\" ><div id=\"panel-1322-1-0-0\" class=\"so-panel widget widget_sow-features panel-first-child panel-last-child\" data-index=\"1\" ><div\n\t\t\t\n\t\t\tclass=\"so-widget-sow-features so-widget-sow-features-default-8bc88cfa03e1-1322\"\n\t\t\t\n\t\t><ul\n\tclass=\"sow-features-list\n\tsow-features-responsive\">\n\n\t\t\t<li\n\t\t\tclass=\"sow-features-feature sow-icon-container-position-top\"\n\t\t\tstyle=\"display: flex; flex-direction: column; width: calc(100% - 25px);\"\n\t\t>\n\t\t\t\n\t\t\t\t\t\t<a\t\t\t\tclass=\"sow-icon-container sow-container-round\"\n\t\t\t\tstyle=\"color: #ffffff; \"\n\t\t\t\t\n\t\t\t\t\t\t\t\t\thref=\"https:\/\/www.your-its.de\/website\/en\/services\/consulting\/\"\n\t\t\t\t\t\t\t\t>\n\t\t\t\t<span class=\"sow-icon-fontawesome sow-fas\" data-sow-icon=\"&#xf140;\"\n\t\tstyle=\"font-size: 40px; color: #008694\" \n\t\taria-hidden=\"true\"><\/span>\t\t\t<\/a>\n\n\t\t\t<div class=\"textwidget\">\n\t\t\t\t\n\t\t\t\t\t\t\t\t\t<h5 class=\"sow-features-feature-title\">\n\t\t\t\t\t\t\t\t\t\t\t\t\t<a\n\t\t\t\t\t\t\t\thref=\"https:\/\/www.your-its.de\/website\/en\/services\/consulting\/\"\n\t\t\t\t\t\t\t\t\t\t\t\t\t\t\t>\n\t\t\t\t\t\t\tConsulting\t\t\t\t\t\t\t<\/a>\n\t\t\t\t\t\t\t\t\t\t\t\t<\/h5>\n\t\t\t\t\n\t\t\t\t\t\t\t<\/div>\n\t\t\t\t\t\t\t\t<\/li>\n\n\t<\/ul>\n<\/div><\/div><\/div><div id=\"pgc-1322-1-1\"  class=\"panel-grid-cell\" ><div id=\"panel-1322-1-1-0\" class=\"so-panel widget widget_sow-editor panel-first-child panel-last-child\" data-index=\"2\" ><div\n\t\t\t\n\t\t\tclass=\"so-widget-sow-editor so-widget-sow-editor-base\"\n\t\t\t\n\t\t>\n<div class=\"siteorigin-widget-tinymce textwidget\">\n\t<p>F\u00fcr die <strong>Datenanalyse<\/strong> wurden \u00fcber einen repr\u00e4sentativen Zeitraum die Kraftstoffvolumen pro Zapfpunkt inklusive der Zapfpunktbelegungen, Tankkapazit\u00e4ten und ihrer Belegungsinformationen abgerufen. Anschlie\u00dfend wurden Optimalit\u00e4tskriterien festgelegt, die zusammen mit mathematischen Modellen die Grundlage f\u00fcr die <strong>Modellierung von Szenarien<\/strong> - und damit f\u00fcr das <strong>L\u00f6sungsdesign<\/strong> - darstellten.<\/p>\n<\/div>\n<\/div><\/div><\/div><\/div><div id=\"pg-1322-2\"  class=\"panel-grid panel-no-style\" ><div id=\"pgc-1322-2-0\"  class=\"panel-grid-cell\" ><div id=\"panel-1322-2-0-0\" class=\"so-panel widget widget_sow-features panel-first-child panel-last-child\" data-index=\"3\" ><div\n\t\t\t\n\t\t\tclass=\"so-widget-sow-features so-widget-sow-features-default-8bc88cfa03e1-1322\"\n\t\t\t\n\t\t><ul\n\tclass=\"sow-features-list\n\tsow-features-responsive\">\n\n\t\t\t<li\n\t\t\tclass=\"sow-features-feature sow-icon-container-position-top\"\n\t\t\tstyle=\"display: flex; flex-direction: column; width: calc(100% - 25px);\"\n\t\t>\n\t\t\t\n\t\t\t\t\t\t<a\t\t\t\tclass=\"sow-icon-container sow-container-round\"\n\t\t\t\tstyle=\"color: #ffffff; \"\n\t\t\t\t\n\t\t\t\t\t\t\t\t\thref=\"https:\/\/www.your-its.de\/website\/leistungen\/de-technologie\/\"\n\t\t\t\t\t\t\t\t>\n\t\t\t\t<span class=\"sow-icon-fontawesome sow-far\" data-sow-icon=\"&#xf0eb;\"\n\t\tstyle=\"font-size: 40px; color: #008694\" \n\t\taria-hidden=\"true\"><\/span>\t\t\t<\/a>\n\n\t\t\t<div class=\"textwidget\">\n\t\t\t\t\n\t\t\t\t\t\t\t\t\t<h5 class=\"sow-features-feature-title\">\n\t\t\t\t\t\t\t\t\t\t\t\t\t<a\n\t\t\t\t\t\t\t\thref=\"https:\/\/www.your-its.de\/website\/leistungen\/de-technologie\/\"\n\t\t\t\t\t\t\t\t\t\t\t\t\t\t\t>\n\t\t\t\t\t\t\tTechnologie\t\t\t\t\t\t\t<\/a>\n\t\t\t\t\t\t\t\t\t\t\t\t<\/h5>\n\t\t\t\t\n\t\t\t\t\t\t\t<\/div>\n\t\t\t\t\t\t\t\t<\/li>\n\n\t<\/ul>\n<\/div><\/div><\/div><div id=\"pgc-1322-2-1\"  class=\"panel-grid-cell\" ><div id=\"panel-1322-2-1-0\" class=\"so-panel widget widget_sow-editor panel-first-child panel-last-child\" data-index=\"4\" ><div\n\t\t\t\n\t\t\tclass=\"so-widget-sow-editor so-widget-sow-editor-base\"\n\t\t\t\n\t\t>\n<div class=\"siteorigin-widget-tinymce textwidget\">\n\t<p>Ausgehend von dem erarbeiteten L\u00f6sungsdesign wurden die Szenarien<strong> programmiert<\/strong>. Die <strong>Auswertung<\/strong> der Umsatzdaten und die Berechnung einer optimalen Produktbelegung pro Tankstelle erfolgte <strong>automatisch<\/strong>.<\/p>\n<\/div>\n<\/div><\/div><\/div><\/div><div id=\"pg-1322-3\"  class=\"panel-grid panel-no-style\" ><div id=\"pgc-1322-3-0\"  class=\"panel-grid-cell\" ><div id=\"panel-1322-3-0-0\" class=\"so-panel widget widget_sow-features panel-first-child panel-last-child\" data-index=\"5\" ><div\n\t\t\t\n\t\t\tclass=\"so-widget-sow-features so-widget-sow-features-default-8bc88cfa03e1-1322\"\n\t\t\t\n\t\t><ul\n\tclass=\"sow-features-list\n\tsow-features-responsive\">\n\n\t\t\t<li\n\t\t\tclass=\"sow-features-feature sow-icon-container-position-top\"\n\t\t\tstyle=\"display: flex; flex-direction: column; width: calc(100% - 25px);\"\n\t\t>\n\t\t\t\n\t\t\t\t\t\t<div\t\t\t\tclass=\"sow-icon-container sow-container-round\"\n\t\t\t\tstyle=\"color: #ffffff; \"\n\t\t\t\t\n\t\t\t\t\t\t\t>\n\t\t\t\t<span class=\"sow-icon-fontawesome sow-fas\" data-sow-icon=\"&#xf14a;\"\n\t\tstyle=\"font-size: 40px; color: #008694\" \n\t\taria-hidden=\"true\"><\/span>\t\t\t<\/div>\n\n\t\t\t<div class=\"textwidget\">\n\t\t\t\t\n\t\t\t\t\t\t\t\t\t<h5 class=\"sow-features-feature-title\">\n\t\t\t\t\t\tErgebnis\t\t\t\t\t<\/h5>\n\t\t\t\t\n\t\t\t\t\t\t\t<\/div>\n\t\t\t\t\t\t\t\t<\/li>\n\n\t<\/ul>\n<\/div><\/div><\/div><div id=\"pgc-1322-3-1\"  class=\"panel-grid-cell\" ><div id=\"panel-1322-3-1-0\" class=\"so-panel widget widget_sow-editor panel-first-child panel-last-child\" data-index=\"6\" ><div\n\t\t\t\n\t\t\tclass=\"so-widget-sow-editor so-widget-sow-editor-base\"\n\t\t\t\n\t\t>\n<div class=\"siteorigin-widget-tinymce textwidget\">\n\t<ul>\n<li>Die Anforderungen an die gew\u00fcnschte Optimierung wurden durch die Entwicklung einer BI-L\u00f6sung gel\u00f6st.<\/li>\n<li>Die entwickelte BI-Plattform kann der Kunde f\u00fcr zuk\u00fcnftige Optimierungen, zum Beispiel bei Produkterweiterungen oder -neueinf\u00fchrungen, nutzen.<\/li>\n<\/ul>\n<\/div>\n<\/div><\/div><\/div><\/div><\/div>","protected":false},"excerpt":{"rendered":"<p>Durch optimale Produktbelegung von Zapfs\u00e4ulen und Kraftstofftanks sollten die Produktverf\u00fcgbarkeit pro Tankplatz, die Bevorratungskapazit\u00e4ten sowie die Belieferungsplanung optimiert werden. Auftraggeber war ein Mineral\u00f6lkonzern mit einem Tankstellennetz von \u00fcber 1.000 Standorten. F\u00fcr die Datenanalyse wurden \u00fcber einen repr\u00e4sentativen Zeitraum die Kraftstoffvolumen pro Zapfpunkt inklusive der Zapfpunktbelegungen, Tankkapazit\u00e4ten und ihrer Belegungsinformationen abgerufen. &hellip;<\/p>\n","protected":false},"author":1,"featured_media":1460,"parent":1316,"menu_order":0,"comment_status":"closed","ping_status":"closed","template":"","meta":{"footnotes":""},"class_list":["post-1322","page","type-page","status-publish","has-post-thumbnail","hentry"],"yoast_head":"<!-- This site is optimized with the Yoast SEO plugin v27.5 - https:\/\/yoast.com\/product\/yoast-seo-wordpress\/ -->\n<title>Referenz: Forecourt Optimierung - ITS Consulting GmbH<\/title>\n<meta name=\"robots\" content=\"index, follow, max-snippet:-1, max-image-preview:large, max-video-preview:-1\" \/>\n<link rel=\"canonical\" href=\"https:\/\/www.your-its.de\/website\/de-kompetenzen\/de-oil\/de-forecourt-optimierung\/\" \/>\n<meta property=\"og:locale\" content=\"de_DE\" \/>\n<meta property=\"og:type\" content=\"article\" \/>\n<meta property=\"og:title\" content=\"Referenz: Forecourt Optimierung - ITS Consulting GmbH\" \/>\n<meta property=\"og:description\" content=\"Durch optimale Produktbelegung von Zapfs\u00e4ulen und Kraftstofftanks sollten die Produktverf\u00fcgbarkeit pro Tankplatz, die Bevorratungskapazit\u00e4ten sowie die Belieferungsplanung optimiert werden. Auftraggeber war ein Mineral\u00f6lkonzern mit einem Tankstellennetz von \u00fcber 1.000 Standorten. F\u00fcr die Datenanalyse wurden \u00fcber einen repr\u00e4sentativen Zeitraum die Kraftstoffvolumen pro Zapfpunkt inklusive der Zapfpunktbelegungen, Tankkapazit\u00e4ten und ihrer Belegungsinformationen abgerufen. &hellip;\" \/>\n<meta property=\"og:url\" content=\"https:\/\/www.your-its.de\/website\/de-kompetenzen\/de-oil\/de-forecourt-optimierung\/\" \/>\n<meta property=\"og:site_name\" content=\"ITS Consulting GmbH\" \/>\n<meta property=\"article:modified_time\" content=\"2018-08-14T09:03:06+00:00\" \/>\n<meta property=\"og:image\" content=\"https:\/\/www.your-its.de\/website\/wp-content\/uploads\/2018\/03\/oil-500px.jpg\" \/>\n\t<meta property=\"og:image:width\" content=\"1920\" \/>\n\t<meta property=\"og:image:height\" content=\"500\" \/>\n\t<meta property=\"og:image:type\" content=\"image\/jpeg\" \/>\n<meta name=\"twitter:card\" content=\"summary_large_image\" \/>\n<meta name=\"twitter:label1\" content=\"Gesch\u00e4tzte Lesezeit\" \/>\n\t<meta name=\"twitter:data1\" content=\"1\u00a0Minute\" \/>\n<script type=\"application\/ld+json\" class=\"yoast-schema-graph\">{\"@context\":\"https:\\\/\\\/schema.org\",\"@graph\":[{\"@type\":\"WebPage\",\"@id\":\"https:\\\/\\\/www.your-its.de\\\/website\\\/de-kompetenzen\\\/de-oil\\\/de-forecourt-optimierung\\\/\",\"url\":\"https:\\\/\\\/www.your-its.de\\\/website\\\/de-kompetenzen\\\/de-oil\\\/de-forecourt-optimierung\\\/\",\"name\":\"Referenz: Forecourt Optimierung - ITS Consulting GmbH\",\"isPartOf\":{\"@id\":\"https:\\\/\\\/www.your-its.de\\\/website\\\/#website\"},\"primaryImageOfPage\":{\"@id\":\"https:\\\/\\\/www.your-its.de\\\/website\\\/de-kompetenzen\\\/de-oil\\\/de-forecourt-optimierung\\\/#primaryimage\"},\"image\":{\"@id\":\"https:\\\/\\\/www.your-its.de\\\/website\\\/de-kompetenzen\\\/de-oil\\\/de-forecourt-optimierung\\\/#primaryimage\"},\"thumbnailUrl\":\"https:\\\/\\\/www.your-its.de\\\/website\\\/wp-content\\\/uploads\\\/2018\\\/03\\\/oil-500px.jpg\",\"datePublished\":\"2018-03-26T09:17:16+00:00\",\"dateModified\":\"2018-08-14T09:03:06+00:00\",\"breadcrumb\":{\"@id\":\"https:\\\/\\\/www.your-its.de\\\/website\\\/de-kompetenzen\\\/de-oil\\\/de-forecourt-optimierung\\\/#breadcrumb\"},\"inLanguage\":\"de\",\"potentialAction\":[{\"@type\":\"ReadAction\",\"target\":[\"https:\\\/\\\/www.your-its.de\\\/website\\\/de-kompetenzen\\\/de-oil\\\/de-forecourt-optimierung\\\/\"]}]},{\"@type\":\"ImageObject\",\"inLanguage\":\"de\",\"@id\":\"https:\\\/\\\/www.your-its.de\\\/website\\\/de-kompetenzen\\\/de-oil\\\/de-forecourt-optimierung\\\/#primaryimage\",\"url\":\"https:\\\/\\\/www.your-its.de\\\/website\\\/wp-content\\\/uploads\\\/2018\\\/03\\\/oil-500px.jpg\",\"contentUrl\":\"https:\\\/\\\/www.your-its.de\\\/website\\\/wp-content\\\/uploads\\\/2018\\\/03\\\/oil-500px.jpg\",\"width\":1920,\"height\":500},{\"@type\":\"BreadcrumbList\",\"@id\":\"https:\\\/\\\/www.your-its.de\\\/website\\\/de-kompetenzen\\\/de-oil\\\/de-forecourt-optimierung\\\/#breadcrumb\",\"itemListElement\":[{\"@type\":\"ListItem\",\"position\":1,\"name\":\"Startseite\",\"item\":\"https:\\\/\\\/www.your-its.de\\\/website\\\/\"},{\"@type\":\"ListItem\",\"position\":2,\"name\":\"Kompetenzen\",\"item\":\"https:\\\/\\\/www.your-its.de\\\/website\\\/de-kompetenzen\\\/\"},{\"@type\":\"ListItem\",\"position\":3,\"name\":\"Oil\",\"item\":\"https:\\\/\\\/www.your-its.de\\\/website\\\/de-kompetenzen\\\/de-oil\\\/\"},{\"@type\":\"ListItem\",\"position\":4,\"name\":\"Referenz: Forecourt Optimierung\"}]},{\"@type\":\"WebSite\",\"@id\":\"https:\\\/\\\/www.your-its.de\\\/website\\\/#website\",\"url\":\"https:\\\/\\\/www.your-its.de\\\/website\\\/\",\"name\":\"ITS Consulting GmbH\",\"description\":\"Qualit\u00e4t mit System\",\"publisher\":{\"@id\":\"https:\\\/\\\/www.your-its.de\\\/website\\\/#organization\"},\"potentialAction\":[{\"@type\":\"SearchAction\",\"target\":{\"@type\":\"EntryPoint\",\"urlTemplate\":\"https:\\\/\\\/www.your-its.de\\\/website\\\/?s={search_term_string}\"},\"query-input\":{\"@type\":\"PropertyValueSpecification\",\"valueRequired\":true,\"valueName\":\"search_term_string\"}}],\"inLanguage\":\"de\"},{\"@type\":\"Organization\",\"@id\":\"https:\\\/\\\/www.your-its.de\\\/website\\\/#organization\",\"name\":\"ITS Consulting GmbH\",\"url\":\"https:\\\/\\\/www.your-its.de\\\/website\\\/\",\"logo\":{\"@type\":\"ImageObject\",\"inLanguage\":\"de\",\"@id\":\"https:\\\/\\\/www.your-its.de\\\/website\\\/#\\\/schema\\\/logo\\\/image\\\/\",\"url\":\"https:\\\/\\\/www.your-its.de\\\/website\\\/wp-content\\\/uploads\\\/2017\\\/12\\\/logo.png\",\"contentUrl\":\"https:\\\/\\\/www.your-its.de\\\/website\\\/wp-content\\\/uploads\\\/2017\\\/12\\\/logo.png\",\"width\":350,\"height\":240,\"caption\":\"ITS Consulting GmbH\"},\"image\":{\"@id\":\"https:\\\/\\\/www.your-its.de\\\/website\\\/#\\\/schema\\\/logo\\\/image\\\/\"}}]}<\/script>\n<!-- \/ Yoast SEO plugin. -->","yoast_head_json":{"title":"Referenz: Forecourt Optimierung - ITS Consulting GmbH","robots":{"index":"index","follow":"follow","max-snippet":"max-snippet:-1","max-image-preview":"max-image-preview:large","max-video-preview":"max-video-preview:-1"},"canonical":"https:\/\/www.your-its.de\/website\/de-kompetenzen\/de-oil\/de-forecourt-optimierung\/","og_locale":"de_DE","og_type":"article","og_title":"Referenz: Forecourt Optimierung - ITS Consulting GmbH","og_description":"Durch optimale Produktbelegung von Zapfs\u00e4ulen und Kraftstofftanks sollten die Produktverf\u00fcgbarkeit pro Tankplatz, die Bevorratungskapazit\u00e4ten sowie die Belieferungsplanung optimiert werden. Auftraggeber war ein Mineral\u00f6lkonzern mit einem Tankstellennetz von \u00fcber 1.000 Standorten. F\u00fcr die Datenanalyse wurden \u00fcber einen repr\u00e4sentativen Zeitraum die Kraftstoffvolumen pro Zapfpunkt inklusive der Zapfpunktbelegungen, Tankkapazit\u00e4ten und ihrer Belegungsinformationen abgerufen. &hellip;","og_url":"https:\/\/www.your-its.de\/website\/de-kompetenzen\/de-oil\/de-forecourt-optimierung\/","og_site_name":"ITS Consulting GmbH","article_modified_time":"2018-08-14T09:03:06+00:00","og_image":[{"width":1920,"height":500,"url":"https:\/\/www.your-its.de\/website\/wp-content\/uploads\/2018\/03\/oil-500px.jpg","type":"image\/jpeg"}],"twitter_card":"summary_large_image","twitter_misc":{"Gesch\u00e4tzte Lesezeit":"1\u00a0Minute"},"schema":{"@context":"https:\/\/schema.org","@graph":[{"@type":"WebPage","@id":"https:\/\/www.your-its.de\/website\/de-kompetenzen\/de-oil\/de-forecourt-optimierung\/","url":"https:\/\/www.your-its.de\/website\/de-kompetenzen\/de-oil\/de-forecourt-optimierung\/","name":"Referenz: Forecourt Optimierung - ITS Consulting GmbH","isPartOf":{"@id":"https:\/\/www.your-its.de\/website\/#website"},"primaryImageOfPage":{"@id":"https:\/\/www.your-its.de\/website\/de-kompetenzen\/de-oil\/de-forecourt-optimierung\/#primaryimage"},"image":{"@id":"https:\/\/www.your-its.de\/website\/de-kompetenzen\/de-oil\/de-forecourt-optimierung\/#primaryimage"},"thumbnailUrl":"https:\/\/www.your-its.de\/website\/wp-content\/uploads\/2018\/03\/oil-500px.jpg","datePublished":"2018-03-26T09:17:16+00:00","dateModified":"2018-08-14T09:03:06+00:00","breadcrumb":{"@id":"https:\/\/www.your-its.de\/website\/de-kompetenzen\/de-oil\/de-forecourt-optimierung\/#breadcrumb"},"inLanguage":"de","potentialAction":[{"@type":"ReadAction","target":["https:\/\/www.your-its.de\/website\/de-kompetenzen\/de-oil\/de-forecourt-optimierung\/"]}]},{"@type":"ImageObject","inLanguage":"de","@id":"https:\/\/www.your-its.de\/website\/de-kompetenzen\/de-oil\/de-forecourt-optimierung\/#primaryimage","url":"https:\/\/www.your-its.de\/website\/wp-content\/uploads\/2018\/03\/oil-500px.jpg","contentUrl":"https:\/\/www.your-its.de\/website\/wp-content\/uploads\/2018\/03\/oil-500px.jpg","width":1920,"height":500},{"@type":"BreadcrumbList","@id":"https:\/\/www.your-its.de\/website\/de-kompetenzen\/de-oil\/de-forecourt-optimierung\/#breadcrumb","itemListElement":[{"@type":"ListItem","position":1,"name":"Startseite","item":"https:\/\/www.your-its.de\/website\/"},{"@type":"ListItem","position":2,"name":"Kompetenzen","item":"https:\/\/www.your-its.de\/website\/de-kompetenzen\/"},{"@type":"ListItem","position":3,"name":"Oil","item":"https:\/\/www.your-its.de\/website\/de-kompetenzen\/de-oil\/"},{"@type":"ListItem","position":4,"name":"Referenz: Forecourt Optimierung"}]},{"@type":"WebSite","@id":"https:\/\/www.your-its.de\/website\/#website","url":"https:\/\/www.your-its.de\/website\/","name":"ITS Consulting GmbH","description":"Qualit\u00e4t mit System","publisher":{"@id":"https:\/\/www.your-its.de\/website\/#organization"},"potentialAction":[{"@type":"SearchAction","target":{"@type":"EntryPoint","urlTemplate":"https:\/\/www.your-its.de\/website\/?s={search_term_string}"},"query-input":{"@type":"PropertyValueSpecification","valueRequired":true,"valueName":"search_term_string"}}],"inLanguage":"de"},{"@type":"Organization","@id":"https:\/\/www.your-its.de\/website\/#organization","name":"ITS Consulting GmbH","url":"https:\/\/www.your-its.de\/website\/","logo":{"@type":"ImageObject","inLanguage":"de","@id":"https:\/\/www.your-its.de\/website\/#\/schema\/logo\/image\/","url":"https:\/\/www.your-its.de\/website\/wp-content\/uploads\/2017\/12\/logo.png","contentUrl":"https:\/\/www.your-its.de\/website\/wp-content\/uploads\/2017\/12\/logo.png","width":350,"height":240,"caption":"ITS Consulting GmbH"},"image":{"@id":"https:\/\/www.your-its.de\/website\/#\/schema\/logo\/image\/"}}]}},"_links":{"self":[{"href":"https:\/\/www.your-its.de\/website\/wp-json\/wp\/v2\/pages\/1322","targetHints":{"allow":["GET"]}}],"collection":[{"href":"https:\/\/www.your-its.de\/website\/wp-json\/wp\/v2\/pages"}],"about":[{"href":"https:\/\/www.your-its.de\/website\/wp-json\/wp\/v2\/types\/page"}],"author":[{"embeddable":true,"href":"https:\/\/www.your-its.de\/website\/wp-json\/wp\/v2\/users\/1"}],"replies":[{"embeddable":true,"href":"https:\/\/www.your-its.de\/website\/wp-json\/wp\/v2\/comments?post=1322"}],"version-history":[{"count":38,"href":"https:\/\/www.your-its.de\/website\/wp-json\/wp\/v2\/pages\/1322\/revisions"}],"predecessor-version":[{"id":1943,"href":"https:\/\/www.your-its.de\/website\/wp-json\/wp\/v2\/pages\/1322\/revisions\/1943"}],"up":[{"embeddable":true,"href":"https:\/\/www.your-its.de\/website\/wp-json\/wp\/v2\/pages\/1316"}],"wp:featuredmedia":[{"embeddable":true,"href":"https:\/\/www.your-its.de\/website\/wp-json\/wp\/v2\/media\/1460"}],"wp:attachment":[{"href":"https:\/\/www.your-its.de\/website\/wp-json\/wp\/v2\/media?parent=1322"}],"curies":[{"name":"wp","href":"https:\/\/api.w.org\/{rel}","templated":true}]}}