{"id":1316,"date":"2018-03-26T11:11:30","date_gmt":"2018-03-26T09:11:30","guid":{"rendered":"http:\/\/your-its.eu\/website\/?page_id=1316"},"modified":"2022-11-21T09:55:44","modified_gmt":"2022-11-21T08:55:44","slug":"de-oil","status":"publish","type":"page","link":"https:\/\/www.your-its.de\/website\/de-kompetenzen\/de-oil\/","title":{"rendered":"Oil"},"content":{"rendered":"<div id=\"pl-1316\"  class=\"panel-layout\" ><div id=\"pg-1316-0\"  class=\"panel-grid panel-no-style\" ><div id=\"pgc-1316-0-0\"  class=\"panel-grid-cell\" ><div id=\"panel-1316-0-0-0\" class=\"so-panel widget widget_sow-editor panel-first-child panel-last-child\" data-index=\"0\" ><div\n\t\t\t\n\t\t\tclass=\"so-widget-sow-editor so-widget-sow-editor-base\"\n\t\t\t\n\t\t><h3 class=\"widget-title\">Damit es auf der Tankstelle l\u00e4uft!<\/h3>\n<div class=\"siteorigin-widget-tinymce textwidget\">\n\t<p>Schon unser erster Gro\u00dfkunde war ein Mineral\u00f6lkonzern und seitdem sind wir durchgehend eng mit der Mineral\u00f6lbranche verbunden. Im Lauf der Jahre haben wir branchenspezifisches Know-how rund um die Tankstelle aufgebaut, das uns zu gefragten Spezialisten in der Branche macht. Unsere Mitarbeiter verf\u00fcgen \u00fcber<\/p>\n<ul>\n<li><a href=\"https:\/\/www.your-its.de\/website\/leistungen\/de-technologie\/\"><strong>technische Expertise<\/strong><\/a> (Forecourt-\/Tankstellentechnik, Sensorik, IFSF Spezifikationen, ...)<\/li>\n<li><strong><a href=\"https:\/\/www.your-its.de\/website\/leistungen\/consulting\/\">prozessuales Wissen<\/a><\/strong> (Tankstellenautomation, Maintenance &amp; Repair Prozesse, ...)<\/li>\n<li>Kenntnisse im Datenmanagement (Nassdaten, Schnittstellen, ...)<\/li>\n<\/ul>\n<p>Zu unseren Kunden geh\u00f6ren neben Mineral\u00f6lkonzernen auch Technologie-Lieferanten, die wir beispielsweise durch die Erstellung von Spezifikationen unterst\u00fctzen. Unser ganzheitlicher Blick auf die Tankstelle verbunden mit unserem end-to-end-Ansatz garantiert Ihnen erfolgreiche Projekte und uns zufriedene Kunden.<\/p>\n<\/div>\n<\/div><\/div><\/div><\/div><div id=\"pg-1316-1\"  class=\"panel-grid panel-no-style\" ><div id=\"pgc-1316-1-0\"  class=\"panel-grid-cell\" ><div id=\"panel-1316-1-0-0\" class=\"so-panel widget widget_sow-image panel-first-child\" data-index=\"1\" ><div\n\t\t\t\n\t\t\tclass=\"so-widget-sow-image so-widget-sow-image-default-8b5b6f678277-1316\"\n\t\t\t\n\t\t>\n<div class=\"sow-image-container\">\n\t\t\t<a href=\"https:\/\/www.your-its.de\/website\/de-kompetenzen\/de-oil\/de-preismelder\/\"\n\t\t\t\t\t>\n\t\t\t<img fetchpriority=\"high\" \n\tsrc=\"https:\/\/www.your-its.de\/website\/wp-content\/uploads\/2018\/03\/oil-500px.jpg\" width=\"1920\" height=\"500\" srcset=\"https:\/\/www.your-its.de\/website\/wp-content\/uploads\/2018\/03\/oil-500px.jpg 1920w, https:\/\/www.your-its.de\/website\/wp-content\/uploads\/2018\/03\/oil-500px-300x78.jpg 300w, https:\/\/www.your-its.de\/website\/wp-content\/uploads\/2018\/03\/oil-500px-768x200.jpg 768w, https:\/\/www.your-its.de\/website\/wp-content\/uploads\/2018\/03\/oil-500px-1024x267.jpg 1024w\" sizes=\"(max-width: 1920px) 100vw, 1920px\" alt=\"\" \t\tclass=\"so-widget-image\"\/>\n\t\t\t<\/a><\/div>\n\n<\/div><\/div><div id=\"panel-1316-1-0-1\" class=\"so-panel widget widget_sow-editor panel-last-child\" data-index=\"2\" ><div\n\t\t\t\n\t\t\tclass=\"so-widget-sow-editor so-widget-sow-editor-base\"\n\t\t\t\n\t\t><h3 class=\"widget-title\">Referenz: Preismelder<\/h3>\n<div class=\"siteorigin-widget-tinymce textwidget\">\n\t<div class=\"siteorigin-widget-tinymce textwidget\">\n<div id=\"panel-900-1-0-1\" class=\"so-panel widget widget_sow-editor panel-last-child\" data-index=\"2\">\n<div class=\"so-widget-sow-editor so-widget-sow-editor-base\">\n<div class=\"siteorigin-widget-tinymce textwidget\">\n<p><strong><a href=\"https:\/\/www.your-its.de\/website\/de-kompetenzen\/de-oil\/de-preismelder\/\">Lesen Sie hier<\/a><\/strong>, wie wir einen Mineral\u00f6lkonzern gem\u00e4\u00df den gesetzlichen Anforderungen an die Markttransparenzstelle f\u00fcr Kraftstoffe (kurz MTS-K) angebunden haben!<\/p>\n<\/div>\n<\/div>\n<\/div>\n<\/div>\n<\/div>\n<\/div><\/div><\/div><div id=\"pgc-1316-1-1\"  class=\"panel-grid-cell\" ><div id=\"panel-1316-1-1-0\" class=\"so-panel widget widget_sow-image panel-first-child\" data-index=\"3\" ><div\n\t\t\t\n\t\t\tclass=\"so-widget-sow-image so-widget-sow-image-default-8b5b6f678277-1316\"\n\t\t\t\n\t\t>\n<div class=\"sow-image-container\">\n\t\t\t<a href=\"https:\/\/www.your-its.de\/website\/de-kompetenzen\/de-oil\/de-forecourt-optimierung\/\"\n\t\t\t\t\t>\n\t\t\t<img fetchpriority=\"high\" \n\tsrc=\"https:\/\/www.your-its.de\/website\/wp-content\/uploads\/2018\/03\/oil-500px.jpg\" width=\"1920\" height=\"500\" srcset=\"https:\/\/www.your-its.de\/website\/wp-content\/uploads\/2018\/03\/oil-500px.jpg 1920w, https:\/\/www.your-its.de\/website\/wp-content\/uploads\/2018\/03\/oil-500px-300x78.jpg 300w, https:\/\/www.your-its.de\/website\/wp-content\/uploads\/2018\/03\/oil-500px-768x200.jpg 768w, https:\/\/www.your-its.de\/website\/wp-content\/uploads\/2018\/03\/oil-500px-1024x267.jpg 1024w\" sizes=\"(max-width: 1920px) 100vw, 1920px\" alt=\"\" \t\tclass=\"so-widget-image\"\/>\n\t\t\t<\/a><\/div>\n\n<\/div><\/div><div id=\"panel-1316-1-1-1\" class=\"so-panel widget widget_sow-editor panel-last-child\" data-index=\"4\" ><div\n\t\t\t\n\t\t\tclass=\"so-widget-sow-editor so-widget-sow-editor-base\"\n\t\t\t\n\t\t><h3 class=\"widget-title\">Referenz: Forecourt Optimierung<\/h3>\n<div class=\"siteorigin-widget-tinymce textwidget\">\n\t<div class=\"siteorigin-widget-tinymce textwidget\">\n<div id=\"panel-900-1-0-1\" class=\"so-panel widget widget_sow-editor panel-last-child\" data-index=\"2\">\n<div class=\"so-widget-sow-editor so-widget-sow-editor-base\">\n<div class=\"siteorigin-widget-tinymce textwidget\">\n<p><strong><a href=\"https:\/\/www.your-its.de\/website\/de-kompetenzen\/de-oil\/de-forecourt-optimierung\/\">Lesen Sie hier<\/a><\/strong>, wie wir die Produktbelegung von Zapfs\u00e4ulen und Tanks bei \u00fcber 1.000 Tankstellen optimiert haben!<\/p>\n<\/div>\n<\/div>\n<\/div>\n<\/div>\n<\/div>\n<\/div><\/div><\/div><\/div><div id=\"pg-1316-2\"  class=\"panel-grid panel-no-style\" ><div id=\"pgc-1316-2-0\"  class=\"panel-grid-cell panel-grid-cell-empty panel-grid-cell-mobile-last\" ><\/div><div id=\"pgc-1316-2-1\"  class=\"panel-grid-cell panel-grid-cell-empty\" ><\/div><\/div><\/div>","protected":false},"excerpt":{"rendered":"<p>Schon unser erster Gro\u00dfkunde war ein Mineral\u00f6lkonzern und seitdem sind wir durchgehend eng mit der Mineral\u00f6lbranche verbunden. Im Lauf der Jahre haben wir branchenspezifisches Know-how rund um die Tankstelle aufgebaut, das uns zu gefragten Spezialisten in der Branche macht. Unsere Mitarbeiter verf\u00fcgen \u00fcber technische Expertise (Forecourt-\/Tankstellentechnik, Sensorik, IFSF Spezifikationen, &#8230;) &hellip;<\/p>\n","protected":false},"author":1,"featured_media":1460,"parent":898,"menu_order":0,"comment_status":"closed","ping_status":"closed","template":"","meta":{"footnotes":""},"class_list":["post-1316","page","type-page","status-publish","has-post-thumbnail","hentry"],"yoast_head":"<!-- This site is optimized with the Yoast SEO plugin v27.5 - https:\/\/yoast.com\/product\/yoast-seo-wordpress\/ -->\n<title>Oil - ITS Consulting GmbH<\/title>\n<meta name=\"robots\" content=\"index, follow, max-snippet:-1, max-image-preview:large, max-video-preview:-1\" \/>\n<link rel=\"canonical\" href=\"https:\/\/www.your-its.de\/website\/de-kompetenzen\/de-oil\/\" \/>\n<meta property=\"og:locale\" content=\"de_DE\" \/>\n<meta property=\"og:type\" content=\"article\" \/>\n<meta property=\"og:title\" content=\"Oil - ITS Consulting GmbH\" \/>\n<meta property=\"og:description\" content=\"Schon unser erster Gro\u00dfkunde war ein Mineral\u00f6lkonzern und seitdem sind wir durchgehend eng mit der Mineral\u00f6lbranche verbunden. Im Lauf der Jahre haben wir branchenspezifisches Know-how rund um die Tankstelle aufgebaut, das uns zu gefragten Spezialisten in der Branche macht. Unsere Mitarbeiter verf\u00fcgen \u00fcber technische Expertise (Forecourt-\/Tankstellentechnik, Sensorik, IFSF Spezifikationen, ...) &hellip;\" \/>\n<meta property=\"og:url\" content=\"https:\/\/www.your-its.de\/website\/de-kompetenzen\/de-oil\/\" \/>\n<meta property=\"og:site_name\" content=\"ITS Consulting GmbH\" \/>\n<meta property=\"article:modified_time\" content=\"2022-11-21T08:55:44+00:00\" \/>\n<meta property=\"og:image\" content=\"https:\/\/www.your-its.de\/website\/wp-content\/uploads\/2018\/03\/oil-500px.jpg\" \/>\n\t<meta property=\"og:image:width\" content=\"1920\" \/>\n\t<meta property=\"og:image:height\" content=\"500\" \/>\n\t<meta property=\"og:image:type\" content=\"image\/jpeg\" \/>\n<meta name=\"twitter:card\" content=\"summary_large_image\" \/>\n<meta name=\"twitter:label1\" content=\"Gesch\u00e4tzte Lesezeit\" \/>\n\t<meta name=\"twitter:data1\" content=\"1\u00a0Minute\" \/>\n<script type=\"application\/ld+json\" class=\"yoast-schema-graph\">{\"@context\":\"https:\\\/\\\/schema.org\",\"@graph\":[{\"@type\":\"WebPage\",\"@id\":\"https:\\\/\\\/www.your-its.de\\\/website\\\/de-kompetenzen\\\/de-oil\\\/\",\"url\":\"https:\\\/\\\/www.your-its.de\\\/website\\\/de-kompetenzen\\\/de-oil\\\/\",\"name\":\"Oil - ITS Consulting GmbH\",\"isPartOf\":{\"@id\":\"https:\\\/\\\/www.your-its.de\\\/website\\\/#website\"},\"primaryImageOfPage\":{\"@id\":\"https:\\\/\\\/www.your-its.de\\\/website\\\/de-kompetenzen\\\/de-oil\\\/#primaryimage\"},\"image\":{\"@id\":\"https:\\\/\\\/www.your-its.de\\\/website\\\/de-kompetenzen\\\/de-oil\\\/#primaryimage\"},\"thumbnailUrl\":\"https:\\\/\\\/www.your-its.de\\\/website\\\/wp-content\\\/uploads\\\/2018\\\/03\\\/oil-500px.jpg\",\"datePublished\":\"2018-03-26T09:11:30+00:00\",\"dateModified\":\"2022-11-21T08:55:44+00:00\",\"breadcrumb\":{\"@id\":\"https:\\\/\\\/www.your-its.de\\\/website\\\/de-kompetenzen\\\/de-oil\\\/#breadcrumb\"},\"inLanguage\":\"de\",\"potentialAction\":[{\"@type\":\"ReadAction\",\"target\":[\"https:\\\/\\\/www.your-its.de\\\/website\\\/de-kompetenzen\\\/de-oil\\\/\"]}]},{\"@type\":\"ImageObject\",\"inLanguage\":\"de\",\"@id\":\"https:\\\/\\\/www.your-its.de\\\/website\\\/de-kompetenzen\\\/de-oil\\\/#primaryimage\",\"url\":\"https:\\\/\\\/www.your-its.de\\\/website\\\/wp-content\\\/uploads\\\/2018\\\/03\\\/oil-500px.jpg\",\"contentUrl\":\"https:\\\/\\\/www.your-its.de\\\/website\\\/wp-content\\\/uploads\\\/2018\\\/03\\\/oil-500px.jpg\",\"width\":1920,\"height\":500},{\"@type\":\"BreadcrumbList\",\"@id\":\"https:\\\/\\\/www.your-its.de\\\/website\\\/de-kompetenzen\\\/de-oil\\\/#breadcrumb\",\"itemListElement\":[{\"@type\":\"ListItem\",\"position\":1,\"name\":\"Startseite\",\"item\":\"https:\\\/\\\/www.your-its.de\\\/website\\\/\"},{\"@type\":\"ListItem\",\"position\":2,\"name\":\"Kompetenzen\",\"item\":\"https:\\\/\\\/www.your-its.de\\\/website\\\/de-kompetenzen\\\/\"},{\"@type\":\"ListItem\",\"position\":3,\"name\":\"Oil\"}]},{\"@type\":\"WebSite\",\"@id\":\"https:\\\/\\\/www.your-its.de\\\/website\\\/#website\",\"url\":\"https:\\\/\\\/www.your-its.de\\\/website\\\/\",\"name\":\"ITS Consulting GmbH\",\"description\":\"Qualit\u00e4t mit System\",\"publisher\":{\"@id\":\"https:\\\/\\\/www.your-its.de\\\/website\\\/#organization\"},\"potentialAction\":[{\"@type\":\"SearchAction\",\"target\":{\"@type\":\"EntryPoint\",\"urlTemplate\":\"https:\\\/\\\/www.your-its.de\\\/website\\\/?s={search_term_string}\"},\"query-input\":{\"@type\":\"PropertyValueSpecification\",\"valueRequired\":true,\"valueName\":\"search_term_string\"}}],\"inLanguage\":\"de\"},{\"@type\":\"Organization\",\"@id\":\"https:\\\/\\\/www.your-its.de\\\/website\\\/#organization\",\"name\":\"ITS Consulting GmbH\",\"url\":\"https:\\\/\\\/www.your-its.de\\\/website\\\/\",\"logo\":{\"@type\":\"ImageObject\",\"inLanguage\":\"de\",\"@id\":\"https:\\\/\\\/www.your-its.de\\\/website\\\/#\\\/schema\\\/logo\\\/image\\\/\",\"url\":\"https:\\\/\\\/www.your-its.de\\\/website\\\/wp-content\\\/uploads\\\/2017\\\/12\\\/logo.png\",\"contentUrl\":\"https:\\\/\\\/www.your-its.de\\\/website\\\/wp-content\\\/uploads\\\/2017\\\/12\\\/logo.png\",\"width\":350,\"height\":240,\"caption\":\"ITS Consulting GmbH\"},\"image\":{\"@id\":\"https:\\\/\\\/www.your-its.de\\\/website\\\/#\\\/schema\\\/logo\\\/image\\\/\"}}]}<\/script>\n<!-- \/ Yoast SEO plugin. -->","yoast_head_json":{"title":"Oil - ITS Consulting GmbH","robots":{"index":"index","follow":"follow","max-snippet":"max-snippet:-1","max-image-preview":"max-image-preview:large","max-video-preview":"max-video-preview:-1"},"canonical":"https:\/\/www.your-its.de\/website\/de-kompetenzen\/de-oil\/","og_locale":"de_DE","og_type":"article","og_title":"Oil - ITS Consulting GmbH","og_description":"Schon unser erster Gro\u00dfkunde war ein Mineral\u00f6lkonzern und seitdem sind wir durchgehend eng mit der Mineral\u00f6lbranche verbunden. Im Lauf der Jahre haben wir branchenspezifisches Know-how rund um die Tankstelle aufgebaut, das uns zu gefragten Spezialisten in der Branche macht. Unsere Mitarbeiter verf\u00fcgen \u00fcber technische Expertise (Forecourt-\/Tankstellentechnik, Sensorik, IFSF Spezifikationen, ...) &hellip;","og_url":"https:\/\/www.your-its.de\/website\/de-kompetenzen\/de-oil\/","og_site_name":"ITS Consulting GmbH","article_modified_time":"2022-11-21T08:55:44+00:00","og_image":[{"width":1920,"height":500,"url":"https:\/\/www.your-its.de\/website\/wp-content\/uploads\/2018\/03\/oil-500px.jpg","type":"image\/jpeg"}],"twitter_card":"summary_large_image","twitter_misc":{"Gesch\u00e4tzte Lesezeit":"1\u00a0Minute"},"schema":{"@context":"https:\/\/schema.org","@graph":[{"@type":"WebPage","@id":"https:\/\/www.your-its.de\/website\/de-kompetenzen\/de-oil\/","url":"https:\/\/www.your-its.de\/website\/de-kompetenzen\/de-oil\/","name":"Oil - ITS Consulting GmbH","isPartOf":{"@id":"https:\/\/www.your-its.de\/website\/#website"},"primaryImageOfPage":{"@id":"https:\/\/www.your-its.de\/website\/de-kompetenzen\/de-oil\/#primaryimage"},"image":{"@id":"https:\/\/www.your-its.de\/website\/de-kompetenzen\/de-oil\/#primaryimage"},"thumbnailUrl":"https:\/\/www.your-its.de\/website\/wp-content\/uploads\/2018\/03\/oil-500px.jpg","datePublished":"2018-03-26T09:11:30+00:00","dateModified":"2022-11-21T08:55:44+00:00","breadcrumb":{"@id":"https:\/\/www.your-its.de\/website\/de-kompetenzen\/de-oil\/#breadcrumb"},"inLanguage":"de","potentialAction":[{"@type":"ReadAction","target":["https:\/\/www.your-its.de\/website\/de-kompetenzen\/de-oil\/"]}]},{"@type":"ImageObject","inLanguage":"de","@id":"https:\/\/www.your-its.de\/website\/de-kompetenzen\/de-oil\/#primaryimage","url":"https:\/\/www.your-its.de\/website\/wp-content\/uploads\/2018\/03\/oil-500px.jpg","contentUrl":"https:\/\/www.your-its.de\/website\/wp-content\/uploads\/2018\/03\/oil-500px.jpg","width":1920,"height":500},{"@type":"BreadcrumbList","@id":"https:\/\/www.your-its.de\/website\/de-kompetenzen\/de-oil\/#breadcrumb","itemListElement":[{"@type":"ListItem","position":1,"name":"Startseite","item":"https:\/\/www.your-its.de\/website\/"},{"@type":"ListItem","position":2,"name":"Kompetenzen","item":"https:\/\/www.your-its.de\/website\/de-kompetenzen\/"},{"@type":"ListItem","position":3,"name":"Oil"}]},{"@type":"WebSite","@id":"https:\/\/www.your-its.de\/website\/#website","url":"https:\/\/www.your-its.de\/website\/","name":"ITS Consulting GmbH","description":"Qualit\u00e4t mit System","publisher":{"@id":"https:\/\/www.your-its.de\/website\/#organization"},"potentialAction":[{"@type":"SearchAction","target":{"@type":"EntryPoint","urlTemplate":"https:\/\/www.your-its.de\/website\/?s={search_term_string}"},"query-input":{"@type":"PropertyValueSpecification","valueRequired":true,"valueName":"search_term_string"}}],"inLanguage":"de"},{"@type":"Organization","@id":"https:\/\/www.your-its.de\/website\/#organization","name":"ITS Consulting GmbH","url":"https:\/\/www.your-its.de\/website\/","logo":{"@type":"ImageObject","inLanguage":"de","@id":"https:\/\/www.your-its.de\/website\/#\/schema\/logo\/image\/","url":"https:\/\/www.your-its.de\/website\/wp-content\/uploads\/2017\/12\/logo.png","contentUrl":"https:\/\/www.your-its.de\/website\/wp-content\/uploads\/2017\/12\/logo.png","width":350,"height":240,"caption":"ITS Consulting GmbH"},"image":{"@id":"https:\/\/www.your-its.de\/website\/#\/schema\/logo\/image\/"}}]}},"_links":{"self":[{"href":"https:\/\/www.your-its.de\/website\/wp-json\/wp\/v2\/pages\/1316","targetHints":{"allow":["GET"]}}],"collection":[{"href":"https:\/\/www.your-its.de\/website\/wp-json\/wp\/v2\/pages"}],"about":[{"href":"https:\/\/www.your-its.de\/website\/wp-json\/wp\/v2\/types\/page"}],"author":[{"embeddable":true,"href":"https:\/\/www.your-its.de\/website\/wp-json\/wp\/v2\/users\/1"}],"replies":[{"embeddable":true,"href":"https:\/\/www.your-its.de\/website\/wp-json\/wp\/v2\/comments?post=1316"}],"version-history":[{"count":47,"href":"https:\/\/www.your-its.de\/website\/wp-json\/wp\/v2\/pages\/1316\/revisions"}],"predecessor-version":[{"id":2032,"href":"https:\/\/www.your-its.de\/website\/wp-json\/wp\/v2\/pages\/1316\/revisions\/2032"}],"up":[{"embeddable":true,"href":"https:\/\/www.your-its.de\/website\/wp-json\/wp\/v2\/pages\/898"}],"wp:featuredmedia":[{"embeddable":true,"href":"https:\/\/www.your-its.de\/website\/wp-json\/wp\/v2\/media\/1460"}],"wp:attachment":[{"href":"https:\/\/www.your-its.de\/website\/wp-json\/wp\/v2\/media?parent=1316"}],"curies":[{"name":"wp","href":"https:\/\/api.w.org\/{rel}","templated":true}]}}